{"id":154,"date":"2018-12-28T19:32:40","date_gmt":"2018-12-28T19:32:40","guid":{"rendered":"https:\/\/bibliotecavigil.com.ar\/?page_id=154"},"modified":"2018-12-28T19:32:40","modified_gmt":"2018-12-28T19:32:40","slug":"medios-de-pago","status":"publish","type":"page","link":"https:\/\/bibliotecavigil.org.ar\/inicio\/medios-de-pago\/","title":{"rendered":"Medios de Pago"},"content":{"rendered":"\n[et_pb_section fb_built=\u00bb1&#8243; _builder_version=\u00bb3.19.1&#8243; custom_padding=\u00bb5px|0px|54px|0px|false|false\u00bb][et_pb_row custom_padding=\u00bb4px|0px|27px|0px|false|false\u00bb _builder_version=\u00bb3.19.1&#8243;][et_pb_column type=\u00bb3_5&#8243; _builder_version=\u00bb3.19.1&#8243;][et_pb_text _builder_version=\u00bb3.19.17&#8243; custom_margin=\u00bb14px||-1px\u00bb]<ul>\n<li><strong>Presencial:<\/strong><\/li>\n<\/ul>\n<p><strong>Sede Social de la ciudad de Rosario<\/strong> de calle Gaboto 450 de lunes a viernes de 14 a 20 hs. y s\u00e1bados de 11 a 13 hs. Para efectuar <strong>pagos en efectivo, con tarjetas de cr\u00e9dito o d\u00e9bito <\/strong>(admitidas por Mercado Pago).<\/p>\n<ul>\n<li><strong>Santa Fe Servicios<\/strong>: todos sus puestos de atenci\u00f3n al p\u00fablico.y<\/li>\n<li>El operador de Santa Fe Servicios, en primer lugar, deber\u00e1 seleccionar el Rubro: \u201cOtras\u201d, luego la Empresa: \u201cBiblioteca Vigil\u201d en su sistema.<\/li>\n<li>A continuaci\u00f3n, en el campo \u201cIdentificaci\u00f3n\u201d deber\u00e1 leer o escribir el c\u00f3digo de barras suministrado por nuestra entidad.<\/li>\n<\/ul>\n<p><strong>Medios electr\u00f3nicos:<\/strong><\/p>\n<p><strong>\u00a0<\/strong><strong>Red Link: <\/strong>home banking o cajeros autom\u00e1ticos<\/p>\n<ul>\n<li>Ingresar a \u201cPagos\u201d o \u201cPagos Link\u201d o similar.<\/li>\n<li>Ingresar a \u201cAdherir nueva empresa\u201d o \u201cNueva Adhesi\u00f3n de Servicio\u201d o similar.<\/li>\n<li>Seleccionar Rubro \u201cAsociaciones y Clubes\u201d<\/li>\n<li>Seleccionar \u201cBiblioteca Popular Vigil\u201d<\/li>\n<li>En Usuario o C\u00f3digo de Identificaci\u00f3n: ingresar el c\u00f3digo de Usuario Link suministrado por nuestra entidad.<\/li>\n<\/ul>\n<p>*** Tenga en cuenta que seg\u00fan cada banco pueden cambiar las pantallas y orden.<\/p>\n<p><strong>Red Banelco<\/strong>: home banking o cajeros autom\u00e1ticos<\/p>\n<ul>\n<li>Ingresar a \u201cServicios de Pagos\u201d<\/li>\n<li>Ingresar a \u201cPagoMisCuentas\u201d<\/li>\n<li>Ingresar por primera vez a \u201c\u00bfQu\u00e9 quer\u00e9s pagar?\u201d<\/li>\n<li>Seleccionar Rubro \u201cClubes y Asociaciones\u201d<\/li>\n<li>Seleccionar Empresa \u201cBiblioteca C Vigil\u201d<\/li>\n<li>Tildar en \u201cAcciones\u201d<\/li>\n<li>Ingresar la Clave de Pago suministrada por nuestra entidad.<\/li>\n<li><\/li>\n<\/ul>\n[\/et_pb_text][\/et_pb_column][et_pb_column type=\u00bb2_5&#8243; _builder_version=\u00bb3.19.1&#8243;][et_pb_button button_text=\u00bbVolver\u00bb _builder_version=\u00bb3.19.17&#8243; button_url=\u00bbhttps:\/\/bibliotecavigil.com.ar\/rifa-vigil\u00bb button_alignment=\u00bbright\u00bb custom_margin=\u00bb|||\u00bb][\/et_pb_button][et_pb_image src=\u00bbhttps:\/\/bibliotecavigil.com.ar\/wp-content\/uploads\/2018\/12\/medios-de-pago.png\u00bb _builder_version=\u00bb3.19.17&#8243; box_shadow_style=\u00bbpreset2&#8243; custom_margin=\u00bb||0px\u00bb custom_padding=\u00bb0px||4px\u00bb][\/et_pb_image][\/et_pb_column][\/et_pb_row][et_pb_row _builder_version=\u00bb3.19.17&#8243;][et_pb_column type=\u00bb4_4&#8243; _builder_version=\u00bb3.19.17&#8243;][\/et_pb_column][\/et_pb_row][\/et_pb_section]\n","protected":false},"excerpt":{"rendered":"<p>Presencial: Sede Social de la ciudad de Rosario de calle Gaboto 450 de lunes a viernes de 14 a 20 hs. y s\u00e1bados de 11 a 13 hs. Para efectuar pagos en efectivo, con tarjetas de cr\u00e9dito o d\u00e9bito (admitidas por Mercado Pago). Santa Fe Servicios: todos sus puestos de atenci\u00f3n al p\u00fablico.y El operador [&hellip;]<\/p>\n","protected":false},"author":2,"featured_media":0,"parent":0,"menu_order":0,"comment_status":"closed","ping_status":"closed","template":"","meta":{"_et_pb_use_builder":"on","_et_pb_old_content":"","_et_gb_content_width":"","footnotes":""},"class_list":["post-154","page","type-page","status-publish","hentry"],"yoast_head":"<!-- This site is optimized with the Yoast SEO plugin v27.3 - https:\/\/yoast.com\/product\/yoast-seo-wordpress\/ -->\n<title>Medios de Pago - Biblioteca Vigil<\/title>\n<meta name=\"description\" content=\"Sede Social de la ciudad de Rosario de calle Gaboto 450 de lunes a viernes de 14 a 20 hs. y s\u00e1bados de 11 a 13 hs. Para efectuar pagos en efectivo, con tarjetas de cr\u00e9dito o d\u00e9bito (admitidas por Mercado Pago).\" \/>\n<meta name=\"robots\" content=\"index, follow, max-snippet:-1, max-image-preview:large, max-video-preview:-1\" \/>\n<link rel=\"canonical\" href=\"https:\/\/bibliotecavigil.org.ar\/inicio\/medios-de-pago\/\" \/>\n<meta property=\"og:locale\" content=\"es_ES\" \/>\n<meta property=\"og:type\" content=\"article\" \/>\n<meta property=\"og:title\" content=\"Medios de Pago - Biblioteca Vigil\" \/>\n<meta property=\"og:description\" content=\"Sede Social de la ciudad de Rosario de calle Gaboto 450 de lunes a viernes de 14 a 20 hs. y s\u00e1bados de 11 a 13 hs. Para efectuar pagos en efectivo, con tarjetas de cr\u00e9dito o d\u00e9bito (admitidas por Mercado Pago).\" \/>\n<meta property=\"og:url\" content=\"https:\/\/bibliotecavigil.org.ar\/inicio\/medios-de-pago\/\" \/>\n<meta property=\"og:site_name\" content=\"Biblioteca Vigil\" \/>\n<meta name=\"twitter:card\" content=\"summary_large_image\" \/>\n<meta name=\"twitter:label1\" content=\"Tiempo de lectura\" \/>\n\t<meta name=\"twitter:data1\" content=\"2 minutos\" \/>\n<script type=\"application\/ld+json\" class=\"yoast-schema-graph\">{\"@context\":\"https:\\\/\\\/schema.org\",\"@graph\":[{\"@type\":\"WebPage\",\"@id\":\"https:\\\/\\\/bibliotecavigil.org.ar\\\/inicio\\\/medios-de-pago\\\/\",\"url\":\"https:\\\/\\\/bibliotecavigil.org.ar\\\/inicio\\\/medios-de-pago\\\/\",\"name\":\"Medios de Pago - Biblioteca Vigil\",\"isPartOf\":{\"@id\":\"https:\\\/\\\/bibliotecavigil.org.ar\\\/inicio\\\/#website\"},\"datePublished\":\"2018-12-28T19:32:40+00:00\",\"description\":\"Sede Social de la ciudad de Rosario de calle Gaboto 450 de lunes a viernes de 14 a 20 hs. y s\u00e1bados de 11 a 13 hs. Para efectuar pagos en efectivo, con tarjetas de cr\u00e9dito o d\u00e9bito (admitidas por Mercado Pago).\",\"breadcrumb\":{\"@id\":\"https:\\\/\\\/bibliotecavigil.org.ar\\\/inicio\\\/medios-de-pago\\\/#breadcrumb\"},\"inLanguage\":\"es\",\"potentialAction\":[{\"@type\":\"ReadAction\",\"target\":[\"https:\\\/\\\/bibliotecavigil.org.ar\\\/inicio\\\/medios-de-pago\\\/\"]}]},{\"@type\":\"BreadcrumbList\",\"@id\":\"https:\\\/\\\/bibliotecavigil.org.ar\\\/inicio\\\/medios-de-pago\\\/#breadcrumb\",\"itemListElement\":[{\"@type\":\"ListItem\",\"position\":1,\"name\":\"Portada\",\"item\":\"https:\\\/\\\/bibliotecavigil.org.ar\\\/inicio\\\/\"},{\"@type\":\"ListItem\",\"position\":2,\"name\":\"Medios de Pago\"}]},{\"@type\":\"WebSite\",\"@id\":\"https:\\\/\\\/bibliotecavigil.org.ar\\\/inicio\\\/#website\",\"url\":\"https:\\\/\\\/bibliotecavigil.org.ar\\\/inicio\\\/\",\"name\":\"Biblioteca Vigil\",\"description\":\"Biblioteca Popular C C Vigil\",\"publisher\":{\"@id\":\"https:\\\/\\\/bibliotecavigil.org.ar\\\/inicio\\\/#organization\"},\"potentialAction\":[{\"@type\":\"SearchAction\",\"target\":{\"@type\":\"EntryPoint\",\"urlTemplate\":\"https:\\\/\\\/bibliotecavigil.org.ar\\\/inicio\\\/?s={search_term_string}\"},\"query-input\":{\"@type\":\"PropertyValueSpecification\",\"valueRequired\":true,\"valueName\":\"search_term_string\"}}],\"inLanguage\":\"es\"},{\"@type\":\"Organization\",\"@id\":\"https:\\\/\\\/bibliotecavigil.org.ar\\\/inicio\\\/#organization\",\"name\":\"Biblioteca Popular C.C.Vigil\",\"url\":\"https:\\\/\\\/bibliotecavigil.org.ar\\\/inicio\\\/\",\"logo\":{\"@type\":\"ImageObject\",\"inLanguage\":\"es\",\"@id\":\"https:\\\/\\\/bibliotecavigil.org.ar\\\/inicio\\\/#\\\/schema\\\/logo\\\/image\\\/\",\"url\":\"https:\\\/\\\/bibliotecavigil.org.ar\\\/inicio\\\/wp-content\\\/uploads\\\/2023\\\/06\\\/Logo-sin-texto-gif.gif\",\"contentUrl\":\"https:\\\/\\\/bibliotecavigil.org.ar\\\/inicio\\\/wp-content\\\/uploads\\\/2023\\\/06\\\/Logo-sin-texto-gif.gif\",\"width\":1487,\"height\":1604,\"caption\":\"Biblioteca Popular C.C.Vigil\"},\"image\":{\"@id\":\"https:\\\/\\\/bibliotecavigil.org.ar\\\/inicio\\\/#\\\/schema\\\/logo\\\/image\\\/\"}}]}<\/script>\n<!-- \/ Yoast SEO plugin. -->","yoast_head_json":{"title":"Medios de Pago - Biblioteca Vigil","description":"Sede Social de la ciudad de Rosario de calle Gaboto 450 de lunes a viernes de 14 a 20 hs. y s\u00e1bados de 11 a 13 hs. Para efectuar pagos en efectivo, con tarjetas de cr\u00e9dito o d\u00e9bito (admitidas por Mercado Pago).","robots":{"index":"index","follow":"follow","max-snippet":"max-snippet:-1","max-image-preview":"max-image-preview:large","max-video-preview":"max-video-preview:-1"},"canonical":"https:\/\/bibliotecavigil.org.ar\/inicio\/medios-de-pago\/","og_locale":"es_ES","og_type":"article","og_title":"Medios de Pago - Biblioteca Vigil","og_description":"Sede Social de la ciudad de Rosario de calle Gaboto 450 de lunes a viernes de 14 a 20 hs. y s\u00e1bados de 11 a 13 hs. Para efectuar pagos en efectivo, con tarjetas de cr\u00e9dito o d\u00e9bito (admitidas por Mercado Pago).","og_url":"https:\/\/bibliotecavigil.org.ar\/inicio\/medios-de-pago\/","og_site_name":"Biblioteca Vigil","twitter_card":"summary_large_image","twitter_misc":{"Tiempo de lectura":"2 minutos"},"schema":{"@context":"https:\/\/schema.org","@graph":[{"@type":"WebPage","@id":"https:\/\/bibliotecavigil.org.ar\/inicio\/medios-de-pago\/","url":"https:\/\/bibliotecavigil.org.ar\/inicio\/medios-de-pago\/","name":"Medios de Pago - Biblioteca Vigil","isPartOf":{"@id":"https:\/\/bibliotecavigil.org.ar\/inicio\/#website"},"datePublished":"2018-12-28T19:32:40+00:00","description":"Sede Social de la ciudad de Rosario de calle Gaboto 450 de lunes a viernes de 14 a 20 hs. y s\u00e1bados de 11 a 13 hs. Para efectuar pagos en efectivo, con tarjetas de cr\u00e9dito o d\u00e9bito (admitidas por Mercado Pago).","breadcrumb":{"@id":"https:\/\/bibliotecavigil.org.ar\/inicio\/medios-de-pago\/#breadcrumb"},"inLanguage":"es","potentialAction":[{"@type":"ReadAction","target":["https:\/\/bibliotecavigil.org.ar\/inicio\/medios-de-pago\/"]}]},{"@type":"BreadcrumbList","@id":"https:\/\/bibliotecavigil.org.ar\/inicio\/medios-de-pago\/#breadcrumb","itemListElement":[{"@type":"ListItem","position":1,"name":"Portada","item":"https:\/\/bibliotecavigil.org.ar\/inicio\/"},{"@type":"ListItem","position":2,"name":"Medios de Pago"}]},{"@type":"WebSite","@id":"https:\/\/bibliotecavigil.org.ar\/inicio\/#website","url":"https:\/\/bibliotecavigil.org.ar\/inicio\/","name":"Biblioteca Vigil","description":"Biblioteca Popular C C Vigil","publisher":{"@id":"https:\/\/bibliotecavigil.org.ar\/inicio\/#organization"},"potentialAction":[{"@type":"SearchAction","target":{"@type":"EntryPoint","urlTemplate":"https:\/\/bibliotecavigil.org.ar\/inicio\/?s={search_term_string}"},"query-input":{"@type":"PropertyValueSpecification","valueRequired":true,"valueName":"search_term_string"}}],"inLanguage":"es"},{"@type":"Organization","@id":"https:\/\/bibliotecavigil.org.ar\/inicio\/#organization","name":"Biblioteca Popular C.C.Vigil","url":"https:\/\/bibliotecavigil.org.ar\/inicio\/","logo":{"@type":"ImageObject","inLanguage":"es","@id":"https:\/\/bibliotecavigil.org.ar\/inicio\/#\/schema\/logo\/image\/","url":"https:\/\/bibliotecavigil.org.ar\/inicio\/wp-content\/uploads\/2023\/06\/Logo-sin-texto-gif.gif","contentUrl":"https:\/\/bibliotecavigil.org.ar\/inicio\/wp-content\/uploads\/2023\/06\/Logo-sin-texto-gif.gif","width":1487,"height":1604,"caption":"Biblioteca Popular C.C.Vigil"},"image":{"@id":"https:\/\/bibliotecavigil.org.ar\/inicio\/#\/schema\/logo\/image\/"}}]}},"_links":{"self":[{"href":"https:\/\/bibliotecavigil.org.ar\/inicio\/wp-json\/wp\/v2\/pages\/154","targetHints":{"allow":["GET"]}}],"collection":[{"href":"https:\/\/bibliotecavigil.org.ar\/inicio\/wp-json\/wp\/v2\/pages"}],"about":[{"href":"https:\/\/bibliotecavigil.org.ar\/inicio\/wp-json\/wp\/v2\/types\/page"}],"author":[{"embeddable":true,"href":"https:\/\/bibliotecavigil.org.ar\/inicio\/wp-json\/wp\/v2\/users\/2"}],"replies":[{"embeddable":true,"href":"https:\/\/bibliotecavigil.org.ar\/inicio\/wp-json\/wp\/v2\/comments?post=154"}],"version-history":[{"count":0,"href":"https:\/\/bibliotecavigil.org.ar\/inicio\/wp-json\/wp\/v2\/pages\/154\/revisions"}],"wp:attachment":[{"href":"https:\/\/bibliotecavigil.org.ar\/inicio\/wp-json\/wp\/v2\/media?parent=154"}],"curies":[{"name":"wp","href":"https:\/\/api.w.org\/{rel}","templated":true}]}}