{"id":1644,"date":"2020-01-24T17:00:00","date_gmt":"2020-01-24T17:00:00","guid":{"rendered":"https:\/\/bibliotecavigil.com.ar\/?page_id=1644"},"modified":"2021-03-25T23:13:54","modified_gmt":"2021-03-25T23:13:54","slug":"archivos","status":"publish","type":"page","link":"https:\/\/bibliotecavigil.org.ar\/inicio\/archivos\/","title":{"rendered":"Archivos"},"content":{"rendered":"<p>[et_pb_section fb_built=\u00bb1&#8243; fullwidth=\u00bbon\u00bb _builder_version=\u00bb4.5.6&#8243; border_color_all=\u00bbrgba(0,0,0,0)\u00bb][et_pb_fullwidth_slider module_class=\u00bbdesliza_ato\u00bb _builder_version=\u00bb4.7.4&#8243; header_font=\u00bbnotosansbold||||||||\u00bb background_color=\u00bb#ffffff\u00bb module_alignment=\u00bbcenter\u00bb content_width_tablet=\u00bb\u00bb content_width_phone=\u00bb80px\u00bb content_width_last_edited=\u00bbon|phone\u00bb content_max_width=\u00bb1920px\u00bb min_height_tablet=\u00bb\u00bb min_height_phone=\u00bb116px\u00bb min_height_last_edited=\u00bbon|phone\u00bb height_tablet=\u00bb\u00bb height_phone=\u00bb261px\u00bb height_last_edited=\u00bbon|phone\u00bb max_height_tablet=\u00bb\u00bb max_height_phone=\u00bb\u00bb max_height_last_edited=\u00bbon|phone\u00bb custom_margin=\u00bb||-6px|||\u00bb custom_padding=\u00bb||0px|||\u00bb auto=\u00bbon\u00bb auto_speed=\u00bb3000&#8243; auto_ignore_hover=\u00bbon\u00bb][et_pb_slide button_text=\u00bb \u00bb admin_title=\u00bbfoto1&#8243; _builder_version=\u00bb4.6.5&#8243; header_font=\u00bbnotosansbold||||||||\u00bb header_text_align=\u00bbcenter\u00bb header_font_size=\u00bb60px\u00bb header_letter_spacing=\u00bb6px\u00bb background_image=\u00bbhttps:\/\/bibliotecavigil.org.ar\/inicio\/wp-content\/uploads\/2020\/10\/a-tamano-ARCHIVO-.jpg\u00bb background_enable_image=\u00bbon\u00bb custom_button=\u00bbon\u00bb button_text_color=\u00bbrgba(0,0,0,0)\u00bb button_bg_color=\u00bbrgba(0,0,0,0)\u00bb button_border_color=\u00bbrgba(0,0,0,0)\u00bb button_icon_color=\u00bbrgba(0,0,0,0)\u00bb button_alignment=\u00bbcenter\u00bb sticky_transition=\u00bbon\u00bb][\/et_pb_slide][\/et_pb_fullwidth_slider][\/et_pb_section][et_pb_section fb_built=\u00bb1&#8243; admin_label=\u00bbsection\u00bb _builder_version=\u00bb3.22&#8243; custom_padding=\u00bb0px||0px|||\u00bb][et_pb_row column_structure=\u00bb3_4,1_4&#8243; module_id=\u00bbreveal\u00bb _builder_version=\u00bb4.4.7&#8243; min_height=\u00bb866px\u00bb custom_padding=\u00bb||0px|3px||\u00bb][et_pb_column type=\u00bb3_4&#8243; _builder_version=\u00bb4.4.7&#8243;][et_pb_text _builder_version=\u00bb4.6.6&#8243; custom_margin=\u00bb42px||3px|||\u00bb]<\/p>\n<p><strong>El Archivo Hist\u00f3rico de la Vigil<\/strong><\/p>\n<p style=\"text-align: justify;\">La idea comenz\u00f3 a gestarse en el a\u00f1o 2013, en ocasi\u00f3n del inicio de las tareas de recuperaci\u00f3n de los edificios de la instituci\u00f3n, cuando las socias Mar\u00eda Jos\u00e9 Vanni (T\u00e9cnica Archivera) y Natalia Garc\u00eda (Doctora en Ciencias de la Educaci\u00f3n), presentaron un proyecto para su creaci\u00f3n y organizaci\u00f3n, el que fuera aprobado por la Comisi\u00f3n Directiva.<\/p>\n<p style=\"text-align: justify;\">Los objetivos de este proyecto son:<br \/> I \u2013 Organizar el Archivo hist\u00f3rico de la Biblioteca Vigil buscando visualizar los principios de procedencia y orden original de los documentos recuperados, en simult\u00e1neo con los generados en la nueva gesti\u00f3n institucional.<br \/> II \u2013 Explicar interdisciplinariamente y con las particularidades hist\u00f3ricas regionales e institucionales, las lagunas documentales para emprender la b\u00fasqueda de acervos dispersos o huellas en otros conjuntos documentales a partir de la violenta interrupci\u00f3n institucional de 1977.<br \/> III \u2013 Describir los documentos, teniendo en cuenta la normas archiv\u00edsticas vigentes en la materia y aconsejando la aplicaci\u00f3n de sistemas de gesti\u00f3n documental espec\u00edficos. La incorporaci\u00f3n de recursos ir\u00e1 en virtud del incremento paulatino del volumen documental y con ello los procedimientos de conservaci\u00f3n preventiva para propiciar simult\u00e1neamente las consultas de usuarios: asociadxs, estudiantes, investigadores de diversos campos disciplinares, periodistas, etc.<\/p>\n<p style=\"text-align: justify;\">A partir de ese momento, con la participaci\u00f3n de integrantes del Servicio Bibliotecario y colaboradores hemos avanzado en las tareas de recopilaci\u00f3n, sistematizaci\u00f3n y conservaci\u00f3n de material documental y testimonial para el cumplimiento de los objetivos del proyecto. Participamos en instancias de capacitaci\u00f3n y recibimos asesoramiento profesional permanente.<\/p>\n<p style=\"text-align: justify;\">Actualmente el Archivo est\u00e1 conformado por una diversidad de documentos: planos, mapas, fotograf\u00edas, diapositivas, documentos en papel, legajos, volantes, afiches, libros de actas, etc. Si bien estos documentos ocupan un volumen considerable, son pocos en comparaci\u00f3n a lo que se presume ser\u00eda el acervo completo, teniendo en cuenta la envergadura de la instituci\u00f3n. Sabiendo que es mucho lo que se ha perdido a lo largo de los a\u00f1os, creemos en la necesidad de visibilizar las lagunas como muestra del genocidio cultural contra la instituci\u00f3n y en la reconstrucci\u00f3n comunitaria del patrimonio documental. Por ello recibimos donaciones de material para incorporar al Archivo e invitamos para que se comuniquen o se acerquen a la biblioteca para concretar una donaci\u00f3n o la realizaci\u00f3n de una copia si lo anterior no fuera posible.<\/p>\n<p style=\"text-align: justify;\">Aspiramos tambi\u00e9n a la construcci\u00f3n de un archivo oral, que incluir\u00e1 testimonios de la experiencia institucional elaborados por v\u00eda de entrevistas realizadas a ex dirigentes, alumnxs, docentes, artistas, profesionales, vecinxs y asociadxs en general.<\/p>\n<p style=\"text-align: justify;\">Si bien el Archivo se encuentra en una etapa de organizaci\u00f3n de los documentos para implementar luego medidas de conservaci\u00f3n y posteriormente permitir su acceso, ofrecemos la posibilidad de consultar el material: los interesados deben contactarse con el Servicio Bibliotecario.<\/p>\n<p style=\"text-align: justify;\"><strong>\u00a0<\/strong><\/p>\n<p style=\"text-align: justify;\"><strong>\u00a0<\/strong><\/p>\n<p style=\"text-align: justify;\"><strong>\u00a0<\/strong><\/p>\n<p>[\/et_pb_text][\/et_pb_column][et_pb_column type=\u00bb1_4&#8243; _builder_version=\u00bb4.4.7&#8243;][et_pb_image src=\u00bbhttps:\/\/bibliotecavigil.org.ar\/inicio\/wp-content\/uploads\/2020\/06\/boton-archivo-2.jpg\u00bb title_text=\u00bbboton-archivo-2&#8243; url=\u00bbhttps:\/\/bibliotecavigil.org.ar\/inicio\/institucional\/\u00bb _builder_version=\u00bb4.7.4&#8243; custom_margin=\u00bb57px|||||\u00bb][\/et_pb_image][et_pb_image src=\u00bbhttps:\/\/bibliotecavigil.org.ar\/inicio\/wp-content\/uploads\/2020\/06\/boton-archivo.jpg\u00bb title_text=\u00bbboton-archivo\u00bb _builder_version=\u00bb4.4.8&#8243;][\/et_pb_image][et_pb_text _builder_version=\u00bb4.9.2&#8243; background_color=\u00bb#e4e4e4&#8243; custom_margin=\u00bb8px||-61px||false|false\u00bb custom_padding=\u00bb4px||14px|3px|false|false\u00bb hover_enabled=\u00bb0&#8243; sticky_enabled=\u00bb0&#8243;]<\/p>\n<p><a href=\"https:\/\/bibliotecavigil.org.ar\/inicio\/wp-content\/uploads\/2020\/12\/horarios-talleres-1.jpg\"><img decoding=\"async\" data-src=\"https:\/\/bibliotecavigil.org.ar\/inicio\/wp-content\/uploads\/2020\/12\/horarios-talleres-1-300x159.jpg\" width=\"300\" height=\"159\" alt=\"\" class=\"wp-image-28871 alignnone size-medium lazyload\" src=\"data:image\/svg+xml;base64,PHN2ZyB3aWR0aD0iMSIgaGVpZ2h0PSIxIiB4bWxucz0iaHR0cDovL3d3dy53My5vcmcvMjAwMC9zdmciPjwvc3ZnPg==\" style=\"--smush-placeholder-width: 300px; --smush-placeholder-aspect-ratio: 300\/159;\" \/><\/a><\/p>\n<p>&nbsp;<\/p>\n<p>[\/et_pb_text][et_pb_button button_url=\u00bbhttps:\/bibliotecavigil.org.ar\/inicio\/contactogral\/\u00bb url_new_window=\u00bbon\u00bb button_text=\u00bbEnviar Mail\u00bb button_alignment=\u00bbcenter\u00bb _builder_version=\u00bb4.6.6&#8243; custom_button=\u00bbon\u00bb button_text_size=\u00bb16px\u00bb button_text_color=\u00bb#000000&#8243; button_use_icon=\u00bboff\u00bb custom_margin=\u00bb|4px||0px|false|false\u00bb custom_padding=\u00bb|||16px||\u00bb][\/et_pb_button][et_pb_blurb image=\u00bbhttps:\/\/bibliotecavigil.org.ar\/inicio\/wp-content\/uploads\/2020\/06\/lavigil-entre-todxs.jpg\u00bb _builder_version=\u00bb4.6.6&#8243; custom_margin=\u00bb71px|||||\u00bb link_option_url=\u00bbhttps:\/\/bibliotecavigil.org.ar\/inicio\/donaciones\/\u00bb][\/et_pb_blurb][\/et_pb_column][\/et_pb_row][\/et_pb_section]<\/p>\n","protected":false},"excerpt":{"rendered":"<p>El Archivo Hist\u00f3rico de la Vigil La idea comenz\u00f3 a gestarse en el a\u00f1o 2013, en ocasi\u00f3n del inicio de las tareas de recuperaci\u00f3n de los edificios de la instituci\u00f3n, cuando las socias Mar\u00eda Jos\u00e9 Vanni (T\u00e9cnica Archivera) y Natalia Garc\u00eda (Doctora en Ciencias de la Educaci\u00f3n), presentaron un proyecto para su creaci\u00f3n y organizaci\u00f3n, [&hellip;]<\/p>\n","protected":false},"author":2,"featured_media":0,"parent":0,"menu_order":0,"comment_status":"closed","ping_status":"closed","template":"","meta":{"_et_pb_use_builder":"on","_et_pb_old_content":"<!-- wp:divi\/placeholder \/-->","_et_gb_content_width":"","footnotes":""},"class_list":["post-1644","page","type-page","status-publish","hentry"],"yoast_head":"<!-- This site is optimized with the Yoast SEO plugin v27.5 - https:\/\/yoast.com\/product\/yoast-seo-wordpress\/ -->\n<title>Archivos - Biblioteca Vigil<\/title>\n<meta name=\"robots\" content=\"index, follow, max-snippet:-1, max-image-preview:large, max-video-preview:-1\" \/>\n<link rel=\"canonical\" href=\"https:\/\/bibliotecavigil.org.ar\/inicio\/archivos\/\" \/>\n<meta property=\"og:locale\" content=\"es_ES\" \/>\n<meta property=\"og:type\" content=\"article\" \/>\n<meta property=\"og:title\" content=\"Archivos - Biblioteca Vigil\" \/>\n<meta property=\"og:description\" content=\"El Archivo Hist\u00f3rico de la Vigil La idea comenz\u00f3 a gestarse en el a\u00f1o 2013, en ocasi\u00f3n del inicio de las tareas de recuperaci\u00f3n de los edificios de la instituci\u00f3n, cuando las socias Mar\u00eda Jos\u00e9 Vanni (T\u00e9cnica Archivera) y Natalia Garc\u00eda (Doctora en Ciencias de la Educaci\u00f3n), presentaron un proyecto para su creaci\u00f3n y organizaci\u00f3n, [&hellip;]\" \/>\n<meta property=\"og:url\" content=\"https:\/\/bibliotecavigil.org.ar\/inicio\/archivos\/\" \/>\n<meta property=\"og:site_name\" content=\"Biblioteca Vigil\" \/>\n<meta property=\"article:modified_time\" content=\"2021-03-25T23:13:54+00:00\" \/>\n<meta property=\"og:image\" content=\"https:\/\/bibliotecavigil.org.ar\/inicio\/wp-content\/uploads\/2020\/12\/horarios-talleres-1-300x159.jpg\" \/>\n<meta name=\"twitter:card\" content=\"summary_large_image\" \/>\n<meta name=\"twitter:label1\" content=\"Tiempo de lectura\" \/>\n\t<meta name=\"twitter:data1\" content=\"4 minutos\" \/>\n<script type=\"application\/ld+json\" class=\"yoast-schema-graph\">{\"@context\":\"https:\\\/\\\/schema.org\",\"@graph\":[{\"@type\":\"WebPage\",\"@id\":\"https:\\\/\\\/bibliotecavigil.org.ar\\\/inicio\\\/archivos\\\/\",\"url\":\"https:\\\/\\\/bibliotecavigil.org.ar\\\/inicio\\\/archivos\\\/\",\"name\":\"Archivos - Biblioteca Vigil\",\"isPartOf\":{\"@id\":\"https:\\\/\\\/bibliotecavigil.org.ar\\\/inicio\\\/#website\"},\"primaryImageOfPage\":{\"@id\":\"https:\\\/\\\/bibliotecavigil.org.ar\\\/inicio\\\/archivos\\\/#primaryimage\"},\"image\":{\"@id\":\"https:\\\/\\\/bibliotecavigil.org.ar\\\/inicio\\\/archivos\\\/#primaryimage\"},\"thumbnailUrl\":\"https:\\\/\\\/bibliotecavigil.org.ar\\\/inicio\\\/wp-content\\\/uploads\\\/2020\\\/12\\\/horarios-talleres-1-300x159.jpg\",\"datePublished\":\"2020-01-24T17:00:00+00:00\",\"dateModified\":\"2021-03-25T23:13:54+00:00\",\"breadcrumb\":{\"@id\":\"https:\\\/\\\/bibliotecavigil.org.ar\\\/inicio\\\/archivos\\\/#breadcrumb\"},\"inLanguage\":\"es\",\"potentialAction\":[{\"@type\":\"ReadAction\",\"target\":[\"https:\\\/\\\/bibliotecavigil.org.ar\\\/inicio\\\/archivos\\\/\"]}]},{\"@type\":\"ImageObject\",\"inLanguage\":\"es\",\"@id\":\"https:\\\/\\\/bibliotecavigil.org.ar\\\/inicio\\\/archivos\\\/#primaryimage\",\"url\":\"https:\\\/\\\/bibliotecavigil.org.ar\\\/inicio\\\/wp-content\\\/uploads\\\/2020\\\/12\\\/horarios-talleres-1.jpg\",\"contentUrl\":\"https:\\\/\\\/bibliotecavigil.org.ar\\\/inicio\\\/wp-content\\\/uploads\\\/2020\\\/12\\\/horarios-talleres-1.jpg\",\"width\":898,\"height\":475},{\"@type\":\"BreadcrumbList\",\"@id\":\"https:\\\/\\\/bibliotecavigil.org.ar\\\/inicio\\\/archivos\\\/#breadcrumb\",\"itemListElement\":[{\"@type\":\"ListItem\",\"position\":1,\"name\":\"Portada\",\"item\":\"https:\\\/\\\/bibliotecavigil.org.ar\\\/inicio\\\/\"},{\"@type\":\"ListItem\",\"position\":2,\"name\":\"Archivos\"}]},{\"@type\":\"WebSite\",\"@id\":\"https:\\\/\\\/bibliotecavigil.org.ar\\\/inicio\\\/#website\",\"url\":\"https:\\\/\\\/bibliotecavigil.org.ar\\\/inicio\\\/\",\"name\":\"Biblioteca Vigil\",\"description\":\"Biblioteca Popular C C Vigil\",\"publisher\":{\"@id\":\"https:\\\/\\\/bibliotecavigil.org.ar\\\/inicio\\\/#organization\"},\"potentialAction\":[{\"@type\":\"SearchAction\",\"target\":{\"@type\":\"EntryPoint\",\"urlTemplate\":\"https:\\\/\\\/bibliotecavigil.org.ar\\\/inicio\\\/?s={search_term_string}\"},\"query-input\":{\"@type\":\"PropertyValueSpecification\",\"valueRequired\":true,\"valueName\":\"search_term_string\"}}],\"inLanguage\":\"es\"},{\"@type\":\"Organization\",\"@id\":\"https:\\\/\\\/bibliotecavigil.org.ar\\\/inicio\\\/#organization\",\"name\":\"Biblioteca Popular C.C.Vigil\",\"url\":\"https:\\\/\\\/bibliotecavigil.org.ar\\\/inicio\\\/\",\"logo\":{\"@type\":\"ImageObject\",\"inLanguage\":\"es\",\"@id\":\"https:\\\/\\\/bibliotecavigil.org.ar\\\/inicio\\\/#\\\/schema\\\/logo\\\/image\\\/\",\"url\":\"https:\\\/\\\/bibliotecavigil.org.ar\\\/inicio\\\/wp-content\\\/uploads\\\/2023\\\/06\\\/Logo-sin-texto-gif.gif\",\"contentUrl\":\"https:\\\/\\\/bibliotecavigil.org.ar\\\/inicio\\\/wp-content\\\/uploads\\\/2023\\\/06\\\/Logo-sin-texto-gif.gif\",\"width\":1487,\"height\":1604,\"caption\":\"Biblioteca Popular C.C.Vigil\"},\"image\":{\"@id\":\"https:\\\/\\\/bibliotecavigil.org.ar\\\/inicio\\\/#\\\/schema\\\/logo\\\/image\\\/\"}}]}<\/script>\n<!-- \/ Yoast SEO plugin. -->","yoast_head_json":{"title":"Archivos - Biblioteca Vigil","robots":{"index":"index","follow":"follow","max-snippet":"max-snippet:-1","max-image-preview":"max-image-preview:large","max-video-preview":"max-video-preview:-1"},"canonical":"https:\/\/bibliotecavigil.org.ar\/inicio\/archivos\/","og_locale":"es_ES","og_type":"article","og_title":"Archivos - Biblioteca Vigil","og_description":"El Archivo Hist\u00f3rico de la Vigil La idea comenz\u00f3 a gestarse en el a\u00f1o 2013, en ocasi\u00f3n del inicio de las tareas de recuperaci\u00f3n de los edificios de la instituci\u00f3n, cuando las socias Mar\u00eda Jos\u00e9 Vanni (T\u00e9cnica Archivera) y Natalia Garc\u00eda (Doctora en Ciencias de la Educaci\u00f3n), presentaron un proyecto para su creaci\u00f3n y organizaci\u00f3n, [&hellip;]","og_url":"https:\/\/bibliotecavigil.org.ar\/inicio\/archivos\/","og_site_name":"Biblioteca Vigil","article_modified_time":"2021-03-25T23:13:54+00:00","og_image":[{"url":"https:\/\/bibliotecavigil.org.ar\/inicio\/wp-content\/uploads\/2020\/12\/horarios-talleres-1-300x159.jpg","type":"","width":"","height":""}],"twitter_card":"summary_large_image","twitter_misc":{"Tiempo de lectura":"4 minutos"},"schema":{"@context":"https:\/\/schema.org","@graph":[{"@type":"WebPage","@id":"https:\/\/bibliotecavigil.org.ar\/inicio\/archivos\/","url":"https:\/\/bibliotecavigil.org.ar\/inicio\/archivos\/","name":"Archivos - Biblioteca Vigil","isPartOf":{"@id":"https:\/\/bibliotecavigil.org.ar\/inicio\/#website"},"primaryImageOfPage":{"@id":"https:\/\/bibliotecavigil.org.ar\/inicio\/archivos\/#primaryimage"},"image":{"@id":"https:\/\/bibliotecavigil.org.ar\/inicio\/archivos\/#primaryimage"},"thumbnailUrl":"https:\/\/bibliotecavigil.org.ar\/inicio\/wp-content\/uploads\/2020\/12\/horarios-talleres-1-300x159.jpg","datePublished":"2020-01-24T17:00:00+00:00","dateModified":"2021-03-25T23:13:54+00:00","breadcrumb":{"@id":"https:\/\/bibliotecavigil.org.ar\/inicio\/archivos\/#breadcrumb"},"inLanguage":"es","potentialAction":[{"@type":"ReadAction","target":["https:\/\/bibliotecavigil.org.ar\/inicio\/archivos\/"]}]},{"@type":"ImageObject","inLanguage":"es","@id":"https:\/\/bibliotecavigil.org.ar\/inicio\/archivos\/#primaryimage","url":"https:\/\/bibliotecavigil.org.ar\/inicio\/wp-content\/uploads\/2020\/12\/horarios-talleres-1.jpg","contentUrl":"https:\/\/bibliotecavigil.org.ar\/inicio\/wp-content\/uploads\/2020\/12\/horarios-talleres-1.jpg","width":898,"height":475},{"@type":"BreadcrumbList","@id":"https:\/\/bibliotecavigil.org.ar\/inicio\/archivos\/#breadcrumb","itemListElement":[{"@type":"ListItem","position":1,"name":"Portada","item":"https:\/\/bibliotecavigil.org.ar\/inicio\/"},{"@type":"ListItem","position":2,"name":"Archivos"}]},{"@type":"WebSite","@id":"https:\/\/bibliotecavigil.org.ar\/inicio\/#website","url":"https:\/\/bibliotecavigil.org.ar\/inicio\/","name":"Biblioteca Vigil","description":"Biblioteca Popular C C Vigil","publisher":{"@id":"https:\/\/bibliotecavigil.org.ar\/inicio\/#organization"},"potentialAction":[{"@type":"SearchAction","target":{"@type":"EntryPoint","urlTemplate":"https:\/\/bibliotecavigil.org.ar\/inicio\/?s={search_term_string}"},"query-input":{"@type":"PropertyValueSpecification","valueRequired":true,"valueName":"search_term_string"}}],"inLanguage":"es"},{"@type":"Organization","@id":"https:\/\/bibliotecavigil.org.ar\/inicio\/#organization","name":"Biblioteca Popular C.C.Vigil","url":"https:\/\/bibliotecavigil.org.ar\/inicio\/","logo":{"@type":"ImageObject","inLanguage":"es","@id":"https:\/\/bibliotecavigil.org.ar\/inicio\/#\/schema\/logo\/image\/","url":"https:\/\/bibliotecavigil.org.ar\/inicio\/wp-content\/uploads\/2023\/06\/Logo-sin-texto-gif.gif","contentUrl":"https:\/\/bibliotecavigil.org.ar\/inicio\/wp-content\/uploads\/2023\/06\/Logo-sin-texto-gif.gif","width":1487,"height":1604,"caption":"Biblioteca Popular C.C.Vigil"},"image":{"@id":"https:\/\/bibliotecavigil.org.ar\/inicio\/#\/schema\/logo\/image\/"}}]}},"_links":{"self":[{"href":"https:\/\/bibliotecavigil.org.ar\/inicio\/wp-json\/wp\/v2\/pages\/1644","targetHints":{"allow":["GET"]}}],"collection":[{"href":"https:\/\/bibliotecavigil.org.ar\/inicio\/wp-json\/wp\/v2\/pages"}],"about":[{"href":"https:\/\/bibliotecavigil.org.ar\/inicio\/wp-json\/wp\/v2\/types\/page"}],"author":[{"embeddable":true,"href":"https:\/\/bibliotecavigil.org.ar\/inicio\/wp-json\/wp\/v2\/users\/2"}],"replies":[{"embeddable":true,"href":"https:\/\/bibliotecavigil.org.ar\/inicio\/wp-json\/wp\/v2\/comments?post=1644"}],"version-history":[{"count":5,"href":"https:\/\/bibliotecavigil.org.ar\/inicio\/wp-json\/wp\/v2\/pages\/1644\/revisions"}],"predecessor-version":[{"id":29329,"href":"https:\/\/bibliotecavigil.org.ar\/inicio\/wp-json\/wp\/v2\/pages\/1644\/revisions\/29329"}],"wp:attachment":[{"href":"https:\/\/bibliotecavigil.org.ar\/inicio\/wp-json\/wp\/v2\/media?parent=1644"}],"curies":[{"name":"wp","href":"https:\/\/api.w.org\/{rel}","templated":true}]}}