{"id":26672,"date":"2020-07-27T15:47:48","date_gmt":"2020-07-27T15:47:48","guid":{"rendered":"https:\/\/bibliotecavigil.com.ar\/?page_id=26672"},"modified":"2023-03-16T16:47:12","modified_gmt":"2023-03-16T19:47:12","slug":"grupo-de-mujeres-2","status":"publish","type":"page","link":"https:\/\/bibliotecavigil.org.ar\/inicio\/grupo-de-mujeres-2\/","title":{"rendered":"Grupo de mujeres"},"content":{"rendered":"<p>[et_pb_section fb_built=\u00bb1&#8243; fullwidth=\u00bbon\u00bb _builder_version=\u00bb4.16&#8243; border_color_all=\u00bbrgba(0,0,0,0)\u00bb global_colors_info=\u00bb{}\u00bb][et_pb_fullwidth_slider module_class=\u00bbdesliza_ato\u00bb _builder_version=\u00bb4.16&#8243; header_font=\u00bbnotosansbold||||||||\u00bb background_color=\u00bb#ffffff\u00bb module_alignment=\u00bbcenter\u00bb content_width_tablet=\u00bb\u00bb content_width_phone=\u00bb80px\u00bb content_width_last_edited=\u00bbon|phone\u00bb content_max_width=\u00bb1920px\u00bb content_max_width_tablet=\u00bb\u00bb content_max_width_phone=\u00bb0%\u00bb content_max_width_last_edited=\u00bbon|phone\u00bb min_height_tablet=\u00bb\u00bb min_height_phone=\u00bb135px\u00bb min_height_last_edited=\u00bbon|phone\u00bb height_tablet=\u00bb\u00bb height_phone=\u00bb261px\u00bb height_last_edited=\u00bbon|phone\u00bb custom_margin=\u00bb||217px|||\u00bb custom_padding=\u00bb||0px|||\u00bb auto=\u00bbon\u00bb auto_speed=\u00bb3000&#8243; auto_ignore_hover=\u00bbon\u00bb global_colors_info=\u00bb{}\u00bb][et_pb_slide button_text=\u00bb \u00bb admin_title=\u00bbfoto1&#8243; _builder_version=\u00bb4.16&#8243; header_font=\u00bbnotosansbold||||||||\u00bb header_text_align=\u00bbcenter\u00bb header_font_size=\u00bb60px\u00bb header_letter_spacing=\u00bb6px\u00bb background_image=\u00bbhttps:\/\/bibliotecavigil.org.ar\/inicio\/wp-content\/uploads\/2020\/07\/01-2.jpg\u00bb background_enable_image=\u00bbon\u00bb custom_button=\u00bbon\u00bb button_text_color=\u00bbrgba(0,0,0,0)\u00bb button_bg_color=\u00bbrgba(0,0,0,0)\u00bb button_border_color=\u00bbrgba(0,0,0,0)\u00bb button_icon_color=\u00bbrgba(0,0,0,0)\u00bb button_alignment=\u00bbcenter\u00bb global_colors_info=\u00bb{}\u00bb sticky_transition=\u00bbon\u00bb][\/et_pb_slide][et_pb_slide admin_title=\u00bbfoto2&#8243; _builder_version=\u00bb4.16&#8243; header_font=\u00bbnotosansbold||||||||\u00bb header_text_align=\u00bbcenter\u00bb header_font_size=\u00bb60px\u00bb header_letter_spacing=\u00bb6px\u00bb background_image=\u00bbhttps:\/\/bibliotecavigil.org.ar\/inicio\/wp-content\/uploads\/2020\/07\/02-1.jpg\u00bb background_enable_image=\u00bbon\u00bb global_colors_info=\u00bb{}\u00bb sticky_transition=\u00bbon\u00bb][\/et_pb_slide][et_pb_slide admin_title=\u00bbfoto3&#8243; _builder_version=\u00bb4.16&#8243; header_font=\u00bbnotosansbold||||||||\u00bb header_text_align=\u00bbcenter\u00bb header_font_size=\u00bb60px\u00bb header_letter_spacing=\u00bb6px\u00bb background_image=\u00bbhttps:\/\/bibliotecavigil.org.ar\/inicio\/wp-content\/uploads\/2020\/07\/03-1.jpg\u00bb background_enable_image=\u00bbon\u00bb global_colors_info=\u00bb{}\u00bb sticky_transition=\u00bbon\u00bb][\/et_pb_slide][et_pb_slide admin_title=\u00bbfoto4&#8243; _builder_version=\u00bb4.16&#8243; header_font=\u00bbnotosansbold||||||||\u00bb header_text_align=\u00bbcenter\u00bb header_font_size=\u00bb60px\u00bb header_letter_spacing=\u00bb6px\u00bb background_image=\u00bbhttps:\/\/bibliotecavigil.org.ar\/inicio\/wp-content\/uploads\/2020\/07\/04-1.jpg\u00bb background_enable_image=\u00bbon\u00bb global_colors_info=\u00bb{}\u00bb sticky_transition=\u00bbon\u00bb][\/et_pb_slide][et_pb_slide admin_title=\u00bbfoto5&#8243; _builder_version=\u00bb4.16&#8243; header_font=\u00bbnotosansbold||||||||\u00bb header_text_align=\u00bbcenter\u00bb header_font_size=\u00bb60px\u00bb header_letter_spacing=\u00bb6px\u00bb background_image=\u00bbhttps:\/\/bibliotecavigil.org.ar\/inicio\/wp-content\/uploads\/2020\/07\/05-1.jpg\u00bb background_enable_image=\u00bbon\u00bb global_colors_info=\u00bb{}\u00bb sticky_transition=\u00bbon\u00bb][\/et_pb_slide][et_pb_slide admin_title=\u00bbfoto6&#8243; _builder_version=\u00bb4.16&#8243; header_font=\u00bbnotosansbold||||||||\u00bb header_text_align=\u00bbcenter\u00bb header_font_size=\u00bb60px\u00bb header_letter_spacing=\u00bb6px\u00bb background_image=\u00bbhttps:\/\/bibliotecavigil.org.ar\/inicio\/wp-content\/uploads\/2020\/07\/06-1.jpg\u00bb background_enable_image=\u00bbon\u00bb global_colors_info=\u00bb{}\u00bb sticky_transition=\u00bbon\u00bb][\/et_pb_slide][et_pb_slide admin_title=\u00bbfoto7&#8243; _builder_version=\u00bb4.16&#8243; header_font=\u00bbnotosansbold||||||||\u00bb header_text_align=\u00bbcenter\u00bb header_font_size=\u00bb60px\u00bb header_letter_spacing=\u00bb6px\u00bb background_image=\u00bbhttps:\/\/bibliotecavigil.org.ar\/inicio\/wp-content\/uploads\/2020\/07\/07-1.jpg\u00bb background_enable_image=\u00bbon\u00bb global_colors_info=\u00bb{}\u00bb sticky_transition=\u00bbon\u00bb][\/et_pb_slide][et_pb_slide admin_title=\u00bbfoto8&#8243; _builder_version=\u00bb4.16&#8243; header_font=\u00bbnotosansbold||||||||\u00bb header_text_align=\u00bbcenter\u00bb header_font_size=\u00bb60px\u00bb header_letter_spacing=\u00bb6px\u00bb background_image=\u00bbhttps:\/\/bibliotecavigil.org.ar\/inicio\/wp-content\/uploads\/2020\/07\/08-1.jpg\u00bb background_enable_image=\u00bbon\u00bb global_colors_info=\u00bb{}\u00bb sticky_transition=\u00bbon\u00bb][\/et_pb_slide][et_pb_slide admin_title=\u00bbfoto9&#8243; _builder_version=\u00bb4.16&#8243; header_font=\u00bbnotosansbold||||||||\u00bb header_text_align=\u00bbcenter\u00bb header_font_size=\u00bb60px\u00bb header_letter_spacing=\u00bb6px\u00bb background_image=\u00bbhttps:\/\/bibliotecavigil.org.ar\/inicio\/wp-content\/uploads\/2020\/07\/09-1.jpg\u00bb background_enable_image=\u00bbon\u00bb global_colors_info=\u00bb{}\u00bb sticky_transition=\u00bbon\u00bb][\/et_pb_slide][et_pb_slide admin_title=\u00bbfoto10&#8243; _builder_version=\u00bb4.16&#8243; header_font=\u00bbnotosansbold||||||||\u00bb header_text_align=\u00bbcenter\u00bb header_font_size=\u00bb60px\u00bb header_letter_spacing=\u00bb6px\u00bb background_image=\u00bbhttps:\/\/bibliotecavigil.org.ar\/inicio\/wp-content\/uploads\/2020\/07\/10-1.jpg\u00bb background_enable_image=\u00bbon\u00bb global_colors_info=\u00bb{}\u00bb sticky_transition=\u00bbon\u00bb][\/et_pb_slide][\/et_pb_fullwidth_slider][\/et_pb_section][et_pb_section fb_built=\u00bb1&#8243; _builder_version=\u00bb4.16&#8243; _module_preset=\u00bbdefault\u00bb custom_margin=\u00bb-216px|||||\u00bb custom_padding=\u00bb62px||0px|||\u00bb global_colors_info=\u00bb{}\u00bb][et_pb_row column_structure=\u00bb3_4,1_4&#8243; module_id=\u00bbreveal\u00bb _builder_version=\u00bb4.16&#8243; custom_padding=\u00bb||0px|3px||\u00bb global_colors_info=\u00bb{}\u00bb][et_pb_column type=\u00bb3_4&#8243; _builder_version=\u00bb4.16&#8243; global_colors_info=\u00bb{}\u00bb][et_pb_text _builder_version=\u00bb4.20.2&#8243; text_font=\u00bbsanserifcomun||||||||\u00bb hover_enabled=\u00bb0&#8243; global_colors_info=\u00bb{}\u00bb sticky_enabled=\u00bb0&#8243;]<\/p>\n<p>El grupo de mujeres de La Vigil, planifica y elabora actividades que proponen reflexiones colectivas, en pos de establecer perspectivas de g\u00e9nero y feministas transversales en el espacio institucional, el barrial y tambi\u00e9n el social comunitario.<\/p>\n<p>&nbsp;<\/p>\n<p>En su recorrido, desde inicios del 2017, se han abordado tanto actividades que favorecieron a la construcci\u00f3n de una mirada cr\u00edtica acerca de las problem\u00e1ticas de g\u00e9nero, como propuestas que generan espacios de encuentro, y tejen v\u00ednculos necesarios para la toma de conciencia, la autogesti\u00f3n, el desarrollo personal y colectivo.<\/p>\n<p>&nbsp;<\/p>\n<p>&#8211;\u00a0\u00a0\u00a0\u00a0\u00a0\u00a0\u00a0\u00a0\u00a0\u00a0 Rondas de Saberes: Reuniones-talleres horizontales y gratuitas, con un contenido en particular para poder aprender y compartir conocimientos, sensaciones y vivencias. Se abordaron oficios como costura y encuadernaci\u00f3n, entre otros, como herramientas de autogesti\u00f3n.<\/p>\n<p>&#8211;\u00a0\u00a0\u00a0\u00a0\u00a0\u00a0\u00a0\u00a0\u00a0\u00a0 Lecturas y Rondas Antipatriarcales: En el mismo formato de las rondas de saberes, pero con el plan de analizar la opresi\u00f3n patriarcal y desnaturalizar las pr\u00e1cticas cotidianas, utilizando textos y audiovisuales como disparador de charlas y debates.<\/p>\n<p>&#8211;\u00a0\u00a0\u00a0\u00a0\u00a0\u00a0\u00a0\u00a0\u00a0\u00a0 De pel\u00edcula: Cine a la reposera: Proyecciones y debate de films con perspectiva feminista, documentales con eje en los derechos humanos y transmisiones de sesiones legislativas en relaci\u00f3n a la Campa\u00f1a Nacional por el Derecho al Aborto Legal Seguro y Gratuito.<\/p>\n<p>&#8211;\u00a0\u00a0\u00a0\u00a0\u00a0\u00a0\u00a0\u00a0\u00a0\u00a0 Convocatorias a actividades en torno a las marchas de Ni una menos o del 8M.<\/p>\n<p>&nbsp;<\/p>\n<p>\u00bfC\u00f3mo acercarte? Si est\u00e1s interesadx en participar comunicate con nosotrxs en las redes de La Vigil o al 2434500 de lunes a viernes de 14 a 20hs y los s\u00e1bados de 10 a 13 hs, y te pondremos al tanto de la pr\u00f3xima reuni\u00f3n.<\/p>\n<p>&nbsp;<\/p>\n<p>[\/et_pb_text][\/et_pb_column][et_pb_column type=\u00bb1_4&#8243; _builder_version=\u00bb4.16&#8243; global_colors_info=\u00bb{}\u00bb][et_pb_image src=\u00bbhttps:\/\/bibliotecavigil.org.ar\/inicio\/wp-content\/uploads\/2020\/08\/boton-01.jpg\u00bb title_text=\u00bbboton-01&#8243; _builder_version=\u00bb4.16&#8243; global_colors_info=\u00bb{}\u00bb][\/et_pb_image][et_pb_image src=\u00bbhttps:\/\/bibliotecavigil.org.ar\/inicio\/wp-content\/uploads\/2020\/08\/boton-02.jpg\u00bb title_text=\u00bbboton-02&#8243; _builder_version=\u00bb4.16&#8243; global_colors_info=\u00bb{}\u00bb][\/et_pb_image][et_pb_text _builder_version=\u00bb4.17.3&#8243; background_color=\u00bb#e2e2e2&#8243; custom_margin=\u00bb8px||-61px||false|false\u00bb custom_padding=\u00bb4px||14px|3px|false|false\u00bb global_colors_info=\u00bb{}\u00bb]<\/p>\n<p><a href=\"https:\/\/bibliotecavigil.org.ar\/inicio\/wp-content\/uploads\/2020\/05\/Sin-titulo-1.png\"><\/a><a href=\"https:\/\/bibliotecavigil.org.ar\/inicio\/wp-content\/uploads\/2020\/12\/horarios-talleres-1.jpg\"><\/a><a href=\"https:\/\/bibliotecavigil.org.ar\/inicio\/wp-content\/uploads\/2022\/05\/horario.png\"><img decoding=\"async\" data-src=\"https:\/\/bibliotecavigil.org.ar\/inicio\/wp-content\/uploads\/2022\/05\/horario-300x154.png\" width=\"300\" height=\"154\" alt=\"\" class=\"wp-image-30728 alignnone size-medium lazyload\" src=\"data:image\/svg+xml;base64,PHN2ZyB3aWR0aD0iMSIgaGVpZ2h0PSIxIiB4bWxucz0iaHR0cDovL3d3dy53My5vcmcvMjAwMC9zdmciPjwvc3ZnPg==\" style=\"--smush-placeholder-width: 300px; --smush-placeholder-aspect-ratio: 300\/154;\" \/><\/a><a href=\"https:\/\/bibliotecavigil.org.ar\/inicio\/wp-content\/uploads\/2020\/12\/horarios-talleres-1.jpg\"><\/a><a href=\"https:\/\/bibliotecavigil.org.ar\/inicio\/wp-content\/uploads\/2020\/05\/Sin-titulo-1.png\"><\/a><\/p>\n<p>&nbsp;<\/p>\n<p>[\/et_pb_text][et_pb_button button_url=\u00bbhttps:\/bibliotecavigil.org.ar\/contactogral\/\u00bb url_new_window=\u00bbon\u00bb button_text=\u00bbEnviar Mail\u00bb button_alignment=\u00bbcenter\u00bb _builder_version=\u00bb4.16&#8243; custom_button=\u00bbon\u00bb button_text_size=\u00bb16px\u00bb button_text_color=\u00bb#000000&#8243; button_use_icon=\u00bboff\u00bb custom_margin=\u00bb|4px||0px|false|false\u00bb custom_padding=\u00bb|||16px||\u00bb global_colors_info=\u00bb{}\u00bb][\/et_pb_button][et_pb_blurb url=\u00bbhttps:\/bibliotecavigil.org.ar\/como-hacerte-socio\/\u00bb image=\u00bbhttps:\/\/bibliotecavigil.org.ar\/inicio\/wp-content\/uploads\/2020\/05\/asociate.jpg\u00bb _builder_version=\u00bb4.16&#8243; custom_margin=\u00bb71px|||||\u00bb global_colors_info=\u00bb{}\u00bb][\/et_pb_blurb][\/et_pb_column][\/et_pb_row][\/et_pb_section]<\/p>\n","protected":false},"excerpt":{"rendered":"<p>El grupo de mujeres de La Vigil, planifica y elabora actividades que proponen reflexiones colectivas, en pos de establecer perspectivas de g\u00e9nero y feministas transversales en el espacio institucional, el barrial y tambi\u00e9n el social comunitario. &nbsp; En su recorrido, desde inicios del 2017, se han abordado tanto actividades que favorecieron a la construcci\u00f3n de [&hellip;]<\/p>\n","protected":false},"author":2,"featured_media":0,"parent":0,"menu_order":0,"comment_status":"closed","ping_status":"closed","template":"","meta":{"_et_pb_use_builder":"on","_et_pb_old_content":"","_et_gb_content_width":"","footnotes":""},"class_list":["post-26672","page","type-page","status-publish","hentry"],"yoast_head":"<!-- This site is optimized with the Yoast SEO plugin v27.5 - https:\/\/yoast.com\/product\/yoast-seo-wordpress\/ -->\n<title>Grupo de mujeres - Biblioteca Vigil<\/title>\n<meta name=\"robots\" content=\"index, follow, max-snippet:-1, max-image-preview:large, max-video-preview:-1\" \/>\n<link rel=\"canonical\" href=\"https:\/\/bibliotecavigil.org.ar\/inicio\/grupo-de-mujeres-2\/\" \/>\n<meta property=\"og:locale\" content=\"es_ES\" \/>\n<meta property=\"og:type\" content=\"article\" \/>\n<meta property=\"og:title\" content=\"Grupo de mujeres - Biblioteca Vigil\" \/>\n<meta property=\"og:description\" content=\"El grupo de mujeres de La Vigil, planifica y elabora actividades que proponen reflexiones colectivas, en pos de establecer perspectivas de g\u00e9nero y feministas transversales en el espacio institucional, el barrial y tambi\u00e9n el social comunitario. &nbsp; En su recorrido, desde inicios del 2017, se han abordado tanto actividades que favorecieron a la construcci\u00f3n de [&hellip;]\" \/>\n<meta property=\"og:url\" content=\"https:\/\/bibliotecavigil.org.ar\/inicio\/grupo-de-mujeres-2\/\" \/>\n<meta property=\"og:site_name\" content=\"Biblioteca Vigil\" \/>\n<meta property=\"article:modified_time\" content=\"2023-03-16T19:47:12+00:00\" \/>\n<meta property=\"og:image\" content=\"https:\/\/bibliotecavigil.org.ar\/inicio\/wp-content\/uploads\/2022\/05\/horario-300x154.png\" \/>\n<meta name=\"twitter:card\" content=\"summary_large_image\" \/>\n<meta name=\"twitter:label1\" content=\"Tiempo de lectura\" \/>\n\t<meta name=\"twitter:data1\" content=\"6 minutos\" \/>\n<script type=\"application\/ld+json\" class=\"yoast-schema-graph\">{\"@context\":\"https:\\\/\\\/schema.org\",\"@graph\":[{\"@type\":\"WebPage\",\"@id\":\"https:\\\/\\\/bibliotecavigil.org.ar\\\/inicio\\\/grupo-de-mujeres-2\\\/\",\"url\":\"https:\\\/\\\/bibliotecavigil.org.ar\\\/inicio\\\/grupo-de-mujeres-2\\\/\",\"name\":\"Grupo de mujeres - Biblioteca Vigil\",\"isPartOf\":{\"@id\":\"https:\\\/\\\/bibliotecavigil.org.ar\\\/inicio\\\/#website\"},\"primaryImageOfPage\":{\"@id\":\"https:\\\/\\\/bibliotecavigil.org.ar\\\/inicio\\\/grupo-de-mujeres-2\\\/#primaryimage\"},\"image\":{\"@id\":\"https:\\\/\\\/bibliotecavigil.org.ar\\\/inicio\\\/grupo-de-mujeres-2\\\/#primaryimage\"},\"thumbnailUrl\":\"https:\\\/\\\/bibliotecavigil.org.ar\\\/inicio\\\/wp-content\\\/uploads\\\/2022\\\/05\\\/horario-300x154.png\",\"datePublished\":\"2020-07-27T15:47:48+00:00\",\"dateModified\":\"2023-03-16T19:47:12+00:00\",\"breadcrumb\":{\"@id\":\"https:\\\/\\\/bibliotecavigil.org.ar\\\/inicio\\\/grupo-de-mujeres-2\\\/#breadcrumb\"},\"inLanguage\":\"es\",\"potentialAction\":[{\"@type\":\"ReadAction\",\"target\":[\"https:\\\/\\\/bibliotecavigil.org.ar\\\/inicio\\\/grupo-de-mujeres-2\\\/\"]}]},{\"@type\":\"ImageObject\",\"inLanguage\":\"es\",\"@id\":\"https:\\\/\\\/bibliotecavigil.org.ar\\\/inicio\\\/grupo-de-mujeres-2\\\/#primaryimage\",\"url\":\"https:\\\/\\\/bibliotecavigil.org.ar\\\/inicio\\\/wp-content\\\/uploads\\\/2022\\\/05\\\/horario.png\",\"contentUrl\":\"https:\\\/\\\/bibliotecavigil.org.ar\\\/inicio\\\/wp-content\\\/uploads\\\/2022\\\/05\\\/horario.png\",\"width\":900,\"height\":461},{\"@type\":\"BreadcrumbList\",\"@id\":\"https:\\\/\\\/bibliotecavigil.org.ar\\\/inicio\\\/grupo-de-mujeres-2\\\/#breadcrumb\",\"itemListElement\":[{\"@type\":\"ListItem\",\"position\":1,\"name\":\"Portada\",\"item\":\"https:\\\/\\\/bibliotecavigil.org.ar\\\/inicio\\\/\"},{\"@type\":\"ListItem\",\"position\":2,\"name\":\"Grupo de mujeres\"}]},{\"@type\":\"WebSite\",\"@id\":\"https:\\\/\\\/bibliotecavigil.org.ar\\\/inicio\\\/#website\",\"url\":\"https:\\\/\\\/bibliotecavigil.org.ar\\\/inicio\\\/\",\"name\":\"Biblioteca Vigil\",\"description\":\"Biblioteca Popular C C Vigil\",\"publisher\":{\"@id\":\"https:\\\/\\\/bibliotecavigil.org.ar\\\/inicio\\\/#organization\"},\"potentialAction\":[{\"@type\":\"SearchAction\",\"target\":{\"@type\":\"EntryPoint\",\"urlTemplate\":\"https:\\\/\\\/bibliotecavigil.org.ar\\\/inicio\\\/?s={search_term_string}\"},\"query-input\":{\"@type\":\"PropertyValueSpecification\",\"valueRequired\":true,\"valueName\":\"search_term_string\"}}],\"inLanguage\":\"es\"},{\"@type\":\"Organization\",\"@id\":\"https:\\\/\\\/bibliotecavigil.org.ar\\\/inicio\\\/#organization\",\"name\":\"Biblioteca Popular C.C.Vigil\",\"url\":\"https:\\\/\\\/bibliotecavigil.org.ar\\\/inicio\\\/\",\"logo\":{\"@type\":\"ImageObject\",\"inLanguage\":\"es\",\"@id\":\"https:\\\/\\\/bibliotecavigil.org.ar\\\/inicio\\\/#\\\/schema\\\/logo\\\/image\\\/\",\"url\":\"https:\\\/\\\/bibliotecavigil.org.ar\\\/inicio\\\/wp-content\\\/uploads\\\/2023\\\/06\\\/Logo-sin-texto-gif.gif\",\"contentUrl\":\"https:\\\/\\\/bibliotecavigil.org.ar\\\/inicio\\\/wp-content\\\/uploads\\\/2023\\\/06\\\/Logo-sin-texto-gif.gif\",\"width\":1487,\"height\":1604,\"caption\":\"Biblioteca Popular C.C.Vigil\"},\"image\":{\"@id\":\"https:\\\/\\\/bibliotecavigil.org.ar\\\/inicio\\\/#\\\/schema\\\/logo\\\/image\\\/\"}}]}<\/script>\n<!-- \/ Yoast SEO plugin. -->","yoast_head_json":{"title":"Grupo de mujeres - Biblioteca Vigil","robots":{"index":"index","follow":"follow","max-snippet":"max-snippet:-1","max-image-preview":"max-image-preview:large","max-video-preview":"max-video-preview:-1"},"canonical":"https:\/\/bibliotecavigil.org.ar\/inicio\/grupo-de-mujeres-2\/","og_locale":"es_ES","og_type":"article","og_title":"Grupo de mujeres - Biblioteca Vigil","og_description":"El grupo de mujeres de La Vigil, planifica y elabora actividades que proponen reflexiones colectivas, en pos de establecer perspectivas de g\u00e9nero y feministas transversales en el espacio institucional, el barrial y tambi\u00e9n el social comunitario. &nbsp; En su recorrido, desde inicios del 2017, se han abordado tanto actividades que favorecieron a la construcci\u00f3n de [&hellip;]","og_url":"https:\/\/bibliotecavigil.org.ar\/inicio\/grupo-de-mujeres-2\/","og_site_name":"Biblioteca Vigil","article_modified_time":"2023-03-16T19:47:12+00:00","og_image":[{"url":"https:\/\/bibliotecavigil.org.ar\/inicio\/wp-content\/uploads\/2022\/05\/horario-300x154.png","type":"","width":"","height":""}],"twitter_card":"summary_large_image","twitter_misc":{"Tiempo de lectura":"6 minutos"},"schema":{"@context":"https:\/\/schema.org","@graph":[{"@type":"WebPage","@id":"https:\/\/bibliotecavigil.org.ar\/inicio\/grupo-de-mujeres-2\/","url":"https:\/\/bibliotecavigil.org.ar\/inicio\/grupo-de-mujeres-2\/","name":"Grupo de mujeres - Biblioteca Vigil","isPartOf":{"@id":"https:\/\/bibliotecavigil.org.ar\/inicio\/#website"},"primaryImageOfPage":{"@id":"https:\/\/bibliotecavigil.org.ar\/inicio\/grupo-de-mujeres-2\/#primaryimage"},"image":{"@id":"https:\/\/bibliotecavigil.org.ar\/inicio\/grupo-de-mujeres-2\/#primaryimage"},"thumbnailUrl":"https:\/\/bibliotecavigil.org.ar\/inicio\/wp-content\/uploads\/2022\/05\/horario-300x154.png","datePublished":"2020-07-27T15:47:48+00:00","dateModified":"2023-03-16T19:47:12+00:00","breadcrumb":{"@id":"https:\/\/bibliotecavigil.org.ar\/inicio\/grupo-de-mujeres-2\/#breadcrumb"},"inLanguage":"es","potentialAction":[{"@type":"ReadAction","target":["https:\/\/bibliotecavigil.org.ar\/inicio\/grupo-de-mujeres-2\/"]}]},{"@type":"ImageObject","inLanguage":"es","@id":"https:\/\/bibliotecavigil.org.ar\/inicio\/grupo-de-mujeres-2\/#primaryimage","url":"https:\/\/bibliotecavigil.org.ar\/inicio\/wp-content\/uploads\/2022\/05\/horario.png","contentUrl":"https:\/\/bibliotecavigil.org.ar\/inicio\/wp-content\/uploads\/2022\/05\/horario.png","width":900,"height":461},{"@type":"BreadcrumbList","@id":"https:\/\/bibliotecavigil.org.ar\/inicio\/grupo-de-mujeres-2\/#breadcrumb","itemListElement":[{"@type":"ListItem","position":1,"name":"Portada","item":"https:\/\/bibliotecavigil.org.ar\/inicio\/"},{"@type":"ListItem","position":2,"name":"Grupo de mujeres"}]},{"@type":"WebSite","@id":"https:\/\/bibliotecavigil.org.ar\/inicio\/#website","url":"https:\/\/bibliotecavigil.org.ar\/inicio\/","name":"Biblioteca Vigil","description":"Biblioteca Popular C C Vigil","publisher":{"@id":"https:\/\/bibliotecavigil.org.ar\/inicio\/#organization"},"potentialAction":[{"@type":"SearchAction","target":{"@type":"EntryPoint","urlTemplate":"https:\/\/bibliotecavigil.org.ar\/inicio\/?s={search_term_string}"},"query-input":{"@type":"PropertyValueSpecification","valueRequired":true,"valueName":"search_term_string"}}],"inLanguage":"es"},{"@type":"Organization","@id":"https:\/\/bibliotecavigil.org.ar\/inicio\/#organization","name":"Biblioteca Popular C.C.Vigil","url":"https:\/\/bibliotecavigil.org.ar\/inicio\/","logo":{"@type":"ImageObject","inLanguage":"es","@id":"https:\/\/bibliotecavigil.org.ar\/inicio\/#\/schema\/logo\/image\/","url":"https:\/\/bibliotecavigil.org.ar\/inicio\/wp-content\/uploads\/2023\/06\/Logo-sin-texto-gif.gif","contentUrl":"https:\/\/bibliotecavigil.org.ar\/inicio\/wp-content\/uploads\/2023\/06\/Logo-sin-texto-gif.gif","width":1487,"height":1604,"caption":"Biblioteca Popular C.C.Vigil"},"image":{"@id":"https:\/\/bibliotecavigil.org.ar\/inicio\/#\/schema\/logo\/image\/"}}]}},"_links":{"self":[{"href":"https:\/\/bibliotecavigil.org.ar\/inicio\/wp-json\/wp\/v2\/pages\/26672","targetHints":{"allow":["GET"]}}],"collection":[{"href":"https:\/\/bibliotecavigil.org.ar\/inicio\/wp-json\/wp\/v2\/pages"}],"about":[{"href":"https:\/\/bibliotecavigil.org.ar\/inicio\/wp-json\/wp\/v2\/types\/page"}],"author":[{"embeddable":true,"href":"https:\/\/bibliotecavigil.org.ar\/inicio\/wp-json\/wp\/v2\/users\/2"}],"replies":[{"embeddable":true,"href":"https:\/\/bibliotecavigil.org.ar\/inicio\/wp-json\/wp\/v2\/comments?post=26672"}],"version-history":[{"count":6,"href":"https:\/\/bibliotecavigil.org.ar\/inicio\/wp-json\/wp\/v2\/pages\/26672\/revisions"}],"predecessor-version":[{"id":31416,"href":"https:\/\/bibliotecavigil.org.ar\/inicio\/wp-json\/wp\/v2\/pages\/26672\/revisions\/31416"}],"wp:attachment":[{"href":"https:\/\/bibliotecavigil.org.ar\/inicio\/wp-json\/wp\/v2\/media?parent=26672"}],"curies":[{"name":"wp","href":"https:\/\/api.w.org\/{rel}","templated":true}]}}