{"id":26869,"date":"2020-08-03T16:21:14","date_gmt":"2020-08-03T19:21:14","guid":{"rendered":"https:\/\/bibliotecavigil.com.ar\/?post_type=product&#038;p=26869"},"modified":"2026-03-31T15:19:13","modified_gmt":"2026-03-31T18:19:13","slug":"costura-invisible","status":"publish","type":"product","link":"https:\/\/bibliotecavigil.org.ar\/inicio\/producto\/costura-invisible\/","title":{"rendered":"Costura Invisible"},"content":{"rendered":"","protected":false},"excerpt":{"rendered":"<ol>\n<li>Rosana Guardal\u00e1<\/li>\n<\/ol>\n<p>34 p. \/ Poes\u00eda \/ Colecci\u00f3n Alfa -14 \/ 1\u00b0 edici\u00f3n. Rosario, Editorial Biblioteca, 2019.<\/p>\n<p>Un nido precario y tibio tejido con los pies desnudos, un saquito de t\u00e9 en una taza quebrada, la ropa h\u00fameda que cuelga de la tarde como el nombre de una madre que repite, sin desaparecer: entre un amor y otro est\u00e1\u00a0 el\u00a0 cuidado \u00a0de\u00a0 las\u00a0 plantas,\u00a0 las\u00a0 flores\u00a0 que\u00a0 crecen\u00a0 iguales\u00a0 en\u00a0 cada pedacito de tierra. Segura de que en los detalles arde el poema, Rosana Guardal\u00e1 apunta a los rituales cotidianos, a las costuras escondidas y a las que pueden verse\u00a0 a\u00a0 simple\u00a0 vista\u00a0 como\u00a0 una\u00a0 serie\u00a0 de\u00a0 marcas\u00a0 en\u00a0 la\u00a0 piel,\u00a0 a\u00a0 trav\u00e9s\u00a0 de\u00a0 una mirada que enhebra la sencillez del d\u00eda a d\u00eda y la hondura debajo de cada gesto. Segura de que aunque algunas quedar\u00e1n intactas \u201clas cosas hechas con amor tambi\u00e9n pueden pudrirse\u201d.<\/p>\n","protected":false},"featured_media":26836,"template":"","meta":{"_et_pb_use_builder":"","_et_pb_old_content":"","_et_gb_content_width":""},"product_brand":[],"product_cat":[18],"product_tag":[],"class_list":{"0":"post-26869","1":"product","2":"type-product","3":"status-publish","4":"has-post-thumbnail","6":"product_cat-alfa","8":"first","9":"instock","10":"taxable","11":"shipping-taxable","12":"purchasable","13":"product-type-simple"},"yoast_head":"<!-- This site is optimized with the Yoast SEO plugin v27.3 - https:\/\/yoast.com\/product\/yoast-seo-wordpress\/ -->\n<title>Costura Invisible - Biblioteca Vigil<\/title>\n<meta name=\"description\" content=\"Un nido precario y tibio tejido con los pies desnudos, un saquito de t\u00e9 en una taza quebrada, la ropa h\u00fameda que cuelga de la tarde como el nombre de una...\" \/>\n<meta name=\"robots\" content=\"index, follow, max-snippet:-1, max-image-preview:large, max-video-preview:-1\" \/>\n<link rel=\"canonical\" href=\"https:\/\/bibliotecavigil.org.ar\/inicio\/producto\/costura-invisible\/\" \/>\n<meta property=\"og:locale\" content=\"es_ES\" \/>\n<meta property=\"og:type\" content=\"article\" \/>\n<meta property=\"og:title\" content=\"Costura Invisible - Biblioteca Vigil\" \/>\n<meta property=\"og:description\" content=\"Un nido precario y tibio tejido con los pies desnudos, un saquito de t\u00e9 en una taza quebrada, la ropa h\u00fameda que cuelga de la tarde como el nombre de una...\" \/>\n<meta property=\"og:url\" content=\"https:\/\/bibliotecavigil.org.ar\/inicio\/producto\/costura-invisible\/\" \/>\n<meta property=\"og:site_name\" content=\"Biblioteca Vigil\" \/>\n<meta property=\"article:modified_time\" content=\"2026-03-31T18:19:13+00:00\" \/>\n<meta property=\"og:image\" content=\"https:\/\/bibliotecavigil.org.ar\/inicio\/wp-content\/uploads\/2020\/07\/ALfa4-FINAL-01.jpg\" \/>\n\t<meta property=\"og:image:width\" content=\"1386\" \/>\n\t<meta property=\"og:image:height\" content=\"978\" \/>\n\t<meta property=\"og:image:type\" content=\"image\/jpeg\" \/>\n<meta name=\"twitter:card\" content=\"summary_large_image\" \/>\n<script type=\"application\/ld+json\" class=\"yoast-schema-graph\">{\"@context\":\"https:\\\/\\\/schema.org\",\"@graph\":[{\"@type\":\"WebPage\",\"@id\":\"https:\\\/\\\/bibliotecavigil.org.ar\\\/inicio\\\/producto\\\/costura-invisible\\\/\",\"url\":\"https:\\\/\\\/bibliotecavigil.org.ar\\\/inicio\\\/producto\\\/costura-invisible\\\/\",\"name\":\"Costura Invisible - Biblioteca Vigil\",\"isPartOf\":{\"@id\":\"https:\\\/\\\/bibliotecavigil.org.ar\\\/inicio\\\/#website\"},\"primaryImageOfPage\":{\"@id\":\"https:\\\/\\\/bibliotecavigil.org.ar\\\/inicio\\\/producto\\\/costura-invisible\\\/#primaryimage\"},\"image\":{\"@id\":\"https:\\\/\\\/bibliotecavigil.org.ar\\\/inicio\\\/producto\\\/costura-invisible\\\/#primaryimage\"},\"thumbnailUrl\":\"https:\\\/\\\/bibliotecavigil.org.ar\\\/inicio\\\/wp-content\\\/uploads\\\/2020\\\/07\\\/ALfa4-FINAL-01.jpg\",\"datePublished\":\"2020-08-03T19:21:14+00:00\",\"dateModified\":\"2026-03-31T18:19:13+00:00\",\"description\":\"Un nido precario y tibio tejido con los pies desnudos, un saquito de t\u00e9 en una taza quebrada, la ropa h\u00fameda que cuelga de la tarde como el nombre de una...\",\"breadcrumb\":{\"@id\":\"https:\\\/\\\/bibliotecavigil.org.ar\\\/inicio\\\/producto\\\/costura-invisible\\\/#breadcrumb\"},\"inLanguage\":\"es\",\"potentialAction\":[{\"@type\":\"ReadAction\",\"target\":[\"https:\\\/\\\/bibliotecavigil.org.ar\\\/inicio\\\/producto\\\/costura-invisible\\\/\"]}]},{\"@type\":\"ImageObject\",\"inLanguage\":\"es\",\"@id\":\"https:\\\/\\\/bibliotecavigil.org.ar\\\/inicio\\\/producto\\\/costura-invisible\\\/#primaryimage\",\"url\":\"https:\\\/\\\/bibliotecavigil.org.ar\\\/inicio\\\/wp-content\\\/uploads\\\/2020\\\/07\\\/ALfa4-FINAL-01.jpg\",\"contentUrl\":\"https:\\\/\\\/bibliotecavigil.org.ar\\\/inicio\\\/wp-content\\\/uploads\\\/2020\\\/07\\\/ALfa4-FINAL-01.jpg\",\"width\":1386,\"height\":978},{\"@type\":\"BreadcrumbList\",\"@id\":\"https:\\\/\\\/bibliotecavigil.org.ar\\\/inicio\\\/producto\\\/costura-invisible\\\/#breadcrumb\",\"itemListElement\":[{\"@type\":\"ListItem\",\"position\":1,\"name\":\"Portada\",\"item\":\"https:\\\/\\\/bibliotecavigil.org.ar\\\/inicio\\\/\"},{\"@type\":\"ListItem\",\"position\":2,\"name\":\"Cat\u00e1logo\",\"item\":\"https:\\\/\\\/bibliotecavigil.org.ar\\\/inicio\\\/catalogo\\\/\"},{\"@type\":\"ListItem\",\"position\":3,\"name\":\"Costura Invisible\"}]},{\"@type\":\"WebSite\",\"@id\":\"https:\\\/\\\/bibliotecavigil.org.ar\\\/inicio\\\/#website\",\"url\":\"https:\\\/\\\/bibliotecavigil.org.ar\\\/inicio\\\/\",\"name\":\"Biblioteca Vigil\",\"description\":\"Biblioteca Popular C C Vigil\",\"publisher\":{\"@id\":\"https:\\\/\\\/bibliotecavigil.org.ar\\\/inicio\\\/#organization\"},\"potentialAction\":[{\"@type\":\"SearchAction\",\"target\":{\"@type\":\"EntryPoint\",\"urlTemplate\":\"https:\\\/\\\/bibliotecavigil.org.ar\\\/inicio\\\/?s={search_term_string}\"},\"query-input\":{\"@type\":\"PropertyValueSpecification\",\"valueRequired\":true,\"valueName\":\"search_term_string\"}}],\"inLanguage\":\"es\"},{\"@type\":\"Organization\",\"@id\":\"https:\\\/\\\/bibliotecavigil.org.ar\\\/inicio\\\/#organization\",\"name\":\"Biblioteca Popular C.C.Vigil\",\"url\":\"https:\\\/\\\/bibliotecavigil.org.ar\\\/inicio\\\/\",\"logo\":{\"@type\":\"ImageObject\",\"inLanguage\":\"es\",\"@id\":\"https:\\\/\\\/bibliotecavigil.org.ar\\\/inicio\\\/#\\\/schema\\\/logo\\\/image\\\/\",\"url\":\"https:\\\/\\\/bibliotecavigil.org.ar\\\/inicio\\\/wp-content\\\/uploads\\\/2023\\\/06\\\/Logo-sin-texto-gif.gif\",\"contentUrl\":\"https:\\\/\\\/bibliotecavigil.org.ar\\\/inicio\\\/wp-content\\\/uploads\\\/2023\\\/06\\\/Logo-sin-texto-gif.gif\",\"width\":1487,\"height\":1604,\"caption\":\"Biblioteca Popular C.C.Vigil\"},\"image\":{\"@id\":\"https:\\\/\\\/bibliotecavigil.org.ar\\\/inicio\\\/#\\\/schema\\\/logo\\\/image\\\/\"}}]}<\/script>\n<!-- \/ Yoast SEO plugin. -->","yoast_head_json":{"title":"Costura Invisible - Biblioteca Vigil","description":"Un nido precario y tibio tejido con los pies desnudos, un saquito de t\u00e9 en una taza quebrada, la ropa h\u00fameda que cuelga de la tarde como el nombre de una...","robots":{"index":"index","follow":"follow","max-snippet":"max-snippet:-1","max-image-preview":"max-image-preview:large","max-video-preview":"max-video-preview:-1"},"canonical":"https:\/\/bibliotecavigil.org.ar\/inicio\/producto\/costura-invisible\/","og_locale":"es_ES","og_type":"article","og_title":"Costura Invisible - Biblioteca Vigil","og_description":"Un nido precario y tibio tejido con los pies desnudos, un saquito de t\u00e9 en una taza quebrada, la ropa h\u00fameda que cuelga de la tarde como el nombre de una...","og_url":"https:\/\/bibliotecavigil.org.ar\/inicio\/producto\/costura-invisible\/","og_site_name":"Biblioteca Vigil","article_modified_time":"2026-03-31T18:19:13+00:00","og_image":[{"width":1386,"height":978,"url":"https:\/\/bibliotecavigil.org.ar\/inicio\/wp-content\/uploads\/2020\/07\/ALfa4-FINAL-01.jpg","type":"image\/jpeg"}],"twitter_card":"summary_large_image","schema":{"@context":"https:\/\/schema.org","@graph":[{"@type":"WebPage","@id":"https:\/\/bibliotecavigil.org.ar\/inicio\/producto\/costura-invisible\/","url":"https:\/\/bibliotecavigil.org.ar\/inicio\/producto\/costura-invisible\/","name":"Costura Invisible - Biblioteca Vigil","isPartOf":{"@id":"https:\/\/bibliotecavigil.org.ar\/inicio\/#website"},"primaryImageOfPage":{"@id":"https:\/\/bibliotecavigil.org.ar\/inicio\/producto\/costura-invisible\/#primaryimage"},"image":{"@id":"https:\/\/bibliotecavigil.org.ar\/inicio\/producto\/costura-invisible\/#primaryimage"},"thumbnailUrl":"https:\/\/bibliotecavigil.org.ar\/inicio\/wp-content\/uploads\/2020\/07\/ALfa4-FINAL-01.jpg","datePublished":"2020-08-03T19:21:14+00:00","dateModified":"2026-03-31T18:19:13+00:00","description":"Un nido precario y tibio tejido con los pies desnudos, un saquito de t\u00e9 en una taza quebrada, la ropa h\u00fameda que cuelga de la tarde como el nombre de una...","breadcrumb":{"@id":"https:\/\/bibliotecavigil.org.ar\/inicio\/producto\/costura-invisible\/#breadcrumb"},"inLanguage":"es","potentialAction":[{"@type":"ReadAction","target":["https:\/\/bibliotecavigil.org.ar\/inicio\/producto\/costura-invisible\/"]}]},{"@type":"ImageObject","inLanguage":"es","@id":"https:\/\/bibliotecavigil.org.ar\/inicio\/producto\/costura-invisible\/#primaryimage","url":"https:\/\/bibliotecavigil.org.ar\/inicio\/wp-content\/uploads\/2020\/07\/ALfa4-FINAL-01.jpg","contentUrl":"https:\/\/bibliotecavigil.org.ar\/inicio\/wp-content\/uploads\/2020\/07\/ALfa4-FINAL-01.jpg","width":1386,"height":978},{"@type":"BreadcrumbList","@id":"https:\/\/bibliotecavigil.org.ar\/inicio\/producto\/costura-invisible\/#breadcrumb","itemListElement":[{"@type":"ListItem","position":1,"name":"Portada","item":"https:\/\/bibliotecavigil.org.ar\/inicio\/"},{"@type":"ListItem","position":2,"name":"Cat\u00e1logo","item":"https:\/\/bibliotecavigil.org.ar\/inicio\/catalogo\/"},{"@type":"ListItem","position":3,"name":"Costura Invisible"}]},{"@type":"WebSite","@id":"https:\/\/bibliotecavigil.org.ar\/inicio\/#website","url":"https:\/\/bibliotecavigil.org.ar\/inicio\/","name":"Biblioteca Vigil","description":"Biblioteca Popular C C Vigil","publisher":{"@id":"https:\/\/bibliotecavigil.org.ar\/inicio\/#organization"},"potentialAction":[{"@type":"SearchAction","target":{"@type":"EntryPoint","urlTemplate":"https:\/\/bibliotecavigil.org.ar\/inicio\/?s={search_term_string}"},"query-input":{"@type":"PropertyValueSpecification","valueRequired":true,"valueName":"search_term_string"}}],"inLanguage":"es"},{"@type":"Organization","@id":"https:\/\/bibliotecavigil.org.ar\/inicio\/#organization","name":"Biblioteca Popular C.C.Vigil","url":"https:\/\/bibliotecavigil.org.ar\/inicio\/","logo":{"@type":"ImageObject","inLanguage":"es","@id":"https:\/\/bibliotecavigil.org.ar\/inicio\/#\/schema\/logo\/image\/","url":"https:\/\/bibliotecavigil.org.ar\/inicio\/wp-content\/uploads\/2023\/06\/Logo-sin-texto-gif.gif","contentUrl":"https:\/\/bibliotecavigil.org.ar\/inicio\/wp-content\/uploads\/2023\/06\/Logo-sin-texto-gif.gif","width":1487,"height":1604,"caption":"Biblioteca Popular C.C.Vigil"},"image":{"@id":"https:\/\/bibliotecavigil.org.ar\/inicio\/#\/schema\/logo\/image\/"}}]}},"_links":{"self":[{"href":"https:\/\/bibliotecavigil.org.ar\/inicio\/wp-json\/wp\/v2\/product\/26869","targetHints":{"allow":["GET"]}}],"collection":[{"href":"https:\/\/bibliotecavigil.org.ar\/inicio\/wp-json\/wp\/v2\/product"}],"about":[{"href":"https:\/\/bibliotecavigil.org.ar\/inicio\/wp-json\/wp\/v2\/types\/product"}],"wp:featuredmedia":[{"embeddable":true,"href":"https:\/\/bibliotecavigil.org.ar\/inicio\/wp-json\/wp\/v2\/media\/26836"}],"wp:attachment":[{"href":"https:\/\/bibliotecavigil.org.ar\/inicio\/wp-json\/wp\/v2\/media?parent=26869"}],"wp:term":[{"taxonomy":"product_brand","embeddable":true,"href":"https:\/\/bibliotecavigil.org.ar\/inicio\/wp-json\/wp\/v2\/product_brand?post=26869"},{"taxonomy":"product_cat","embeddable":true,"href":"https:\/\/bibliotecavigil.org.ar\/inicio\/wp-json\/wp\/v2\/product_cat?post=26869"},{"taxonomy":"product_tag","embeddable":true,"href":"https:\/\/bibliotecavigil.org.ar\/inicio\/wp-json\/wp\/v2\/product_tag?post=26869"}],"curies":[{"name":"wp","href":"https:\/\/api.w.org\/{rel}","templated":true}]}}