{"id":26873,"date":"2020-08-03T20:15:04","date_gmt":"2020-08-03T23:15:04","guid":{"rendered":"https:\/\/bibliotecavigil.com.ar\/?post_type=product&#038;p=26873"},"modified":"2026-03-31T15:18:23","modified_gmt":"2026-03-31T18:18:23","slug":"vertigo","status":"publish","type":"product","link":"https:\/\/bibliotecavigil.org.ar\/inicio\/producto\/vertigo\/","title":{"rendered":"V\u00e9rtigo"},"content":{"rendered":"","protected":false},"excerpt":{"rendered":"<ol>\n<li>Ariel Aguirre. ISBN: 987-978-47021-7-3<\/li>\n<\/ol>\n<p>114 p. \/ cuentos \/ Colecci\u00f3n Prosistas N\u00b0 5 \/ 1\u00b0 edici\u00f3n. Rosario, Editorial Biblioteca, 2020.<\/p>\n<p>Usualmente el t\u00edtulo de un libro no suele ser tan acertado como en la ocasi\u00f3n de lectura que nos convoca. <em>\u00a1V\u00e9rtigo!<\/em>, el cuarto libro del escritor santafesino Ariel Aguirre, es un paseo \u2013o una ca\u00edda- por su prosa alegre, coloquial, llena de las trampas propias del lenguaje escrito cuando logra cautivar. Cada uno de los siete cuentos que lo componen da en la tecla, produce la sensaci\u00f3n de un viaje desesperado que deseamos no termine, volando y cayendo, subiendo y bajando, compenetrados con los personajes de una ficci\u00f3n que bien podr\u00eda articularse en la vida cotidiana, con la desidia, el apremio, la violencia, el rid\u00edculo o el delirio, pero nunca con el aburrimiento.<\/p>\n","protected":false},"featured_media":26854,"template":"","meta":{"_et_pb_use_builder":"","_et_pb_old_content":"","_et_gb_content_width":""},"product_brand":[],"product_cat":[31,32],"product_tag":[],"class_list":{"0":"post-26873","1":"product","2":"type-product","3":"status-publish","4":"has-post-thumbnail","6":"product_cat-novedades","7":"product_cat-prosistas","9":"first","10":"instock","11":"taxable","12":"shipping-taxable","13":"purchasable","14":"product-type-simple"},"yoast_head":"<!-- This site is optimized with the Yoast SEO plugin v27.3 - https:\/\/yoast.com\/product\/yoast-seo-wordpress\/ -->\n<title>V\u00e9rtigo - Biblioteca Vigil<\/title>\n<meta name=\"description\" content=\"Usualmente el t\u00edtulo de un libro no suele ser tan acertado como en la ocasi\u00f3n de lectura que nos convoca. \u00a1V\u00e9rtigo!, el cuarto libro del escritor ...\" \/>\n<meta name=\"robots\" content=\"index, follow, max-snippet:-1, max-image-preview:large, max-video-preview:-1\" \/>\n<link rel=\"canonical\" href=\"https:\/\/bibliotecavigil.org.ar\/inicio\/producto\/vertigo\/\" \/>\n<meta property=\"og:locale\" content=\"es_ES\" \/>\n<meta property=\"og:type\" content=\"article\" \/>\n<meta property=\"og:title\" content=\"V\u00e9rtigo - Biblioteca Vigil\" \/>\n<meta property=\"og:description\" content=\"Usualmente el t\u00edtulo de un libro no suele ser tan acertado como en la ocasi\u00f3n de lectura que nos convoca. \u00a1V\u00e9rtigo!, el cuarto libro del escritor ...\" \/>\n<meta property=\"og:url\" content=\"https:\/\/bibliotecavigil.org.ar\/inicio\/producto\/vertigo\/\" \/>\n<meta property=\"og:site_name\" content=\"Biblioteca Vigil\" \/>\n<meta property=\"article:modified_time\" content=\"2026-03-31T18:18:23+00:00\" \/>\n<meta property=\"og:image\" content=\"https:\/\/bibliotecavigil.org.ar\/inicio\/wp-content\/uploads\/2020\/07\/tapa-vertigo.jpg\" \/>\n\t<meta property=\"og:image:width\" content=\"819\" \/>\n\t<meta property=\"og:image:height\" content=\"1181\" \/>\n\t<meta property=\"og:image:type\" content=\"image\/jpeg\" \/>\n<meta name=\"twitter:card\" content=\"summary_large_image\" \/>\n<script type=\"application\/ld+json\" class=\"yoast-schema-graph\">{\"@context\":\"https:\\\/\\\/schema.org\",\"@graph\":[{\"@type\":\"WebPage\",\"@id\":\"https:\\\/\\\/bibliotecavigil.org.ar\\\/inicio\\\/producto\\\/vertigo\\\/\",\"url\":\"https:\\\/\\\/bibliotecavigil.org.ar\\\/inicio\\\/producto\\\/vertigo\\\/\",\"name\":\"V\u00e9rtigo - Biblioteca Vigil\",\"isPartOf\":{\"@id\":\"https:\\\/\\\/bibliotecavigil.org.ar\\\/inicio\\\/#website\"},\"primaryImageOfPage\":{\"@id\":\"https:\\\/\\\/bibliotecavigil.org.ar\\\/inicio\\\/producto\\\/vertigo\\\/#primaryimage\"},\"image\":{\"@id\":\"https:\\\/\\\/bibliotecavigil.org.ar\\\/inicio\\\/producto\\\/vertigo\\\/#primaryimage\"},\"thumbnailUrl\":\"https:\\\/\\\/bibliotecavigil.org.ar\\\/inicio\\\/wp-content\\\/uploads\\\/2020\\\/07\\\/tapa-vertigo.jpg\",\"datePublished\":\"2020-08-03T23:15:04+00:00\",\"dateModified\":\"2026-03-31T18:18:23+00:00\",\"description\":\"Usualmente el t\u00edtulo de un libro no suele ser tan acertado como en la ocasi\u00f3n de lectura que nos convoca. \u00a1V\u00e9rtigo!, el cuarto libro del escritor ...\",\"breadcrumb\":{\"@id\":\"https:\\\/\\\/bibliotecavigil.org.ar\\\/inicio\\\/producto\\\/vertigo\\\/#breadcrumb\"},\"inLanguage\":\"es\",\"potentialAction\":[{\"@type\":\"ReadAction\",\"target\":[\"https:\\\/\\\/bibliotecavigil.org.ar\\\/inicio\\\/producto\\\/vertigo\\\/\"]}]},{\"@type\":\"ImageObject\",\"inLanguage\":\"es\",\"@id\":\"https:\\\/\\\/bibliotecavigil.org.ar\\\/inicio\\\/producto\\\/vertigo\\\/#primaryimage\",\"url\":\"https:\\\/\\\/bibliotecavigil.org.ar\\\/inicio\\\/wp-content\\\/uploads\\\/2020\\\/07\\\/tapa-vertigo.jpg\",\"contentUrl\":\"https:\\\/\\\/bibliotecavigil.org.ar\\\/inicio\\\/wp-content\\\/uploads\\\/2020\\\/07\\\/tapa-vertigo.jpg\",\"width\":819,\"height\":1181},{\"@type\":\"BreadcrumbList\",\"@id\":\"https:\\\/\\\/bibliotecavigil.org.ar\\\/inicio\\\/producto\\\/vertigo\\\/#breadcrumb\",\"itemListElement\":[{\"@type\":\"ListItem\",\"position\":1,\"name\":\"Portada\",\"item\":\"https:\\\/\\\/bibliotecavigil.org.ar\\\/inicio\\\/\"},{\"@type\":\"ListItem\",\"position\":2,\"name\":\"Cat\u00e1logo\",\"item\":\"https:\\\/\\\/bibliotecavigil.org.ar\\\/inicio\\\/catalogo\\\/\"},{\"@type\":\"ListItem\",\"position\":3,\"name\":\"V\u00e9rtigo\"}]},{\"@type\":\"WebSite\",\"@id\":\"https:\\\/\\\/bibliotecavigil.org.ar\\\/inicio\\\/#website\",\"url\":\"https:\\\/\\\/bibliotecavigil.org.ar\\\/inicio\\\/\",\"name\":\"Biblioteca Vigil\",\"description\":\"Biblioteca Popular C C Vigil\",\"publisher\":{\"@id\":\"https:\\\/\\\/bibliotecavigil.org.ar\\\/inicio\\\/#organization\"},\"potentialAction\":[{\"@type\":\"SearchAction\",\"target\":{\"@type\":\"EntryPoint\",\"urlTemplate\":\"https:\\\/\\\/bibliotecavigil.org.ar\\\/inicio\\\/?s={search_term_string}\"},\"query-input\":{\"@type\":\"PropertyValueSpecification\",\"valueRequired\":true,\"valueName\":\"search_term_string\"}}],\"inLanguage\":\"es\"},{\"@type\":\"Organization\",\"@id\":\"https:\\\/\\\/bibliotecavigil.org.ar\\\/inicio\\\/#organization\",\"name\":\"Biblioteca Popular C.C.Vigil\",\"url\":\"https:\\\/\\\/bibliotecavigil.org.ar\\\/inicio\\\/\",\"logo\":{\"@type\":\"ImageObject\",\"inLanguage\":\"es\",\"@id\":\"https:\\\/\\\/bibliotecavigil.org.ar\\\/inicio\\\/#\\\/schema\\\/logo\\\/image\\\/\",\"url\":\"https:\\\/\\\/bibliotecavigil.org.ar\\\/inicio\\\/wp-content\\\/uploads\\\/2023\\\/06\\\/Logo-sin-texto-gif.gif\",\"contentUrl\":\"https:\\\/\\\/bibliotecavigil.org.ar\\\/inicio\\\/wp-content\\\/uploads\\\/2023\\\/06\\\/Logo-sin-texto-gif.gif\",\"width\":1487,\"height\":1604,\"caption\":\"Biblioteca Popular C.C.Vigil\"},\"image\":{\"@id\":\"https:\\\/\\\/bibliotecavigil.org.ar\\\/inicio\\\/#\\\/schema\\\/logo\\\/image\\\/\"}}]}<\/script>\n<!-- \/ Yoast SEO plugin. -->","yoast_head_json":{"title":"V\u00e9rtigo - Biblioteca Vigil","description":"Usualmente el t\u00edtulo de un libro no suele ser tan acertado como en la ocasi\u00f3n de lectura que nos convoca. \u00a1V\u00e9rtigo!, el cuarto libro del escritor ...","robots":{"index":"index","follow":"follow","max-snippet":"max-snippet:-1","max-image-preview":"max-image-preview:large","max-video-preview":"max-video-preview:-1"},"canonical":"https:\/\/bibliotecavigil.org.ar\/inicio\/producto\/vertigo\/","og_locale":"es_ES","og_type":"article","og_title":"V\u00e9rtigo - Biblioteca Vigil","og_description":"Usualmente el t\u00edtulo de un libro no suele ser tan acertado como en la ocasi\u00f3n de lectura que nos convoca. \u00a1V\u00e9rtigo!, el cuarto libro del escritor ...","og_url":"https:\/\/bibliotecavigil.org.ar\/inicio\/producto\/vertigo\/","og_site_name":"Biblioteca Vigil","article_modified_time":"2026-03-31T18:18:23+00:00","og_image":[{"width":819,"height":1181,"url":"https:\/\/bibliotecavigil.org.ar\/inicio\/wp-content\/uploads\/2020\/07\/tapa-vertigo.jpg","type":"image\/jpeg"}],"twitter_card":"summary_large_image","schema":{"@context":"https:\/\/schema.org","@graph":[{"@type":"WebPage","@id":"https:\/\/bibliotecavigil.org.ar\/inicio\/producto\/vertigo\/","url":"https:\/\/bibliotecavigil.org.ar\/inicio\/producto\/vertigo\/","name":"V\u00e9rtigo - Biblioteca Vigil","isPartOf":{"@id":"https:\/\/bibliotecavigil.org.ar\/inicio\/#website"},"primaryImageOfPage":{"@id":"https:\/\/bibliotecavigil.org.ar\/inicio\/producto\/vertigo\/#primaryimage"},"image":{"@id":"https:\/\/bibliotecavigil.org.ar\/inicio\/producto\/vertigo\/#primaryimage"},"thumbnailUrl":"https:\/\/bibliotecavigil.org.ar\/inicio\/wp-content\/uploads\/2020\/07\/tapa-vertigo.jpg","datePublished":"2020-08-03T23:15:04+00:00","dateModified":"2026-03-31T18:18:23+00:00","description":"Usualmente el t\u00edtulo de un libro no suele ser tan acertado como en la ocasi\u00f3n de lectura que nos convoca. \u00a1V\u00e9rtigo!, el cuarto libro del escritor ...","breadcrumb":{"@id":"https:\/\/bibliotecavigil.org.ar\/inicio\/producto\/vertigo\/#breadcrumb"},"inLanguage":"es","potentialAction":[{"@type":"ReadAction","target":["https:\/\/bibliotecavigil.org.ar\/inicio\/producto\/vertigo\/"]}]},{"@type":"ImageObject","inLanguage":"es","@id":"https:\/\/bibliotecavigil.org.ar\/inicio\/producto\/vertigo\/#primaryimage","url":"https:\/\/bibliotecavigil.org.ar\/inicio\/wp-content\/uploads\/2020\/07\/tapa-vertigo.jpg","contentUrl":"https:\/\/bibliotecavigil.org.ar\/inicio\/wp-content\/uploads\/2020\/07\/tapa-vertigo.jpg","width":819,"height":1181},{"@type":"BreadcrumbList","@id":"https:\/\/bibliotecavigil.org.ar\/inicio\/producto\/vertigo\/#breadcrumb","itemListElement":[{"@type":"ListItem","position":1,"name":"Portada","item":"https:\/\/bibliotecavigil.org.ar\/inicio\/"},{"@type":"ListItem","position":2,"name":"Cat\u00e1logo","item":"https:\/\/bibliotecavigil.org.ar\/inicio\/catalogo\/"},{"@type":"ListItem","position":3,"name":"V\u00e9rtigo"}]},{"@type":"WebSite","@id":"https:\/\/bibliotecavigil.org.ar\/inicio\/#website","url":"https:\/\/bibliotecavigil.org.ar\/inicio\/","name":"Biblioteca Vigil","description":"Biblioteca Popular C C Vigil","publisher":{"@id":"https:\/\/bibliotecavigil.org.ar\/inicio\/#organization"},"potentialAction":[{"@type":"SearchAction","target":{"@type":"EntryPoint","urlTemplate":"https:\/\/bibliotecavigil.org.ar\/inicio\/?s={search_term_string}"},"query-input":{"@type":"PropertyValueSpecification","valueRequired":true,"valueName":"search_term_string"}}],"inLanguage":"es"},{"@type":"Organization","@id":"https:\/\/bibliotecavigil.org.ar\/inicio\/#organization","name":"Biblioteca Popular C.C.Vigil","url":"https:\/\/bibliotecavigil.org.ar\/inicio\/","logo":{"@type":"ImageObject","inLanguage":"es","@id":"https:\/\/bibliotecavigil.org.ar\/inicio\/#\/schema\/logo\/image\/","url":"https:\/\/bibliotecavigil.org.ar\/inicio\/wp-content\/uploads\/2023\/06\/Logo-sin-texto-gif.gif","contentUrl":"https:\/\/bibliotecavigil.org.ar\/inicio\/wp-content\/uploads\/2023\/06\/Logo-sin-texto-gif.gif","width":1487,"height":1604,"caption":"Biblioteca Popular C.C.Vigil"},"image":{"@id":"https:\/\/bibliotecavigil.org.ar\/inicio\/#\/schema\/logo\/image\/"}}]}},"_links":{"self":[{"href":"https:\/\/bibliotecavigil.org.ar\/inicio\/wp-json\/wp\/v2\/product\/26873","targetHints":{"allow":["GET"]}}],"collection":[{"href":"https:\/\/bibliotecavigil.org.ar\/inicio\/wp-json\/wp\/v2\/product"}],"about":[{"href":"https:\/\/bibliotecavigil.org.ar\/inicio\/wp-json\/wp\/v2\/types\/product"}],"wp:featuredmedia":[{"embeddable":true,"href":"https:\/\/bibliotecavigil.org.ar\/inicio\/wp-json\/wp\/v2\/media\/26854"}],"wp:attachment":[{"href":"https:\/\/bibliotecavigil.org.ar\/inicio\/wp-json\/wp\/v2\/media?parent=26873"}],"wp:term":[{"taxonomy":"product_brand","embeddable":true,"href":"https:\/\/bibliotecavigil.org.ar\/inicio\/wp-json\/wp\/v2\/product_brand?post=26873"},{"taxonomy":"product_cat","embeddable":true,"href":"https:\/\/bibliotecavigil.org.ar\/inicio\/wp-json\/wp\/v2\/product_cat?post=26873"},{"taxonomy":"product_tag","embeddable":true,"href":"https:\/\/bibliotecavigil.org.ar\/inicio\/wp-json\/wp\/v2\/product_tag?post=26873"}],"curies":[{"name":"wp","href":"https:\/\/api.w.org\/{rel}","templated":true}]}}