{"id":26887,"date":"2020-08-03T23:48:15","date_gmt":"2020-08-04T02:48:15","guid":{"rendered":"https:\/\/bibliotecavigil.com.ar\/?post_type=product&#038;p=26887"},"modified":"2026-03-31T15:17:15","modified_gmt":"2026-03-31T18:17:15","slug":"patria-y-muerte","status":"publish","type":"product","link":"https:\/\/bibliotecavigil.org.ar\/inicio\/producto\/patria-y-muerte\/","title":{"rendered":"Patria y muerte"},"content":{"rendered":"","protected":false},"excerpt":{"rendered":"<p><em>Patria y muerte. Escritos sobre literatura y pol\u00edtica argentina.<\/em><\/p>\n<ol>\n<li>Miguel Dalmaroni<\/li>\n<\/ol>\n<p>144 p. \/ Cr\u00edtica literaria \/ Colecci\u00f3n Ensayos N\u00b0 7 \/ 1\u00b0 edici\u00f3n. Rosario, Editorial Biblioteca, 2020.<\/p>\n<div class=\"gs\">\n<div class=\"\">\n<div id=\":16m\" class=\"ii gt\">\n<div id=\":oi\" class=\"a3s aXjCH \">\n<div dir=\"ltr\">\n<div>La disputa por el proceso de la colonialidad argentina no se integra todav\u00eda como sentido com\u00fan al sustrato patrio de la literatura nacional, por eso Dalmaroni retoma algunos viejos t\u00f3picos de la nacionalidad para despejar, no s\u00f3lo lo \u00a0sabido, sino una manera de configurar ese saber. En una serie de ensayos cruzados por textos y materiales diversos, repone efectos vitales de la literatura por fuera de la estricta circulaci\u00f3n de la cultura que podr\u00edamos considerar propia de las \u00e9lites y nos arroja a una correntada furiosa en la que una vez metidos, podemos, sin necesidad de perder la vida, remar, patalear o dejarnos llevar como sencillos lectores.<\/div>\n<\/div>\n<div class=\"yj6qo\"><\/div>\n<div class=\"adL\"><\/div>\n<\/div>\n<\/div>\n<div class=\"hi\"><\/div>\n<\/div>\n<\/div>\n","protected":false},"featured_media":26846,"template":"","meta":{"_et_pb_use_builder":"","_et_pb_old_content":"","_et_gb_content_width":""},"product_brand":[],"product_cat":[21,31],"product_tag":[],"class_list":{"0":"post-26887","1":"product","2":"type-product","3":"status-publish","4":"has-post-thumbnail","6":"product_cat-ensayos","7":"product_cat-novedades","9":"first","10":"instock","11":"taxable","12":"shipping-taxable","13":"purchasable","14":"product-type-simple"},"yoast_head":"<!-- This site is optimized with the Yoast SEO plugin v27.3 - https:\/\/yoast.com\/product\/yoast-seo-wordpress\/ -->\n<title>Patria y muerte - Biblioteca Vigil<\/title>\n<meta name=\"description\" content=\"[\u2026] Dalmaroni comparte sus reflexiones deseante, divertido, pol\u00e9mico, con una escritura que repiensa la violencia constitutiva de la lucha de clases...\" \/>\n<meta name=\"robots\" content=\"index, follow, max-snippet:-1, max-image-preview:large, max-video-preview:-1\" \/>\n<link rel=\"canonical\" href=\"https:\/\/bibliotecavigil.org.ar\/inicio\/producto\/patria-y-muerte\/\" \/>\n<meta property=\"og:locale\" content=\"es_ES\" \/>\n<meta property=\"og:type\" content=\"article\" \/>\n<meta property=\"og:title\" content=\"Patria y muerte - Biblioteca Vigil\" \/>\n<meta property=\"og:description\" content=\"[\u2026] Dalmaroni comparte sus reflexiones deseante, divertido, pol\u00e9mico, con una escritura que repiensa la violencia constitutiva de la lucha de clases...\" \/>\n<meta property=\"og:url\" content=\"https:\/\/bibliotecavigil.org.ar\/inicio\/producto\/patria-y-muerte\/\" \/>\n<meta property=\"og:site_name\" content=\"Biblioteca Vigil\" \/>\n<meta property=\"article:modified_time\" content=\"2026-03-31T18:17:15+00:00\" \/>\n<meta property=\"og:image\" content=\"https:\/\/bibliotecavigil.org.ar\/inicio\/wp-content\/uploads\/2020\/07\/Ensayos-Patria-o-muerte.jpg\" \/>\n\t<meta property=\"og:image:width\" content=\"559\" \/>\n\t<meta property=\"og:image:height\" content=\"800\" \/>\n\t<meta property=\"og:image:type\" content=\"image\/jpeg\" \/>\n<meta name=\"twitter:card\" content=\"summary_large_image\" \/>\n<script type=\"application\/ld+json\" class=\"yoast-schema-graph\">{\"@context\":\"https:\\\/\\\/schema.org\",\"@graph\":[{\"@type\":\"WebPage\",\"@id\":\"https:\\\/\\\/bibliotecavigil.org.ar\\\/inicio\\\/producto\\\/patria-y-muerte\\\/\",\"url\":\"https:\\\/\\\/bibliotecavigil.org.ar\\\/inicio\\\/producto\\\/patria-y-muerte\\\/\",\"name\":\"Patria y muerte - Biblioteca Vigil\",\"isPartOf\":{\"@id\":\"https:\\\/\\\/bibliotecavigil.org.ar\\\/inicio\\\/#website\"},\"primaryImageOfPage\":{\"@id\":\"https:\\\/\\\/bibliotecavigil.org.ar\\\/inicio\\\/producto\\\/patria-y-muerte\\\/#primaryimage\"},\"image\":{\"@id\":\"https:\\\/\\\/bibliotecavigil.org.ar\\\/inicio\\\/producto\\\/patria-y-muerte\\\/#primaryimage\"},\"thumbnailUrl\":\"https:\\\/\\\/bibliotecavigil.org.ar\\\/inicio\\\/wp-content\\\/uploads\\\/2020\\\/07\\\/Ensayos-Patria-o-muerte.jpg\",\"datePublished\":\"2020-08-04T02:48:15+00:00\",\"dateModified\":\"2026-03-31T18:17:15+00:00\",\"description\":\"[\u2026] Dalmaroni comparte sus reflexiones deseante, divertido, pol\u00e9mico, con una escritura que repiensa la violencia constitutiva de la lucha de clases...\",\"breadcrumb\":{\"@id\":\"https:\\\/\\\/bibliotecavigil.org.ar\\\/inicio\\\/producto\\\/patria-y-muerte\\\/#breadcrumb\"},\"inLanguage\":\"es\",\"potentialAction\":[{\"@type\":\"ReadAction\",\"target\":[\"https:\\\/\\\/bibliotecavigil.org.ar\\\/inicio\\\/producto\\\/patria-y-muerte\\\/\"]}]},{\"@type\":\"ImageObject\",\"inLanguage\":\"es\",\"@id\":\"https:\\\/\\\/bibliotecavigil.org.ar\\\/inicio\\\/producto\\\/patria-y-muerte\\\/#primaryimage\",\"url\":\"https:\\\/\\\/bibliotecavigil.org.ar\\\/inicio\\\/wp-content\\\/uploads\\\/2020\\\/07\\\/Ensayos-Patria-o-muerte.jpg\",\"contentUrl\":\"https:\\\/\\\/bibliotecavigil.org.ar\\\/inicio\\\/wp-content\\\/uploads\\\/2020\\\/07\\\/Ensayos-Patria-o-muerte.jpg\",\"width\":559,\"height\":800},{\"@type\":\"BreadcrumbList\",\"@id\":\"https:\\\/\\\/bibliotecavigil.org.ar\\\/inicio\\\/producto\\\/patria-y-muerte\\\/#breadcrumb\",\"itemListElement\":[{\"@type\":\"ListItem\",\"position\":1,\"name\":\"Portada\",\"item\":\"https:\\\/\\\/bibliotecavigil.org.ar\\\/inicio\\\/\"},{\"@type\":\"ListItem\",\"position\":2,\"name\":\"Cat\u00e1logo\",\"item\":\"https:\\\/\\\/bibliotecavigil.org.ar\\\/inicio\\\/catalogo\\\/\"},{\"@type\":\"ListItem\",\"position\":3,\"name\":\"Patria y muerte\"}]},{\"@type\":\"WebSite\",\"@id\":\"https:\\\/\\\/bibliotecavigil.org.ar\\\/inicio\\\/#website\",\"url\":\"https:\\\/\\\/bibliotecavigil.org.ar\\\/inicio\\\/\",\"name\":\"Biblioteca Vigil\",\"description\":\"Biblioteca Popular C C Vigil\",\"publisher\":{\"@id\":\"https:\\\/\\\/bibliotecavigil.org.ar\\\/inicio\\\/#organization\"},\"potentialAction\":[{\"@type\":\"SearchAction\",\"target\":{\"@type\":\"EntryPoint\",\"urlTemplate\":\"https:\\\/\\\/bibliotecavigil.org.ar\\\/inicio\\\/?s={search_term_string}\"},\"query-input\":{\"@type\":\"PropertyValueSpecification\",\"valueRequired\":true,\"valueName\":\"search_term_string\"}}],\"inLanguage\":\"es\"},{\"@type\":\"Organization\",\"@id\":\"https:\\\/\\\/bibliotecavigil.org.ar\\\/inicio\\\/#organization\",\"name\":\"Biblioteca Popular C.C.Vigil\",\"url\":\"https:\\\/\\\/bibliotecavigil.org.ar\\\/inicio\\\/\",\"logo\":{\"@type\":\"ImageObject\",\"inLanguage\":\"es\",\"@id\":\"https:\\\/\\\/bibliotecavigil.org.ar\\\/inicio\\\/#\\\/schema\\\/logo\\\/image\\\/\",\"url\":\"https:\\\/\\\/bibliotecavigil.org.ar\\\/inicio\\\/wp-content\\\/uploads\\\/2023\\\/06\\\/Logo-sin-texto-gif.gif\",\"contentUrl\":\"https:\\\/\\\/bibliotecavigil.org.ar\\\/inicio\\\/wp-content\\\/uploads\\\/2023\\\/06\\\/Logo-sin-texto-gif.gif\",\"width\":1487,\"height\":1604,\"caption\":\"Biblioteca Popular C.C.Vigil\"},\"image\":{\"@id\":\"https:\\\/\\\/bibliotecavigil.org.ar\\\/inicio\\\/#\\\/schema\\\/logo\\\/image\\\/\"}}]}<\/script>\n<!-- \/ Yoast SEO plugin. -->","yoast_head_json":{"title":"Patria y muerte - Biblioteca Vigil","description":"[\u2026] Dalmaroni comparte sus reflexiones deseante, divertido, pol\u00e9mico, con una escritura que repiensa la violencia constitutiva de la lucha de clases...","robots":{"index":"index","follow":"follow","max-snippet":"max-snippet:-1","max-image-preview":"max-image-preview:large","max-video-preview":"max-video-preview:-1"},"canonical":"https:\/\/bibliotecavigil.org.ar\/inicio\/producto\/patria-y-muerte\/","og_locale":"es_ES","og_type":"article","og_title":"Patria y muerte - Biblioteca Vigil","og_description":"[\u2026] Dalmaroni comparte sus reflexiones deseante, divertido, pol\u00e9mico, con una escritura que repiensa la violencia constitutiva de la lucha de clases...","og_url":"https:\/\/bibliotecavigil.org.ar\/inicio\/producto\/patria-y-muerte\/","og_site_name":"Biblioteca Vigil","article_modified_time":"2026-03-31T18:17:15+00:00","og_image":[{"width":559,"height":800,"url":"https:\/\/bibliotecavigil.org.ar\/inicio\/wp-content\/uploads\/2020\/07\/Ensayos-Patria-o-muerte.jpg","type":"image\/jpeg"}],"twitter_card":"summary_large_image","schema":{"@context":"https:\/\/schema.org","@graph":[{"@type":"WebPage","@id":"https:\/\/bibliotecavigil.org.ar\/inicio\/producto\/patria-y-muerte\/","url":"https:\/\/bibliotecavigil.org.ar\/inicio\/producto\/patria-y-muerte\/","name":"Patria y muerte - Biblioteca Vigil","isPartOf":{"@id":"https:\/\/bibliotecavigil.org.ar\/inicio\/#website"},"primaryImageOfPage":{"@id":"https:\/\/bibliotecavigil.org.ar\/inicio\/producto\/patria-y-muerte\/#primaryimage"},"image":{"@id":"https:\/\/bibliotecavigil.org.ar\/inicio\/producto\/patria-y-muerte\/#primaryimage"},"thumbnailUrl":"https:\/\/bibliotecavigil.org.ar\/inicio\/wp-content\/uploads\/2020\/07\/Ensayos-Patria-o-muerte.jpg","datePublished":"2020-08-04T02:48:15+00:00","dateModified":"2026-03-31T18:17:15+00:00","description":"[\u2026] Dalmaroni comparte sus reflexiones deseante, divertido, pol\u00e9mico, con una escritura que repiensa la violencia constitutiva de la lucha de clases...","breadcrumb":{"@id":"https:\/\/bibliotecavigil.org.ar\/inicio\/producto\/patria-y-muerte\/#breadcrumb"},"inLanguage":"es","potentialAction":[{"@type":"ReadAction","target":["https:\/\/bibliotecavigil.org.ar\/inicio\/producto\/patria-y-muerte\/"]}]},{"@type":"ImageObject","inLanguage":"es","@id":"https:\/\/bibliotecavigil.org.ar\/inicio\/producto\/patria-y-muerte\/#primaryimage","url":"https:\/\/bibliotecavigil.org.ar\/inicio\/wp-content\/uploads\/2020\/07\/Ensayos-Patria-o-muerte.jpg","contentUrl":"https:\/\/bibliotecavigil.org.ar\/inicio\/wp-content\/uploads\/2020\/07\/Ensayos-Patria-o-muerte.jpg","width":559,"height":800},{"@type":"BreadcrumbList","@id":"https:\/\/bibliotecavigil.org.ar\/inicio\/producto\/patria-y-muerte\/#breadcrumb","itemListElement":[{"@type":"ListItem","position":1,"name":"Portada","item":"https:\/\/bibliotecavigil.org.ar\/inicio\/"},{"@type":"ListItem","position":2,"name":"Cat\u00e1logo","item":"https:\/\/bibliotecavigil.org.ar\/inicio\/catalogo\/"},{"@type":"ListItem","position":3,"name":"Patria y muerte"}]},{"@type":"WebSite","@id":"https:\/\/bibliotecavigil.org.ar\/inicio\/#website","url":"https:\/\/bibliotecavigil.org.ar\/inicio\/","name":"Biblioteca Vigil","description":"Biblioteca Popular C C Vigil","publisher":{"@id":"https:\/\/bibliotecavigil.org.ar\/inicio\/#organization"},"potentialAction":[{"@type":"SearchAction","target":{"@type":"EntryPoint","urlTemplate":"https:\/\/bibliotecavigil.org.ar\/inicio\/?s={search_term_string}"},"query-input":{"@type":"PropertyValueSpecification","valueRequired":true,"valueName":"search_term_string"}}],"inLanguage":"es"},{"@type":"Organization","@id":"https:\/\/bibliotecavigil.org.ar\/inicio\/#organization","name":"Biblioteca Popular C.C.Vigil","url":"https:\/\/bibliotecavigil.org.ar\/inicio\/","logo":{"@type":"ImageObject","inLanguage":"es","@id":"https:\/\/bibliotecavigil.org.ar\/inicio\/#\/schema\/logo\/image\/","url":"https:\/\/bibliotecavigil.org.ar\/inicio\/wp-content\/uploads\/2023\/06\/Logo-sin-texto-gif.gif","contentUrl":"https:\/\/bibliotecavigil.org.ar\/inicio\/wp-content\/uploads\/2023\/06\/Logo-sin-texto-gif.gif","width":1487,"height":1604,"caption":"Biblioteca Popular C.C.Vigil"},"image":{"@id":"https:\/\/bibliotecavigil.org.ar\/inicio\/#\/schema\/logo\/image\/"}}]}},"_links":{"self":[{"href":"https:\/\/bibliotecavigil.org.ar\/inicio\/wp-json\/wp\/v2\/product\/26887","targetHints":{"allow":["GET"]}}],"collection":[{"href":"https:\/\/bibliotecavigil.org.ar\/inicio\/wp-json\/wp\/v2\/product"}],"about":[{"href":"https:\/\/bibliotecavigil.org.ar\/inicio\/wp-json\/wp\/v2\/types\/product"}],"wp:featuredmedia":[{"embeddable":true,"href":"https:\/\/bibliotecavigil.org.ar\/inicio\/wp-json\/wp\/v2\/media\/26846"}],"wp:attachment":[{"href":"https:\/\/bibliotecavigil.org.ar\/inicio\/wp-json\/wp\/v2\/media?parent=26887"}],"wp:term":[{"taxonomy":"product_brand","embeddable":true,"href":"https:\/\/bibliotecavigil.org.ar\/inicio\/wp-json\/wp\/v2\/product_brand?post=26887"},{"taxonomy":"product_cat","embeddable":true,"href":"https:\/\/bibliotecavigil.org.ar\/inicio\/wp-json\/wp\/v2\/product_cat?post=26887"},{"taxonomy":"product_tag","embeddable":true,"href":"https:\/\/bibliotecavigil.org.ar\/inicio\/wp-json\/wp\/v2\/product_tag?post=26887"}],"curies":[{"name":"wp","href":"https:\/\/api.w.org\/{rel}","templated":true}]}}