{"id":26889,"date":"2020-08-03T23:54:58","date_gmt":"2020-08-04T02:54:58","guid":{"rendered":"https:\/\/bibliotecavigil.com.ar\/?post_type=product&#038;p=26889"},"modified":"2026-03-31T15:16:43","modified_gmt":"2026-03-31T18:16:43","slug":"el-fusilamiento-de-penina","status":"publish","type":"product","link":"https:\/\/bibliotecavigil.org.ar\/inicio\/producto\/el-fusilamiento-de-penina\/","title":{"rendered":"El fusilamiento de Penina"},"content":{"rendered":"","protected":false},"excerpt":{"rendered":"<p>de Aldo Oliva<\/p>\n<p>132 p. \/ Colecci\u00f3n Testimonios \/ 3\u00b0 reedici\u00f3n. Rosario, Editorial Biblioteca, 2023<strong>.<\/strong><\/p>\n<p><i><span style=\"font-weight: 400;\">El fusilamiento de Penina<\/span><\/i><span style=\"font-weight: 400;\"> es un libro emblem\u00e1tico: cr\u00f3nica del asesinato del militante anarquista Joaqu\u00edn Penina y de la primera \u201cdesaparici\u00f3n\u201d de la historia Argentina.\u00a0<\/span><\/p>\n<p><span style=\"font-weight: 400;\">M\u00e1s tarde, cuando la \u00faltima dictadura militar intervino la Biblioteca Vigil, crey\u00f3 destruir la primera edici\u00f3n. Sin embargo, en 2004 apareci\u00f3 un ejemplar: ten\u00eda la tapa y los datos de la edici\u00f3n mutilados. Tal vez, el tributo pagado a cambio de su supervivencia.\u00a0<\/span><\/p>\n<p><span style=\"font-weight: 400;\">Ese volumen \u2013que se conserva en el Museo de la Memoria de Rosario- cambia el estatuto del libro y su reaparici\u00f3n lo convirti\u00f3 en el t\u00edtulo que, recuperada la Biblioteca, reinaugura el proyecto editorial en 2015.<\/span><\/p>\n<p><span style=\"font-weight: 400;\">En plena pandemia, mientras se preparaba una reedici\u00f3n, un socio de Vigil que sab\u00eda de los avatares del libro fue sorprendido por la imagen de una tapa que pod\u00eda ser la original.\u00a0<\/span><\/p>\n<p><span style=\"font-weight: 400;\">Por su gesti\u00f3n, y por la donaci\u00f3n del librero que comparti\u00f3 la foto, se comprob\u00f3 que era un ejemplar de la primera edici\u00f3n. Desaparecido y reaparecido una y otra vez, este libro-alegor\u00eda es hoy parte del patrimonio de la Biblioteca y motiva esta reedici\u00f3n que reproduce su dise\u00f1o original.<\/span><\/p>\n<p>&nbsp;<\/p>\n","protected":false},"featured_media":31693,"template":"","meta":{"_et_pb_use_builder":"","_et_pb_old_content":"","_et_gb_content_width":""},"product_brand":[],"product_cat":[37],"product_tag":[],"class_list":{"0":"post-26889","1":"product","2":"type-product","3":"status-publish","4":"has-post-thumbnail","6":"product_cat-testimonios","8":"first","9":"instock","10":"taxable","11":"shipping-taxable","12":"purchasable","13":"product-type-simple"},"yoast_head":"<!-- This site is optimized with the Yoast SEO plugin v27.3 - https:\/\/yoast.com\/product\/yoast-seo-wordpress\/ -->\n<title>El fusilamiento de Penina - Biblioteca Vigil<\/title>\n<meta name=\"description\" content=\"El fusilamiento de Penina es un libro emblem\u00e1tico: cr\u00f3nica del asesinato del militante anarquista Joaqu\u00edn Penina y de la primera \u201cdesaparici\u00f3n\u201d de la\" \/>\n<meta name=\"robots\" content=\"index, follow, max-snippet:-1, max-image-preview:large, max-video-preview:-1\" \/>\n<link rel=\"canonical\" href=\"https:\/\/bibliotecavigil.org.ar\/inicio\/producto\/el-fusilamiento-de-penina\/\" \/>\n<meta property=\"og:locale\" content=\"es_ES\" \/>\n<meta property=\"og:type\" content=\"article\" \/>\n<meta property=\"og:title\" content=\"El fusilamiento de Penina - Biblioteca Vigil\" \/>\n<meta property=\"og:description\" content=\"El fusilamiento de Penina es un libro emblem\u00e1tico: cr\u00f3nica del asesinato del militante anarquista Joaqu\u00edn Penina y de la primera \u201cdesaparici\u00f3n\u201d de la\" \/>\n<meta property=\"og:url\" content=\"https:\/\/bibliotecavigil.org.ar\/inicio\/producto\/el-fusilamiento-de-penina\/\" \/>\n<meta property=\"og:site_name\" content=\"Biblioteca Vigil\" \/>\n<meta property=\"article:modified_time\" content=\"2026-03-31T18:16:43+00:00\" \/>\n<meta property=\"og:image\" content=\"https:\/\/bibliotecavigil.org.ar\/inicio\/wp-content\/uploads\/2020\/08\/solo-tapa.jpg\" \/>\n\t<meta property=\"og:image:width\" content=\"396\" \/>\n\t<meta property=\"og:image:height\" content=\"598\" \/>\n\t<meta property=\"og:image:type\" content=\"image\/jpeg\" \/>\n<meta name=\"twitter:card\" content=\"summary_large_image\" \/>\n<script type=\"application\/ld+json\" class=\"yoast-schema-graph\">{\"@context\":\"https:\\\/\\\/schema.org\",\"@graph\":[{\"@type\":\"WebPage\",\"@id\":\"https:\\\/\\\/bibliotecavigil.org.ar\\\/inicio\\\/producto\\\/el-fusilamiento-de-penina\\\/\",\"url\":\"https:\\\/\\\/bibliotecavigil.org.ar\\\/inicio\\\/producto\\\/el-fusilamiento-de-penina\\\/\",\"name\":\"El fusilamiento de Penina - Biblioteca Vigil\",\"isPartOf\":{\"@id\":\"https:\\\/\\\/bibliotecavigil.org.ar\\\/inicio\\\/#website\"},\"primaryImageOfPage\":{\"@id\":\"https:\\\/\\\/bibliotecavigil.org.ar\\\/inicio\\\/producto\\\/el-fusilamiento-de-penina\\\/#primaryimage\"},\"image\":{\"@id\":\"https:\\\/\\\/bibliotecavigil.org.ar\\\/inicio\\\/producto\\\/el-fusilamiento-de-penina\\\/#primaryimage\"},\"thumbnailUrl\":\"https:\\\/\\\/bibliotecavigil.org.ar\\\/inicio\\\/wp-content\\\/uploads\\\/2020\\\/08\\\/solo-tapa.jpg\",\"datePublished\":\"2020-08-04T02:54:58+00:00\",\"dateModified\":\"2026-03-31T18:16:43+00:00\",\"description\":\"El fusilamiento de Penina es un libro emblem\u00e1tico: cr\u00f3nica del asesinato del militante anarquista Joaqu\u00edn Penina y de la primera \u201cdesaparici\u00f3n\u201d de la\",\"breadcrumb\":{\"@id\":\"https:\\\/\\\/bibliotecavigil.org.ar\\\/inicio\\\/producto\\\/el-fusilamiento-de-penina\\\/#breadcrumb\"},\"inLanguage\":\"es\",\"potentialAction\":[{\"@type\":\"ReadAction\",\"target\":[\"https:\\\/\\\/bibliotecavigil.org.ar\\\/inicio\\\/producto\\\/el-fusilamiento-de-penina\\\/\"]}]},{\"@type\":\"ImageObject\",\"inLanguage\":\"es\",\"@id\":\"https:\\\/\\\/bibliotecavigil.org.ar\\\/inicio\\\/producto\\\/el-fusilamiento-de-penina\\\/#primaryimage\",\"url\":\"https:\\\/\\\/bibliotecavigil.org.ar\\\/inicio\\\/wp-content\\\/uploads\\\/2020\\\/08\\\/solo-tapa.jpg\",\"contentUrl\":\"https:\\\/\\\/bibliotecavigil.org.ar\\\/inicio\\\/wp-content\\\/uploads\\\/2020\\\/08\\\/solo-tapa.jpg\",\"width\":396,\"height\":598},{\"@type\":\"BreadcrumbList\",\"@id\":\"https:\\\/\\\/bibliotecavigil.org.ar\\\/inicio\\\/producto\\\/el-fusilamiento-de-penina\\\/#breadcrumb\",\"itemListElement\":[{\"@type\":\"ListItem\",\"position\":1,\"name\":\"Portada\",\"item\":\"https:\\\/\\\/bibliotecavigil.org.ar\\\/inicio\\\/\"},{\"@type\":\"ListItem\",\"position\":2,\"name\":\"Cat\u00e1logo\",\"item\":\"https:\\\/\\\/bibliotecavigil.org.ar\\\/inicio\\\/catalogo\\\/\"},{\"@type\":\"ListItem\",\"position\":3,\"name\":\"El fusilamiento de Penina\"}]},{\"@type\":\"WebSite\",\"@id\":\"https:\\\/\\\/bibliotecavigil.org.ar\\\/inicio\\\/#website\",\"url\":\"https:\\\/\\\/bibliotecavigil.org.ar\\\/inicio\\\/\",\"name\":\"Biblioteca Vigil\",\"description\":\"Biblioteca Popular C C Vigil\",\"publisher\":{\"@id\":\"https:\\\/\\\/bibliotecavigil.org.ar\\\/inicio\\\/#organization\"},\"potentialAction\":[{\"@type\":\"SearchAction\",\"target\":{\"@type\":\"EntryPoint\",\"urlTemplate\":\"https:\\\/\\\/bibliotecavigil.org.ar\\\/inicio\\\/?s={search_term_string}\"},\"query-input\":{\"@type\":\"PropertyValueSpecification\",\"valueRequired\":true,\"valueName\":\"search_term_string\"}}],\"inLanguage\":\"es\"},{\"@type\":\"Organization\",\"@id\":\"https:\\\/\\\/bibliotecavigil.org.ar\\\/inicio\\\/#organization\",\"name\":\"Biblioteca Popular C.C.Vigil\",\"url\":\"https:\\\/\\\/bibliotecavigil.org.ar\\\/inicio\\\/\",\"logo\":{\"@type\":\"ImageObject\",\"inLanguage\":\"es\",\"@id\":\"https:\\\/\\\/bibliotecavigil.org.ar\\\/inicio\\\/#\\\/schema\\\/logo\\\/image\\\/\",\"url\":\"https:\\\/\\\/bibliotecavigil.org.ar\\\/inicio\\\/wp-content\\\/uploads\\\/2023\\\/06\\\/Logo-sin-texto-gif.gif\",\"contentUrl\":\"https:\\\/\\\/bibliotecavigil.org.ar\\\/inicio\\\/wp-content\\\/uploads\\\/2023\\\/06\\\/Logo-sin-texto-gif.gif\",\"width\":1487,\"height\":1604,\"caption\":\"Biblioteca Popular C.C.Vigil\"},\"image\":{\"@id\":\"https:\\\/\\\/bibliotecavigil.org.ar\\\/inicio\\\/#\\\/schema\\\/logo\\\/image\\\/\"}}]}<\/script>\n<!-- \/ Yoast SEO plugin. -->","yoast_head_json":{"title":"El fusilamiento de Penina - Biblioteca Vigil","description":"El fusilamiento de Penina es un libro emblem\u00e1tico: cr\u00f3nica del asesinato del militante anarquista Joaqu\u00edn Penina y de la primera \u201cdesaparici\u00f3n\u201d de la","robots":{"index":"index","follow":"follow","max-snippet":"max-snippet:-1","max-image-preview":"max-image-preview:large","max-video-preview":"max-video-preview:-1"},"canonical":"https:\/\/bibliotecavigil.org.ar\/inicio\/producto\/el-fusilamiento-de-penina\/","og_locale":"es_ES","og_type":"article","og_title":"El fusilamiento de Penina - Biblioteca Vigil","og_description":"El fusilamiento de Penina es un libro emblem\u00e1tico: cr\u00f3nica del asesinato del militante anarquista Joaqu\u00edn Penina y de la primera \u201cdesaparici\u00f3n\u201d de la","og_url":"https:\/\/bibliotecavigil.org.ar\/inicio\/producto\/el-fusilamiento-de-penina\/","og_site_name":"Biblioteca Vigil","article_modified_time":"2026-03-31T18:16:43+00:00","og_image":[{"width":396,"height":598,"url":"https:\/\/bibliotecavigil.org.ar\/inicio\/wp-content\/uploads\/2020\/08\/solo-tapa.jpg","type":"image\/jpeg"}],"twitter_card":"summary_large_image","schema":{"@context":"https:\/\/schema.org","@graph":[{"@type":"WebPage","@id":"https:\/\/bibliotecavigil.org.ar\/inicio\/producto\/el-fusilamiento-de-penina\/","url":"https:\/\/bibliotecavigil.org.ar\/inicio\/producto\/el-fusilamiento-de-penina\/","name":"El fusilamiento de Penina - Biblioteca Vigil","isPartOf":{"@id":"https:\/\/bibliotecavigil.org.ar\/inicio\/#website"},"primaryImageOfPage":{"@id":"https:\/\/bibliotecavigil.org.ar\/inicio\/producto\/el-fusilamiento-de-penina\/#primaryimage"},"image":{"@id":"https:\/\/bibliotecavigil.org.ar\/inicio\/producto\/el-fusilamiento-de-penina\/#primaryimage"},"thumbnailUrl":"https:\/\/bibliotecavigil.org.ar\/inicio\/wp-content\/uploads\/2020\/08\/solo-tapa.jpg","datePublished":"2020-08-04T02:54:58+00:00","dateModified":"2026-03-31T18:16:43+00:00","description":"El fusilamiento de Penina es un libro emblem\u00e1tico: cr\u00f3nica del asesinato del militante anarquista Joaqu\u00edn Penina y de la primera \u201cdesaparici\u00f3n\u201d de la","breadcrumb":{"@id":"https:\/\/bibliotecavigil.org.ar\/inicio\/producto\/el-fusilamiento-de-penina\/#breadcrumb"},"inLanguage":"es","potentialAction":[{"@type":"ReadAction","target":["https:\/\/bibliotecavigil.org.ar\/inicio\/producto\/el-fusilamiento-de-penina\/"]}]},{"@type":"ImageObject","inLanguage":"es","@id":"https:\/\/bibliotecavigil.org.ar\/inicio\/producto\/el-fusilamiento-de-penina\/#primaryimage","url":"https:\/\/bibliotecavigil.org.ar\/inicio\/wp-content\/uploads\/2020\/08\/solo-tapa.jpg","contentUrl":"https:\/\/bibliotecavigil.org.ar\/inicio\/wp-content\/uploads\/2020\/08\/solo-tapa.jpg","width":396,"height":598},{"@type":"BreadcrumbList","@id":"https:\/\/bibliotecavigil.org.ar\/inicio\/producto\/el-fusilamiento-de-penina\/#breadcrumb","itemListElement":[{"@type":"ListItem","position":1,"name":"Portada","item":"https:\/\/bibliotecavigil.org.ar\/inicio\/"},{"@type":"ListItem","position":2,"name":"Cat\u00e1logo","item":"https:\/\/bibliotecavigil.org.ar\/inicio\/catalogo\/"},{"@type":"ListItem","position":3,"name":"El fusilamiento de Penina"}]},{"@type":"WebSite","@id":"https:\/\/bibliotecavigil.org.ar\/inicio\/#website","url":"https:\/\/bibliotecavigil.org.ar\/inicio\/","name":"Biblioteca Vigil","description":"Biblioteca Popular C C Vigil","publisher":{"@id":"https:\/\/bibliotecavigil.org.ar\/inicio\/#organization"},"potentialAction":[{"@type":"SearchAction","target":{"@type":"EntryPoint","urlTemplate":"https:\/\/bibliotecavigil.org.ar\/inicio\/?s={search_term_string}"},"query-input":{"@type":"PropertyValueSpecification","valueRequired":true,"valueName":"search_term_string"}}],"inLanguage":"es"},{"@type":"Organization","@id":"https:\/\/bibliotecavigil.org.ar\/inicio\/#organization","name":"Biblioteca Popular C.C.Vigil","url":"https:\/\/bibliotecavigil.org.ar\/inicio\/","logo":{"@type":"ImageObject","inLanguage":"es","@id":"https:\/\/bibliotecavigil.org.ar\/inicio\/#\/schema\/logo\/image\/","url":"https:\/\/bibliotecavigil.org.ar\/inicio\/wp-content\/uploads\/2023\/06\/Logo-sin-texto-gif.gif","contentUrl":"https:\/\/bibliotecavigil.org.ar\/inicio\/wp-content\/uploads\/2023\/06\/Logo-sin-texto-gif.gif","width":1487,"height":1604,"caption":"Biblioteca Popular C.C.Vigil"},"image":{"@id":"https:\/\/bibliotecavigil.org.ar\/inicio\/#\/schema\/logo\/image\/"}}]}},"_links":{"self":[{"href":"https:\/\/bibliotecavigil.org.ar\/inicio\/wp-json\/wp\/v2\/product\/26889","targetHints":{"allow":["GET"]}}],"collection":[{"href":"https:\/\/bibliotecavigil.org.ar\/inicio\/wp-json\/wp\/v2\/product"}],"about":[{"href":"https:\/\/bibliotecavigil.org.ar\/inicio\/wp-json\/wp\/v2\/types\/product"}],"wp:featuredmedia":[{"embeddable":true,"href":"https:\/\/bibliotecavigil.org.ar\/inicio\/wp-json\/wp\/v2\/media\/31693"}],"wp:attachment":[{"href":"https:\/\/bibliotecavigil.org.ar\/inicio\/wp-json\/wp\/v2\/media?parent=26889"}],"wp:term":[{"taxonomy":"product_brand","embeddable":true,"href":"https:\/\/bibliotecavigil.org.ar\/inicio\/wp-json\/wp\/v2\/product_brand?post=26889"},{"taxonomy":"product_cat","embeddable":true,"href":"https:\/\/bibliotecavigil.org.ar\/inicio\/wp-json\/wp\/v2\/product_cat?post=26889"},{"taxonomy":"product_tag","embeddable":true,"href":"https:\/\/bibliotecavigil.org.ar\/inicio\/wp-json\/wp\/v2\/product_tag?post=26889"}],"curies":[{"name":"wp","href":"https:\/\/api.w.org\/{rel}","templated":true}]}}