{"id":26890,"date":"2020-08-03T23:57:45","date_gmt":"2020-08-04T02:57:45","guid":{"rendered":"https:\/\/bibliotecavigil.com.ar\/?post_type=product&#038;p=26890"},"modified":"2026-03-31T15:16:30","modified_gmt":"2026-03-31T18:16:30","slug":"transiciones-argentinas","status":"publish","type":"product","link":"https:\/\/bibliotecavigil.org.ar\/inicio\/producto\/transiciones-argentinas\/","title":{"rendered":"Transiciones argentinas"},"content":{"rendered":"","protected":false},"excerpt":{"rendered":"<p>de Lucas Massuco.<\/p>\n<p>Libro premiado en el Certamen \u201cLos derechos son del pueblo\u201d de la Biblioteca Popular C.C. Vigil<\/p>\n<p>212 p. \/ 1\u00b0edici\u00f3n. Rosario, Editorial Biblioteca, 2017<strong>.<\/strong><\/p>\n<p>Este texto, escrito por el polit\u00f3logo Lucas Massuco, fue seleccionado por unanimidad como ganador del certamen de escritura \u201cLos derechos son del pueblo\u201d, promovido por la Editorial Biblioteca a 40 a\u00f1os del golpe c\u00edvico-militar, con la intenci\u00f3n de ampliar las perspectivas sobre los derechos humanos en Argentina, incorporando a su cat\u00e1logo una colecci\u00f3n dedicada estrictamente a esa b\u00fasqueda.<\/p>\n<p><em>Transiciones argentinas <\/em>es un libro escrito desde las ciencias pol\u00edticas para el abordaje de una situaci\u00f3n hist\u00f3rica: la de las transiciones del sistema pol\u00edtico argentino entre 1984 y 1995, cuyo eje se centra en los juicios de lesa humanidad y la trama \/ estructura de intereses y poderes sociales e institucionales que se ponen en juego d\u00e1ndole forma a la agenda pol\u00edtica del gobierno de Ra\u00fal Alfons\u00edn (1983 -1989) y el primer gobierno de Carlos Menem (1990-1996).<\/p>\n<p>Recorriendo la opini\u00f3n p\u00fablica nacional con herramientas period\u00edsticas de archivo, analizando las variables de la din\u00e1mica institucional del pa\u00eds del posterrorismo de Estado (de aquella meta tan burguesa y tan necesaria de \u201cinstitucionalizar la democracia\u201d que Alfons\u00edn supo predicar), ubicando y comprendiendo a los actores concretos de la historia, <em>Transiciones argentinas<\/em> nos lleva a preguntarnos por los condicionantes fundamentales de las democracias de baja intensidad que contin\u00faan operando en la fragilidad institucional del presente, en este ciclo que se abre con la \u201cprimavera alfonsinista\u201d.\u00a0 De manera que las continuidades aparecen, complementariamente, en testimonios y hechos, desde los Carapintadas al copamiento del cuartel de La Tablada, desde el <em>Nunca m\u00e1s<\/em> a las leyes de impunidad, desmemoria y olvido que los nuevos tiempos de la hegemon\u00eda neoliberal lograron establecer como horizonte cultural para una \u00e9poca de siniestra tristeza.<\/p>\n<p>Es tambi\u00e9n una estaci\u00f3n necesaria para orientarnos en el reverdecer del negacionismo del presente, para vencer al olvido y a quienes de \u00e9l se benefician<\/p>\n","protected":false},"featured_media":26855,"template":"","meta":{"_et_pb_use_builder":"","_et_pb_old_content":"","_et_gb_content_width":""},"product_brand":[],"product_cat":[20],"product_tag":[],"class_list":{"0":"post-26890","1":"product","2":"type-product","3":"status-publish","4":"has-post-thumbnail","6":"product_cat-derechos-humanos","8":"first","9":"instock","10":"taxable","11":"shipping-taxable","12":"purchasable","13":"product-type-simple"},"yoast_head":"<!-- This site is optimized with the Yoast SEO plugin v27.5 - https:\/\/yoast.com\/product\/yoast-seo-wordpress\/ -->\n<title>Transiciones argentinas - Biblioteca Vigil<\/title>\n<meta name=\"description\" content=\"Este texto, escrito por el polit\u00f3logo Lucas Massuco, fue seleccionado por unanimidad como ganador del certamen de escritura \u201cLos derechos son\" \/>\n<meta name=\"robots\" content=\"index, follow, max-snippet:-1, max-image-preview:large, max-video-preview:-1\" \/>\n<link rel=\"canonical\" href=\"https:\/\/bibliotecavigil.org.ar\/inicio\/producto\/transiciones-argentinas\/\" \/>\n<meta property=\"og:locale\" content=\"es_ES\" \/>\n<meta property=\"og:type\" content=\"article\" \/>\n<meta property=\"og:title\" content=\"Transiciones argentinas - Biblioteca Vigil\" \/>\n<meta property=\"og:description\" content=\"Este texto, escrito por el polit\u00f3logo Lucas Massuco, fue seleccionado por unanimidad como ganador del certamen de escritura \u201cLos derechos son\" \/>\n<meta property=\"og:url\" content=\"https:\/\/bibliotecavigil.org.ar\/inicio\/producto\/transiciones-argentinas\/\" \/>\n<meta property=\"og:site_name\" content=\"Biblioteca Vigil\" \/>\n<meta property=\"article:modified_time\" content=\"2026-03-31T18:16:30+00:00\" \/>\n<meta property=\"og:image\" content=\"https:\/\/bibliotecavigil.org.ar\/inicio\/wp-content\/uploads\/2020\/07\/transiciones-argentinas-scaled-1.jpg\" \/>\n\t<meta property=\"og:image:width\" content=\"1429\" \/>\n\t<meta property=\"og:image:height\" content=\"2048\" \/>\n\t<meta property=\"og:image:type\" content=\"image\/jpeg\" \/>\n<meta name=\"twitter:card\" content=\"summary_large_image\" \/>\n<script type=\"application\/ld+json\" class=\"yoast-schema-graph\">{\"@context\":\"https:\\\/\\\/schema.org\",\"@graph\":[{\"@type\":\"WebPage\",\"@id\":\"https:\\\/\\\/bibliotecavigil.org.ar\\\/inicio\\\/producto\\\/transiciones-argentinas\\\/\",\"url\":\"https:\\\/\\\/bibliotecavigil.org.ar\\\/inicio\\\/producto\\\/transiciones-argentinas\\\/\",\"name\":\"Transiciones argentinas - Biblioteca Vigil\",\"isPartOf\":{\"@id\":\"https:\\\/\\\/bibliotecavigil.org.ar\\\/inicio\\\/#website\"},\"primaryImageOfPage\":{\"@id\":\"https:\\\/\\\/bibliotecavigil.org.ar\\\/inicio\\\/producto\\\/transiciones-argentinas\\\/#primaryimage\"},\"image\":{\"@id\":\"https:\\\/\\\/bibliotecavigil.org.ar\\\/inicio\\\/producto\\\/transiciones-argentinas\\\/#primaryimage\"},\"thumbnailUrl\":\"https:\\\/\\\/bibliotecavigil.org.ar\\\/inicio\\\/wp-content\\\/uploads\\\/2020\\\/07\\\/transiciones-argentinas-scaled-1.jpg\",\"datePublished\":\"2020-08-04T02:57:45+00:00\",\"dateModified\":\"2026-03-31T18:16:30+00:00\",\"description\":\"Este texto, escrito por el polit\u00f3logo Lucas Massuco, fue seleccionado por unanimidad como ganador del certamen de escritura \u201cLos derechos son\",\"breadcrumb\":{\"@id\":\"https:\\\/\\\/bibliotecavigil.org.ar\\\/inicio\\\/producto\\\/transiciones-argentinas\\\/#breadcrumb\"},\"inLanguage\":\"es\",\"potentialAction\":[{\"@type\":\"ReadAction\",\"target\":[\"https:\\\/\\\/bibliotecavigil.org.ar\\\/inicio\\\/producto\\\/transiciones-argentinas\\\/\"]}]},{\"@type\":\"ImageObject\",\"inLanguage\":\"es\",\"@id\":\"https:\\\/\\\/bibliotecavigil.org.ar\\\/inicio\\\/producto\\\/transiciones-argentinas\\\/#primaryimage\",\"url\":\"https:\\\/\\\/bibliotecavigil.org.ar\\\/inicio\\\/wp-content\\\/uploads\\\/2020\\\/07\\\/transiciones-argentinas-scaled-1.jpg\",\"contentUrl\":\"https:\\\/\\\/bibliotecavigil.org.ar\\\/inicio\\\/wp-content\\\/uploads\\\/2020\\\/07\\\/transiciones-argentinas-scaled-1.jpg\",\"width\":1429,\"height\":2048},{\"@type\":\"BreadcrumbList\",\"@id\":\"https:\\\/\\\/bibliotecavigil.org.ar\\\/inicio\\\/producto\\\/transiciones-argentinas\\\/#breadcrumb\",\"itemListElement\":[{\"@type\":\"ListItem\",\"position\":1,\"name\":\"Portada\",\"item\":\"https:\\\/\\\/bibliotecavigil.org.ar\\\/inicio\\\/\"},{\"@type\":\"ListItem\",\"position\":2,\"name\":\"Cat\u00e1logo\",\"item\":\"https:\\\/\\\/bibliotecavigil.org.ar\\\/inicio\\\/catalogo\\\/\"},{\"@type\":\"ListItem\",\"position\":3,\"name\":\"Transiciones argentinas\"}]},{\"@type\":\"WebSite\",\"@id\":\"https:\\\/\\\/bibliotecavigil.org.ar\\\/inicio\\\/#website\",\"url\":\"https:\\\/\\\/bibliotecavigil.org.ar\\\/inicio\\\/\",\"name\":\"Biblioteca Vigil\",\"description\":\"Biblioteca Popular C C Vigil\",\"publisher\":{\"@id\":\"https:\\\/\\\/bibliotecavigil.org.ar\\\/inicio\\\/#organization\"},\"potentialAction\":[{\"@type\":\"SearchAction\",\"target\":{\"@type\":\"EntryPoint\",\"urlTemplate\":\"https:\\\/\\\/bibliotecavigil.org.ar\\\/inicio\\\/?s={search_term_string}\"},\"query-input\":{\"@type\":\"PropertyValueSpecification\",\"valueRequired\":true,\"valueName\":\"search_term_string\"}}],\"inLanguage\":\"es\"},{\"@type\":\"Organization\",\"@id\":\"https:\\\/\\\/bibliotecavigil.org.ar\\\/inicio\\\/#organization\",\"name\":\"Biblioteca Popular C.C.Vigil\",\"url\":\"https:\\\/\\\/bibliotecavigil.org.ar\\\/inicio\\\/\",\"logo\":{\"@type\":\"ImageObject\",\"inLanguage\":\"es\",\"@id\":\"https:\\\/\\\/bibliotecavigil.org.ar\\\/inicio\\\/#\\\/schema\\\/logo\\\/image\\\/\",\"url\":\"https:\\\/\\\/bibliotecavigil.org.ar\\\/inicio\\\/wp-content\\\/uploads\\\/2023\\\/06\\\/Logo-sin-texto-gif.gif\",\"contentUrl\":\"https:\\\/\\\/bibliotecavigil.org.ar\\\/inicio\\\/wp-content\\\/uploads\\\/2023\\\/06\\\/Logo-sin-texto-gif.gif\",\"width\":1487,\"height\":1604,\"caption\":\"Biblioteca Popular C.C.Vigil\"},\"image\":{\"@id\":\"https:\\\/\\\/bibliotecavigil.org.ar\\\/inicio\\\/#\\\/schema\\\/logo\\\/image\\\/\"}}]}<\/script>\n<!-- \/ Yoast SEO plugin. -->","yoast_head_json":{"title":"Transiciones argentinas - Biblioteca Vigil","description":"Este texto, escrito por el polit\u00f3logo Lucas Massuco, fue seleccionado por unanimidad como ganador del certamen de escritura \u201cLos derechos son","robots":{"index":"index","follow":"follow","max-snippet":"max-snippet:-1","max-image-preview":"max-image-preview:large","max-video-preview":"max-video-preview:-1"},"canonical":"https:\/\/bibliotecavigil.org.ar\/inicio\/producto\/transiciones-argentinas\/","og_locale":"es_ES","og_type":"article","og_title":"Transiciones argentinas - Biblioteca Vigil","og_description":"Este texto, escrito por el polit\u00f3logo Lucas Massuco, fue seleccionado por unanimidad como ganador del certamen de escritura \u201cLos derechos son","og_url":"https:\/\/bibliotecavigil.org.ar\/inicio\/producto\/transiciones-argentinas\/","og_site_name":"Biblioteca Vigil","article_modified_time":"2026-03-31T18:16:30+00:00","og_image":[{"width":1429,"height":2048,"url":"https:\/\/bibliotecavigil.org.ar\/inicio\/wp-content\/uploads\/2020\/07\/transiciones-argentinas-scaled-1.jpg","type":"image\/jpeg"}],"twitter_card":"summary_large_image","schema":{"@context":"https:\/\/schema.org","@graph":[{"@type":"WebPage","@id":"https:\/\/bibliotecavigil.org.ar\/inicio\/producto\/transiciones-argentinas\/","url":"https:\/\/bibliotecavigil.org.ar\/inicio\/producto\/transiciones-argentinas\/","name":"Transiciones argentinas - Biblioteca Vigil","isPartOf":{"@id":"https:\/\/bibliotecavigil.org.ar\/inicio\/#website"},"primaryImageOfPage":{"@id":"https:\/\/bibliotecavigil.org.ar\/inicio\/producto\/transiciones-argentinas\/#primaryimage"},"image":{"@id":"https:\/\/bibliotecavigil.org.ar\/inicio\/producto\/transiciones-argentinas\/#primaryimage"},"thumbnailUrl":"https:\/\/bibliotecavigil.org.ar\/inicio\/wp-content\/uploads\/2020\/07\/transiciones-argentinas-scaled-1.jpg","datePublished":"2020-08-04T02:57:45+00:00","dateModified":"2026-03-31T18:16:30+00:00","description":"Este texto, escrito por el polit\u00f3logo Lucas Massuco, fue seleccionado por unanimidad como ganador del certamen de escritura \u201cLos derechos son","breadcrumb":{"@id":"https:\/\/bibliotecavigil.org.ar\/inicio\/producto\/transiciones-argentinas\/#breadcrumb"},"inLanguage":"es","potentialAction":[{"@type":"ReadAction","target":["https:\/\/bibliotecavigil.org.ar\/inicio\/producto\/transiciones-argentinas\/"]}]},{"@type":"ImageObject","inLanguage":"es","@id":"https:\/\/bibliotecavigil.org.ar\/inicio\/producto\/transiciones-argentinas\/#primaryimage","url":"https:\/\/bibliotecavigil.org.ar\/inicio\/wp-content\/uploads\/2020\/07\/transiciones-argentinas-scaled-1.jpg","contentUrl":"https:\/\/bibliotecavigil.org.ar\/inicio\/wp-content\/uploads\/2020\/07\/transiciones-argentinas-scaled-1.jpg","width":1429,"height":2048},{"@type":"BreadcrumbList","@id":"https:\/\/bibliotecavigil.org.ar\/inicio\/producto\/transiciones-argentinas\/#breadcrumb","itemListElement":[{"@type":"ListItem","position":1,"name":"Portada","item":"https:\/\/bibliotecavigil.org.ar\/inicio\/"},{"@type":"ListItem","position":2,"name":"Cat\u00e1logo","item":"https:\/\/bibliotecavigil.org.ar\/inicio\/catalogo\/"},{"@type":"ListItem","position":3,"name":"Transiciones argentinas"}]},{"@type":"WebSite","@id":"https:\/\/bibliotecavigil.org.ar\/inicio\/#website","url":"https:\/\/bibliotecavigil.org.ar\/inicio\/","name":"Biblioteca Vigil","description":"Biblioteca Popular C C Vigil","publisher":{"@id":"https:\/\/bibliotecavigil.org.ar\/inicio\/#organization"},"potentialAction":[{"@type":"SearchAction","target":{"@type":"EntryPoint","urlTemplate":"https:\/\/bibliotecavigil.org.ar\/inicio\/?s={search_term_string}"},"query-input":{"@type":"PropertyValueSpecification","valueRequired":true,"valueName":"search_term_string"}}],"inLanguage":"es"},{"@type":"Organization","@id":"https:\/\/bibliotecavigil.org.ar\/inicio\/#organization","name":"Biblioteca Popular C.C.Vigil","url":"https:\/\/bibliotecavigil.org.ar\/inicio\/","logo":{"@type":"ImageObject","inLanguage":"es","@id":"https:\/\/bibliotecavigil.org.ar\/inicio\/#\/schema\/logo\/image\/","url":"https:\/\/bibliotecavigil.org.ar\/inicio\/wp-content\/uploads\/2023\/06\/Logo-sin-texto-gif.gif","contentUrl":"https:\/\/bibliotecavigil.org.ar\/inicio\/wp-content\/uploads\/2023\/06\/Logo-sin-texto-gif.gif","width":1487,"height":1604,"caption":"Biblioteca Popular C.C.Vigil"},"image":{"@id":"https:\/\/bibliotecavigil.org.ar\/inicio\/#\/schema\/logo\/image\/"}}]}},"_links":{"self":[{"href":"https:\/\/bibliotecavigil.org.ar\/inicio\/wp-json\/wp\/v2\/product\/26890","targetHints":{"allow":["GET"]}}],"collection":[{"href":"https:\/\/bibliotecavigil.org.ar\/inicio\/wp-json\/wp\/v2\/product"}],"about":[{"href":"https:\/\/bibliotecavigil.org.ar\/inicio\/wp-json\/wp\/v2\/types\/product"}],"wp:featuredmedia":[{"embeddable":true,"href":"https:\/\/bibliotecavigil.org.ar\/inicio\/wp-json\/wp\/v2\/media\/26855"}],"wp:attachment":[{"href":"https:\/\/bibliotecavigil.org.ar\/inicio\/wp-json\/wp\/v2\/media?parent=26890"}],"wp:term":[{"taxonomy":"product_brand","embeddable":true,"href":"https:\/\/bibliotecavigil.org.ar\/inicio\/wp-json\/wp\/v2\/product_brand?post=26890"},{"taxonomy":"product_cat","embeddable":true,"href":"https:\/\/bibliotecavigil.org.ar\/inicio\/wp-json\/wp\/v2\/product_cat?post=26890"},{"taxonomy":"product_tag","embeddable":true,"href":"https:\/\/bibliotecavigil.org.ar\/inicio\/wp-json\/wp\/v2\/product_tag?post=26890"}],"curies":[{"name":"wp","href":"https:\/\/api.w.org\/{rel}","templated":true}]}}