{"id":26893,"date":"2020-08-04T00:03:13","date_gmt":"2020-08-04T03:03:13","guid":{"rendered":"https:\/\/bibliotecavigil.com.ar\/?post_type=product&#038;p=26893"},"modified":"2026-03-31T15:15:51","modified_gmt":"2026-03-31T18:15:51","slug":"escritores-pequenos-grandes-historias","status":"publish","type":"product","link":"https:\/\/bibliotecavigil.org.ar\/inicio\/producto\/escritores-pequenos-grandes-historias\/","title":{"rendered":"Escritores peque\u00f1os, grandes historias"},"content":{"rendered":"","protected":false},"excerpt":{"rendered":"<ol>\n<li>de Carolina Musa (comp.)<\/li>\n<\/ol>\n<p>83 p. \/ 1\u00b0 edici\u00f3n. Rosario, Editorial Biblioteca, 2016.<\/p>\n<p>En esta obra colectiva, lxs ni\u00f1os del Taller de Escritura Creativa de la Biblioteca Popular C.C. Vigil, dirigido por la escritora Carolina Musa, presentan sus escritos literarios desarrollados en un a\u00f1o de trabajo. Haikus, cuentos, relatos en los que la imaginaci\u00f3n y la creatividad vuelan sin fronteras en este libro escrito por los chicos y para todas las edades.<\/p>\n","protected":false},"featured_media":26847,"template":"","meta":{"_et_pb_use_builder":"","_et_pb_old_content":"","_et_gb_content_width":""},"product_brand":[],"product_cat":[33],"product_tag":[],"class_list":{"0":"post-26893","1":"product","2":"type-product","3":"status-publish","4":"has-post-thumbnail","6":"product_cat-publicaciones-institucionales","8":"first","9":"instock","10":"taxable","11":"shipping-taxable","12":"purchasable","13":"product-type-simple"},"yoast_head":"<!-- This site is optimized with the Yoast SEO plugin v27.3 - https:\/\/yoast.com\/product\/yoast-seo-wordpress\/ -->\n<title>Escritores peque\u00f1os, grandes historias - Biblioteca Vigil<\/title>\n<meta name=\"description\" content=\"En esta obra colectiva, los ni\u00f1os y ni\u00f1as del Taller de Escritura Creativa de la Biblioteca Popular C.C. Vigil, dirigido por la escritora Carolina Musa\" \/>\n<meta name=\"robots\" content=\"index, follow, max-snippet:-1, max-image-preview:large, max-video-preview:-1\" \/>\n<link rel=\"canonical\" href=\"https:\/\/bibliotecavigil.org.ar\/inicio\/producto\/escritores-pequenos-grandes-historias\/\" \/>\n<meta property=\"og:locale\" content=\"es_ES\" \/>\n<meta property=\"og:type\" content=\"article\" \/>\n<meta property=\"og:title\" content=\"Escritores peque\u00f1os, grandes historias - Biblioteca Vigil\" \/>\n<meta property=\"og:description\" content=\"En esta obra colectiva, los ni\u00f1os y ni\u00f1as del Taller de Escritura Creativa de la Biblioteca Popular C.C. Vigil, dirigido por la escritora Carolina Musa\" \/>\n<meta property=\"og:url\" content=\"https:\/\/bibliotecavigil.org.ar\/inicio\/producto\/escritores-pequenos-grandes-historias\/\" \/>\n<meta property=\"og:site_name\" content=\"Biblioteca Vigil\" \/>\n<meta property=\"article:modified_time\" content=\"2026-03-31T18:15:51+00:00\" \/>\n<meta property=\"og:image\" content=\"https:\/\/bibliotecavigil.org.ar\/inicio\/wp-content\/uploads\/2020\/07\/ewscritores-pequenos-scaled-1.jpg\" \/>\n\t<meta property=\"og:image:width\" content=\"1441\" \/>\n\t<meta property=\"og:image:height\" content=\"2048\" \/>\n\t<meta property=\"og:image:type\" content=\"image\/jpeg\" \/>\n<meta name=\"twitter:card\" content=\"summary_large_image\" \/>\n<script type=\"application\/ld+json\" class=\"yoast-schema-graph\">{\"@context\":\"https:\\\/\\\/schema.org\",\"@graph\":[{\"@type\":\"WebPage\",\"@id\":\"https:\\\/\\\/bibliotecavigil.org.ar\\\/inicio\\\/producto\\\/escritores-pequenos-grandes-historias\\\/\",\"url\":\"https:\\\/\\\/bibliotecavigil.org.ar\\\/inicio\\\/producto\\\/escritores-pequenos-grandes-historias\\\/\",\"name\":\"Escritores peque\u00f1os, grandes historias - Biblioteca Vigil\",\"isPartOf\":{\"@id\":\"https:\\\/\\\/bibliotecavigil.org.ar\\\/inicio\\\/#website\"},\"primaryImageOfPage\":{\"@id\":\"https:\\\/\\\/bibliotecavigil.org.ar\\\/inicio\\\/producto\\\/escritores-pequenos-grandes-historias\\\/#primaryimage\"},\"image\":{\"@id\":\"https:\\\/\\\/bibliotecavigil.org.ar\\\/inicio\\\/producto\\\/escritores-pequenos-grandes-historias\\\/#primaryimage\"},\"thumbnailUrl\":\"https:\\\/\\\/bibliotecavigil.org.ar\\\/inicio\\\/wp-content\\\/uploads\\\/2020\\\/07\\\/ewscritores-pequenos-scaled-1.jpg\",\"datePublished\":\"2020-08-04T03:03:13+00:00\",\"dateModified\":\"2026-03-31T18:15:51+00:00\",\"description\":\"En esta obra colectiva, los ni\u00f1os y ni\u00f1as del Taller de Escritura Creativa de la Biblioteca Popular C.C. Vigil, dirigido por la escritora Carolina Musa\",\"breadcrumb\":{\"@id\":\"https:\\\/\\\/bibliotecavigil.org.ar\\\/inicio\\\/producto\\\/escritores-pequenos-grandes-historias\\\/#breadcrumb\"},\"inLanguage\":\"es\",\"potentialAction\":[{\"@type\":\"ReadAction\",\"target\":[\"https:\\\/\\\/bibliotecavigil.org.ar\\\/inicio\\\/producto\\\/escritores-pequenos-grandes-historias\\\/\"]}]},{\"@type\":\"ImageObject\",\"inLanguage\":\"es\",\"@id\":\"https:\\\/\\\/bibliotecavigil.org.ar\\\/inicio\\\/producto\\\/escritores-pequenos-grandes-historias\\\/#primaryimage\",\"url\":\"https:\\\/\\\/bibliotecavigil.org.ar\\\/inicio\\\/wp-content\\\/uploads\\\/2020\\\/07\\\/ewscritores-pequenos-scaled-1.jpg\",\"contentUrl\":\"https:\\\/\\\/bibliotecavigil.org.ar\\\/inicio\\\/wp-content\\\/uploads\\\/2020\\\/07\\\/ewscritores-pequenos-scaled-1.jpg\",\"width\":1441,\"height\":2048},{\"@type\":\"BreadcrumbList\",\"@id\":\"https:\\\/\\\/bibliotecavigil.org.ar\\\/inicio\\\/producto\\\/escritores-pequenos-grandes-historias\\\/#breadcrumb\",\"itemListElement\":[{\"@type\":\"ListItem\",\"position\":1,\"name\":\"Portada\",\"item\":\"https:\\\/\\\/bibliotecavigil.org.ar\\\/inicio\\\/\"},{\"@type\":\"ListItem\",\"position\":2,\"name\":\"Cat\u00e1logo\",\"item\":\"https:\\\/\\\/bibliotecavigil.org.ar\\\/inicio\\\/catalogo\\\/\"},{\"@type\":\"ListItem\",\"position\":3,\"name\":\"Escritores peque\u00f1os, grandes historias\"}]},{\"@type\":\"WebSite\",\"@id\":\"https:\\\/\\\/bibliotecavigil.org.ar\\\/inicio\\\/#website\",\"url\":\"https:\\\/\\\/bibliotecavigil.org.ar\\\/inicio\\\/\",\"name\":\"Biblioteca Vigil\",\"description\":\"Biblioteca Popular C C Vigil\",\"publisher\":{\"@id\":\"https:\\\/\\\/bibliotecavigil.org.ar\\\/inicio\\\/#organization\"},\"potentialAction\":[{\"@type\":\"SearchAction\",\"target\":{\"@type\":\"EntryPoint\",\"urlTemplate\":\"https:\\\/\\\/bibliotecavigil.org.ar\\\/inicio\\\/?s={search_term_string}\"},\"query-input\":{\"@type\":\"PropertyValueSpecification\",\"valueRequired\":true,\"valueName\":\"search_term_string\"}}],\"inLanguage\":\"es\"},{\"@type\":\"Organization\",\"@id\":\"https:\\\/\\\/bibliotecavigil.org.ar\\\/inicio\\\/#organization\",\"name\":\"Biblioteca Popular C.C.Vigil\",\"url\":\"https:\\\/\\\/bibliotecavigil.org.ar\\\/inicio\\\/\",\"logo\":{\"@type\":\"ImageObject\",\"inLanguage\":\"es\",\"@id\":\"https:\\\/\\\/bibliotecavigil.org.ar\\\/inicio\\\/#\\\/schema\\\/logo\\\/image\\\/\",\"url\":\"https:\\\/\\\/bibliotecavigil.org.ar\\\/inicio\\\/wp-content\\\/uploads\\\/2023\\\/06\\\/Logo-sin-texto-gif.gif\",\"contentUrl\":\"https:\\\/\\\/bibliotecavigil.org.ar\\\/inicio\\\/wp-content\\\/uploads\\\/2023\\\/06\\\/Logo-sin-texto-gif.gif\",\"width\":1487,\"height\":1604,\"caption\":\"Biblioteca Popular C.C.Vigil\"},\"image\":{\"@id\":\"https:\\\/\\\/bibliotecavigil.org.ar\\\/inicio\\\/#\\\/schema\\\/logo\\\/image\\\/\"}}]}<\/script>\n<!-- \/ Yoast SEO plugin. -->","yoast_head_json":{"title":"Escritores peque\u00f1os, grandes historias - Biblioteca Vigil","description":"En esta obra colectiva, los ni\u00f1os y ni\u00f1as del Taller de Escritura Creativa de la Biblioteca Popular C.C. Vigil, dirigido por la escritora Carolina Musa","robots":{"index":"index","follow":"follow","max-snippet":"max-snippet:-1","max-image-preview":"max-image-preview:large","max-video-preview":"max-video-preview:-1"},"canonical":"https:\/\/bibliotecavigil.org.ar\/inicio\/producto\/escritores-pequenos-grandes-historias\/","og_locale":"es_ES","og_type":"article","og_title":"Escritores peque\u00f1os, grandes historias - Biblioteca Vigil","og_description":"En esta obra colectiva, los ni\u00f1os y ni\u00f1as del Taller de Escritura Creativa de la Biblioteca Popular C.C. Vigil, dirigido por la escritora Carolina Musa","og_url":"https:\/\/bibliotecavigil.org.ar\/inicio\/producto\/escritores-pequenos-grandes-historias\/","og_site_name":"Biblioteca Vigil","article_modified_time":"2026-03-31T18:15:51+00:00","og_image":[{"width":1441,"height":2048,"url":"https:\/\/bibliotecavigil.org.ar\/inicio\/wp-content\/uploads\/2020\/07\/ewscritores-pequenos-scaled-1.jpg","type":"image\/jpeg"}],"twitter_card":"summary_large_image","schema":{"@context":"https:\/\/schema.org","@graph":[{"@type":"WebPage","@id":"https:\/\/bibliotecavigil.org.ar\/inicio\/producto\/escritores-pequenos-grandes-historias\/","url":"https:\/\/bibliotecavigil.org.ar\/inicio\/producto\/escritores-pequenos-grandes-historias\/","name":"Escritores peque\u00f1os, grandes historias - Biblioteca Vigil","isPartOf":{"@id":"https:\/\/bibliotecavigil.org.ar\/inicio\/#website"},"primaryImageOfPage":{"@id":"https:\/\/bibliotecavigil.org.ar\/inicio\/producto\/escritores-pequenos-grandes-historias\/#primaryimage"},"image":{"@id":"https:\/\/bibliotecavigil.org.ar\/inicio\/producto\/escritores-pequenos-grandes-historias\/#primaryimage"},"thumbnailUrl":"https:\/\/bibliotecavigil.org.ar\/inicio\/wp-content\/uploads\/2020\/07\/ewscritores-pequenos-scaled-1.jpg","datePublished":"2020-08-04T03:03:13+00:00","dateModified":"2026-03-31T18:15:51+00:00","description":"En esta obra colectiva, los ni\u00f1os y ni\u00f1as del Taller de Escritura Creativa de la Biblioteca Popular C.C. Vigil, dirigido por la escritora Carolina Musa","breadcrumb":{"@id":"https:\/\/bibliotecavigil.org.ar\/inicio\/producto\/escritores-pequenos-grandes-historias\/#breadcrumb"},"inLanguage":"es","potentialAction":[{"@type":"ReadAction","target":["https:\/\/bibliotecavigil.org.ar\/inicio\/producto\/escritores-pequenos-grandes-historias\/"]}]},{"@type":"ImageObject","inLanguage":"es","@id":"https:\/\/bibliotecavigil.org.ar\/inicio\/producto\/escritores-pequenos-grandes-historias\/#primaryimage","url":"https:\/\/bibliotecavigil.org.ar\/inicio\/wp-content\/uploads\/2020\/07\/ewscritores-pequenos-scaled-1.jpg","contentUrl":"https:\/\/bibliotecavigil.org.ar\/inicio\/wp-content\/uploads\/2020\/07\/ewscritores-pequenos-scaled-1.jpg","width":1441,"height":2048},{"@type":"BreadcrumbList","@id":"https:\/\/bibliotecavigil.org.ar\/inicio\/producto\/escritores-pequenos-grandes-historias\/#breadcrumb","itemListElement":[{"@type":"ListItem","position":1,"name":"Portada","item":"https:\/\/bibliotecavigil.org.ar\/inicio\/"},{"@type":"ListItem","position":2,"name":"Cat\u00e1logo","item":"https:\/\/bibliotecavigil.org.ar\/inicio\/catalogo\/"},{"@type":"ListItem","position":3,"name":"Escritores peque\u00f1os, grandes historias"}]},{"@type":"WebSite","@id":"https:\/\/bibliotecavigil.org.ar\/inicio\/#website","url":"https:\/\/bibliotecavigil.org.ar\/inicio\/","name":"Biblioteca Vigil","description":"Biblioteca Popular C C Vigil","publisher":{"@id":"https:\/\/bibliotecavigil.org.ar\/inicio\/#organization"},"potentialAction":[{"@type":"SearchAction","target":{"@type":"EntryPoint","urlTemplate":"https:\/\/bibliotecavigil.org.ar\/inicio\/?s={search_term_string}"},"query-input":{"@type":"PropertyValueSpecification","valueRequired":true,"valueName":"search_term_string"}}],"inLanguage":"es"},{"@type":"Organization","@id":"https:\/\/bibliotecavigil.org.ar\/inicio\/#organization","name":"Biblioteca Popular C.C.Vigil","url":"https:\/\/bibliotecavigil.org.ar\/inicio\/","logo":{"@type":"ImageObject","inLanguage":"es","@id":"https:\/\/bibliotecavigil.org.ar\/inicio\/#\/schema\/logo\/image\/","url":"https:\/\/bibliotecavigil.org.ar\/inicio\/wp-content\/uploads\/2023\/06\/Logo-sin-texto-gif.gif","contentUrl":"https:\/\/bibliotecavigil.org.ar\/inicio\/wp-content\/uploads\/2023\/06\/Logo-sin-texto-gif.gif","width":1487,"height":1604,"caption":"Biblioteca Popular C.C.Vigil"},"image":{"@id":"https:\/\/bibliotecavigil.org.ar\/inicio\/#\/schema\/logo\/image\/"}}]}},"_links":{"self":[{"href":"https:\/\/bibliotecavigil.org.ar\/inicio\/wp-json\/wp\/v2\/product\/26893","targetHints":{"allow":["GET"]}}],"collection":[{"href":"https:\/\/bibliotecavigil.org.ar\/inicio\/wp-json\/wp\/v2\/product"}],"about":[{"href":"https:\/\/bibliotecavigil.org.ar\/inicio\/wp-json\/wp\/v2\/types\/product"}],"wp:featuredmedia":[{"embeddable":true,"href":"https:\/\/bibliotecavigil.org.ar\/inicio\/wp-json\/wp\/v2\/media\/26847"}],"wp:attachment":[{"href":"https:\/\/bibliotecavigil.org.ar\/inicio\/wp-json\/wp\/v2\/media?parent=26893"}],"wp:term":[{"taxonomy":"product_brand","embeddable":true,"href":"https:\/\/bibliotecavigil.org.ar\/inicio\/wp-json\/wp\/v2\/product_brand?post=26893"},{"taxonomy":"product_cat","embeddable":true,"href":"https:\/\/bibliotecavigil.org.ar\/inicio\/wp-json\/wp\/v2\/product_cat?post=26893"},{"taxonomy":"product_tag","embeddable":true,"href":"https:\/\/bibliotecavigil.org.ar\/inicio\/wp-json\/wp\/v2\/product_tag?post=26893"}],"curies":[{"name":"wp","href":"https:\/\/api.w.org\/{rel}","templated":true}]}}