{"id":966,"date":"2024-11-06T15:58:32","date_gmt":"2024-11-06T18:58:32","guid":{"rendered":"https:\/\/bibliotecavigil.org.ar\/socios\/?post_type=product&#038;p=966"},"modified":"2026-03-31T14:45:07","modified_gmt":"2026-03-31T17:45:07","slug":"vertigo","status":"publish","type":"product","link":"https:\/\/bibliotecavigil.org.ar\/socios\/producto\/vertigo\/","title":{"rendered":"V\u00e9rtigo"},"content":{"rendered":"","protected":false},"excerpt":{"rendered":"<ol>\n<li>Ariel Aguirre. ISBN: 987-978-47021-7-3<\/li>\n<\/ol>\n<p>114 p. \/ cuentos \/ Colecci\u00f3n Prosistas N\u00b0 5 \/ 1\u00b0 edici\u00f3n. Rosario, Editorial Biblioteca, 2020.<\/p>\n<p>Usualmente el t\u00edtulo de un libro no suele ser tan acertado como en la ocasi\u00f3n de lectura que nos convoca. <em>\u00a1V\u00e9rtigo!<\/em>, el cuarto libro del escritor santafesino Ariel Aguirre, es un paseo \u2013o una ca\u00edda- por su prosa alegre, coloquial, llena de las trampas propias del lenguaje escrito cuando logra cautivar. Cada uno de los siete cuentos que lo componen da en la tecla, produce la sensaci\u00f3n de un viaje desesperado que deseamos no termine, volando y cayendo, subiendo y bajando, compenetrados con los personajes de una ficci\u00f3n que bien podr\u00eda articularse en la vida cotidiana, con la desidia, el apremio, la violencia, el rid\u00edculo o el delirio, pero nunca con el aburrimiento.<\/p>\n","protected":false},"featured_media":392,"template":"","meta":{"_et_pb_use_builder":"","_et_pb_old_content":"","_et_gb_content_width":""},"product_brand":[],"product_cat":[36,35],"product_tag":[],"class_list":{"0":"post-966","1":"product","2":"type-product","3":"status-publish","4":"has-post-thumbnail","6":"product_cat-novedades","7":"product_cat-prosistas","9":"first","10":"instock","11":"sale","12":"shipping-taxable","13":"purchasable","14":"product-type-simple"},"yoast_head":"<!-- This site is optimized with the Yoast SEO plugin v27.3 - https:\/\/yoast.com\/product\/yoast-seo-wordpress\/ -->\n<title>V\u00e9rtigo - Socios<\/title>\n<meta name=\"robots\" content=\"index, follow, max-snippet:-1, max-image-preview:large, max-video-preview:-1\" \/>\n<link rel=\"canonical\" href=\"https:\/\/bibliotecavigil.org.ar\/socios\/producto\/vertigo\/\" \/>\n<meta property=\"og:locale\" content=\"es_ES\" \/>\n<meta property=\"og:type\" content=\"article\" \/>\n<meta property=\"og:title\" content=\"V\u00e9rtigo - Socios\" \/>\n<meta property=\"og:description\" content=\"Ariel Aguirre. ISBN: 987-978-47021-7-3  114 p. \/ cuentos \/ Colecci\u00f3n Prosistas N\u00b0 5 \/ 1\u00b0 edici\u00f3n. Rosario, Editorial Biblioteca, 2020.  Usualmente el t\u00edtulo de un libro no suele ser tan acertado como en la ocasi\u00f3n de lectura que nos convoca. \u00a1V\u00e9rtigo!, el cuarto libro del escritor santafesino Ariel Aguirre, es un paseo \u2013o una ca\u00edda- por su prosa alegre, coloquial, llena de las trampas propias del lenguaje escrito cuando logra cautivar. Cada uno de los siete cuentos que lo componen da en la tecla, produce la sensaci\u00f3n de un viaje desesperado que deseamos no termine, volando y cayendo, subiendo y bajando, compenetrados con los personajes de una ficci\u00f3n que bien podr\u00eda articularse en la vida cotidiana, con la desidia, el apremio, la violencia, el rid\u00edculo o el delirio, pero nunca con el aburrimiento.\" \/>\n<meta property=\"og:url\" content=\"https:\/\/bibliotecavigil.org.ar\/socios\/producto\/vertigo\/\" \/>\n<meta property=\"og:site_name\" content=\"Socios\" \/>\n<meta property=\"article:publisher\" content=\"https:\/\/www.facebook.com\/BibliotecaVigil\" \/>\n<meta property=\"article:modified_time\" content=\"2026-03-31T17:45:07+00:00\" \/>\n<meta property=\"og:image\" content=\"https:\/\/bibliotecavigil.org.ar\/socios\/wp-content\/uploads\/2023\/07\/tapa-vertigo.jpg\" \/>\n\t<meta property=\"og:image:width\" content=\"819\" \/>\n\t<meta property=\"og:image:height\" content=\"1181\" \/>\n\t<meta property=\"og:image:type\" content=\"image\/jpeg\" \/>\n<meta name=\"twitter:card\" content=\"summary_large_image\" \/>\n<meta name=\"twitter:label1\" content=\"Tiempo de lectura\" \/>\n\t<meta name=\"twitter:data1\" content=\"1 minuto\" \/>\n<script type=\"application\/ld+json\" class=\"yoast-schema-graph\">{\"@context\":\"https:\\\/\\\/schema.org\",\"@graph\":[{\"@type\":\"WebPage\",\"@id\":\"https:\\\/\\\/bibliotecavigil.org.ar\\\/socios\\\/producto\\\/vertigo\\\/\",\"url\":\"https:\\\/\\\/bibliotecavigil.org.ar\\\/socios\\\/producto\\\/vertigo\\\/\",\"name\":\"V\u00e9rtigo - Socios\",\"isPartOf\":{\"@id\":\"https:\\\/\\\/bibliotecavigil.org.ar\\\/socios\\\/#website\"},\"primaryImageOfPage\":{\"@id\":\"https:\\\/\\\/bibliotecavigil.org.ar\\\/socios\\\/producto\\\/vertigo\\\/#primaryimage\"},\"image\":{\"@id\":\"https:\\\/\\\/bibliotecavigil.org.ar\\\/socios\\\/producto\\\/vertigo\\\/#primaryimage\"},\"thumbnailUrl\":\"https:\\\/\\\/bibliotecavigil.org.ar\\\/socios\\\/wp-content\\\/uploads\\\/2023\\\/07\\\/tapa-vertigo.jpg\",\"datePublished\":\"2024-11-06T18:58:32+00:00\",\"dateModified\":\"2026-03-31T17:45:07+00:00\",\"breadcrumb\":{\"@id\":\"https:\\\/\\\/bibliotecavigil.org.ar\\\/socios\\\/producto\\\/vertigo\\\/#breadcrumb\"},\"inLanguage\":\"es\",\"potentialAction\":[{\"@type\":\"ReadAction\",\"target\":[\"https:\\\/\\\/bibliotecavigil.org.ar\\\/socios\\\/producto\\\/vertigo\\\/\"]}]},{\"@type\":\"ImageObject\",\"inLanguage\":\"es\",\"@id\":\"https:\\\/\\\/bibliotecavigil.org.ar\\\/socios\\\/producto\\\/vertigo\\\/#primaryimage\",\"url\":\"https:\\\/\\\/bibliotecavigil.org.ar\\\/socios\\\/wp-content\\\/uploads\\\/2023\\\/07\\\/tapa-vertigo.jpg\",\"contentUrl\":\"https:\\\/\\\/bibliotecavigil.org.ar\\\/socios\\\/wp-content\\\/uploads\\\/2023\\\/07\\\/tapa-vertigo.jpg\",\"width\":819,\"height\":1181},{\"@type\":\"BreadcrumbList\",\"@id\":\"https:\\\/\\\/bibliotecavigil.org.ar\\\/socios\\\/producto\\\/vertigo\\\/#breadcrumb\",\"itemListElement\":[{\"@type\":\"ListItem\",\"position\":1,\"name\":\"Portada\",\"item\":\"https:\\\/\\\/bibliotecavigil.org.ar\\\/socios\\\/\"},{\"@type\":\"ListItem\",\"position\":2,\"name\":\"Catalogo\",\"item\":\"https:\\\/\\\/bibliotecavigil.org.ar\\\/socios\\\/catalogo\\\/\"},{\"@type\":\"ListItem\",\"position\":3,\"name\":\"V\u00e9rtigo\"}]},{\"@type\":\"WebSite\",\"@id\":\"https:\\\/\\\/bibliotecavigil.org.ar\\\/socios\\\/#website\",\"url\":\"https:\\\/\\\/bibliotecavigil.org.ar\\\/socios\\\/\",\"name\":\"Socios\",\"description\":\"Socios Vigil\",\"publisher\":{\"@id\":\"https:\\\/\\\/bibliotecavigil.org.ar\\\/socios\\\/#organization\"},\"potentialAction\":[{\"@type\":\"SearchAction\",\"target\":{\"@type\":\"EntryPoint\",\"urlTemplate\":\"https:\\\/\\\/bibliotecavigil.org.ar\\\/socios\\\/?s={search_term_string}\"},\"query-input\":{\"@type\":\"PropertyValueSpecification\",\"valueRequired\":true,\"valueName\":\"search_term_string\"}}],\"inLanguage\":\"es\"},{\"@type\":\"Organization\",\"@id\":\"https:\\\/\\\/bibliotecavigil.org.ar\\\/socios\\\/#organization\",\"name\":\"Biblioteca CC Vigil\",\"url\":\"https:\\\/\\\/bibliotecavigil.org.ar\\\/socios\\\/\",\"logo\":{\"@type\":\"ImageObject\",\"inLanguage\":\"es\",\"@id\":\"https:\\\/\\\/bibliotecavigil.org.ar\\\/socios\\\/#\\\/schema\\\/logo\\\/image\\\/\",\"url\":\"https:\\\/\\\/bibliotecavigil.org.ar\\\/socios\\\/wp-content\\\/uploads\\\/2022\\\/03\\\/cropped-logo-color-01-copia.gif\",\"contentUrl\":\"https:\\\/\\\/bibliotecavigil.org.ar\\\/socios\\\/wp-content\\\/uploads\\\/2022\\\/03\\\/cropped-logo-color-01-copia.gif\",\"width\":512,\"height\":512,\"caption\":\"Biblioteca CC Vigil\"},\"image\":{\"@id\":\"https:\\\/\\\/bibliotecavigil.org.ar\\\/socios\\\/#\\\/schema\\\/logo\\\/image\\\/\"},\"sameAs\":[\"https:\\\/\\\/www.facebook.com\\\/BibliotecaVigil\",\"https:\\\/\\\/www.instagram.com\\\/la_vigil\\\/\"]}]}<\/script>\n<!-- \/ Yoast SEO plugin. -->","yoast_head_json":{"title":"V\u00e9rtigo - Socios","robots":{"index":"index","follow":"follow","max-snippet":"max-snippet:-1","max-image-preview":"max-image-preview:large","max-video-preview":"max-video-preview:-1"},"canonical":"https:\/\/bibliotecavigil.org.ar\/socios\/producto\/vertigo\/","og_locale":"es_ES","og_type":"article","og_title":"V\u00e9rtigo - Socios","og_description":"Ariel Aguirre. ISBN: 987-978-47021-7-3  114 p. \/ cuentos \/ Colecci\u00f3n Prosistas N\u00b0 5 \/ 1\u00b0 edici\u00f3n. Rosario, Editorial Biblioteca, 2020.  Usualmente el t\u00edtulo de un libro no suele ser tan acertado como en la ocasi\u00f3n de lectura que nos convoca. \u00a1V\u00e9rtigo!, el cuarto libro del escritor santafesino Ariel Aguirre, es un paseo \u2013o una ca\u00edda- por su prosa alegre, coloquial, llena de las trampas propias del lenguaje escrito cuando logra cautivar. Cada uno de los siete cuentos que lo componen da en la tecla, produce la sensaci\u00f3n de un viaje desesperado que deseamos no termine, volando y cayendo, subiendo y bajando, compenetrados con los personajes de una ficci\u00f3n que bien podr\u00eda articularse en la vida cotidiana, con la desidia, el apremio, la violencia, el rid\u00edculo o el delirio, pero nunca con el aburrimiento.","og_url":"https:\/\/bibliotecavigil.org.ar\/socios\/producto\/vertigo\/","og_site_name":"Socios","article_publisher":"https:\/\/www.facebook.com\/BibliotecaVigil","article_modified_time":"2026-03-31T17:45:07+00:00","og_image":[{"width":819,"height":1181,"url":"https:\/\/bibliotecavigil.org.ar\/socios\/wp-content\/uploads\/2023\/07\/tapa-vertigo.jpg","type":"image\/jpeg"}],"twitter_card":"summary_large_image","twitter_misc":{"Tiempo de lectura":"1 minuto"},"schema":{"@context":"https:\/\/schema.org","@graph":[{"@type":"WebPage","@id":"https:\/\/bibliotecavigil.org.ar\/socios\/producto\/vertigo\/","url":"https:\/\/bibliotecavigil.org.ar\/socios\/producto\/vertigo\/","name":"V\u00e9rtigo - Socios","isPartOf":{"@id":"https:\/\/bibliotecavigil.org.ar\/socios\/#website"},"primaryImageOfPage":{"@id":"https:\/\/bibliotecavigil.org.ar\/socios\/producto\/vertigo\/#primaryimage"},"image":{"@id":"https:\/\/bibliotecavigil.org.ar\/socios\/producto\/vertigo\/#primaryimage"},"thumbnailUrl":"https:\/\/bibliotecavigil.org.ar\/socios\/wp-content\/uploads\/2023\/07\/tapa-vertigo.jpg","datePublished":"2024-11-06T18:58:32+00:00","dateModified":"2026-03-31T17:45:07+00:00","breadcrumb":{"@id":"https:\/\/bibliotecavigil.org.ar\/socios\/producto\/vertigo\/#breadcrumb"},"inLanguage":"es","potentialAction":[{"@type":"ReadAction","target":["https:\/\/bibliotecavigil.org.ar\/socios\/producto\/vertigo\/"]}]},{"@type":"ImageObject","inLanguage":"es","@id":"https:\/\/bibliotecavigil.org.ar\/socios\/producto\/vertigo\/#primaryimage","url":"https:\/\/bibliotecavigil.org.ar\/socios\/wp-content\/uploads\/2023\/07\/tapa-vertigo.jpg","contentUrl":"https:\/\/bibliotecavigil.org.ar\/socios\/wp-content\/uploads\/2023\/07\/tapa-vertigo.jpg","width":819,"height":1181},{"@type":"BreadcrumbList","@id":"https:\/\/bibliotecavigil.org.ar\/socios\/producto\/vertigo\/#breadcrumb","itemListElement":[{"@type":"ListItem","position":1,"name":"Portada","item":"https:\/\/bibliotecavigil.org.ar\/socios\/"},{"@type":"ListItem","position":2,"name":"Catalogo","item":"https:\/\/bibliotecavigil.org.ar\/socios\/catalogo\/"},{"@type":"ListItem","position":3,"name":"V\u00e9rtigo"}]},{"@type":"WebSite","@id":"https:\/\/bibliotecavigil.org.ar\/socios\/#website","url":"https:\/\/bibliotecavigil.org.ar\/socios\/","name":"Socios","description":"Socios Vigil","publisher":{"@id":"https:\/\/bibliotecavigil.org.ar\/socios\/#organization"},"potentialAction":[{"@type":"SearchAction","target":{"@type":"EntryPoint","urlTemplate":"https:\/\/bibliotecavigil.org.ar\/socios\/?s={search_term_string}"},"query-input":{"@type":"PropertyValueSpecification","valueRequired":true,"valueName":"search_term_string"}}],"inLanguage":"es"},{"@type":"Organization","@id":"https:\/\/bibliotecavigil.org.ar\/socios\/#organization","name":"Biblioteca CC Vigil","url":"https:\/\/bibliotecavigil.org.ar\/socios\/","logo":{"@type":"ImageObject","inLanguage":"es","@id":"https:\/\/bibliotecavigil.org.ar\/socios\/#\/schema\/logo\/image\/","url":"https:\/\/bibliotecavigil.org.ar\/socios\/wp-content\/uploads\/2022\/03\/cropped-logo-color-01-copia.gif","contentUrl":"https:\/\/bibliotecavigil.org.ar\/socios\/wp-content\/uploads\/2022\/03\/cropped-logo-color-01-copia.gif","width":512,"height":512,"caption":"Biblioteca CC Vigil"},"image":{"@id":"https:\/\/bibliotecavigil.org.ar\/socios\/#\/schema\/logo\/image\/"},"sameAs":["https:\/\/www.facebook.com\/BibliotecaVigil","https:\/\/www.instagram.com\/la_vigil\/"]}]}},"_links":{"self":[{"href":"https:\/\/bibliotecavigil.org.ar\/socios\/wp-json\/wp\/v2\/product\/966","targetHints":{"allow":["GET"]}}],"collection":[{"href":"https:\/\/bibliotecavigil.org.ar\/socios\/wp-json\/wp\/v2\/product"}],"about":[{"href":"https:\/\/bibliotecavigil.org.ar\/socios\/wp-json\/wp\/v2\/types\/product"}],"wp:featuredmedia":[{"embeddable":true,"href":"https:\/\/bibliotecavigil.org.ar\/socios\/wp-json\/wp\/v2\/media\/392"}],"wp:attachment":[{"href":"https:\/\/bibliotecavigil.org.ar\/socios\/wp-json\/wp\/v2\/media?parent=966"}],"wp:term":[{"taxonomy":"product_brand","embeddable":true,"href":"https:\/\/bibliotecavigil.org.ar\/socios\/wp-json\/wp\/v2\/product_brand?post=966"},{"taxonomy":"product_cat","embeddable":true,"href":"https:\/\/bibliotecavigil.org.ar\/socios\/wp-json\/wp\/v2\/product_cat?post=966"},{"taxonomy":"product_tag","embeddable":true,"href":"https:\/\/bibliotecavigil.org.ar\/socios\/wp-json\/wp\/v2\/product_tag?post=966"}],"curies":[{"name":"wp","href":"https:\/\/api.w.org\/{rel}","templated":true}]}}