{"id":968,"date":"2024-11-06T15:58:32","date_gmt":"2024-11-06T18:58:32","guid":{"rendered":"https:\/\/bibliotecavigil.org.ar\/socios\/?post_type=product&#038;p=968"},"modified":"2026-03-31T14:44:10","modified_gmt":"2026-03-31T17:44:10","slug":"maestro-pueblo-o-maestro-gendarme","status":"publish","type":"product","link":"https:\/\/bibliotecavigil.org.ar\/socios\/producto\/maestro-pueblo-o-maestro-gendarme\/","title":{"rendered":"\u00bfMaestro pueblo o maestro gendarme?"},"content":{"rendered":"","protected":false},"excerpt":{"rendered":"<p>1.Mar\u00eda Teresa Nidelcoff<\/p>\n<p>180 p. \/ Educaci\u00f3n \/ Colecci\u00f3n Praxis 21 \/ 3\u00b0 ed. ampliada. Rosario, Editorial BIblioteca, 2019.<\/p>\n<p>Este libro es un testimonio aut\u00e9ntico de la persistencia de una forma de pensar la educaci\u00f3n popular. Renuente a la aceptaci\u00f3n ligera, fuente de inspiraci\u00f3n de dos generaciones de docentes en Argentina \u2013y fundamentalmente en Rosario\u2013 pero tambi\u00e9n obra de enorme reconocimiento en Brasil, donde fue editado m\u00e1s de 20 veces, vuelve al cat\u00e1logo de nuestra editorial, desde donde se dio a conocer en la d\u00e9cada de los vertiginosos setentas. De tono \u00e9pico, pero no ingenuo, es una apertura al di\u00e1logo, que antes como ahora, es imprescindible. <em>\u00bfMaestro pueblo o maestro gendarme?<\/em>, una de las primeras sistematizaciones de la pedagog\u00eda cr\u00edtica latinoamericana en su versi\u00f3n rosarina, de aire indudablemente freireano, de concepci\u00f3n proclive al reproductivismo marxista, vuelve a ser parte de nuestra historia de la educaci\u00f3n con tres textos complementarios, invitaci\u00f3n realizada a maestras, docentes e investigadoras de la educaci\u00f3n, que han prestado su esfuerzo en reubicar el valor de este libro en el presente. Testimonio, tambi\u00e9n, del deseo de la Biblioteca Popular C.C. Vigil de aportar herramientas para la educaci\u00f3n del pueblo, con el pueblo y por el pueblo. Se relanza as\u00ed la Colecci\u00f3n Praxis de la nueva \u00e9poca de la Editorial Biblioteca.<\/p>\n","protected":false},"featured_media":395,"template":"","meta":{"_et_pb_use_builder":"","_et_pb_old_content":"","_et_gb_content_width":""},"product_brand":[],"product_cat":[38],"product_tag":[],"class_list":{"0":"post-968","1":"product","2":"type-product","3":"status-publish","4":"has-post-thumbnail","6":"product_cat-praxis","8":"first","9":"instock","10":"sale","11":"shipping-taxable","12":"purchasable","13":"product-type-simple"},"yoast_head":"<!-- This site is optimized with the Yoast SEO plugin v27.3 - https:\/\/yoast.com\/product\/yoast-seo-wordpress\/ -->\n<title>\u00bfMaestro pueblo o maestro gendarme? - Socios<\/title>\n<meta name=\"robots\" content=\"index, follow, max-snippet:-1, max-image-preview:large, max-video-preview:-1\" \/>\n<link rel=\"canonical\" href=\"https:\/\/bibliotecavigil.org.ar\/socios\/producto\/maestro-pueblo-o-maestro-gendarme\/\" \/>\n<meta property=\"og:locale\" content=\"es_ES\" \/>\n<meta property=\"og:type\" content=\"article\" \/>\n<meta property=\"og:title\" content=\"\u00bfMaestro pueblo o maestro gendarme? - Socios\" \/>\n<meta property=\"og:description\" content=\"1.Mar\u00eda Teresa Nidelcoff  180 p. \/ Educaci\u00f3n \/ Colecci\u00f3n Praxis 21 \/ 3\u00b0 ed. ampliada. Rosario, Editorial BIblioteca, 2019.  Este libro es un testimonio aut\u00e9ntico de la persistencia de una forma de pensar la educaci\u00f3n popular. Renuente a la aceptaci\u00f3n ligera, fuente de inspiraci\u00f3n de dos generaciones de docentes en Argentina \u2013y fundamentalmente en Rosario\u2013 pero tambi\u00e9n obra de enorme reconocimiento en Brasil, donde fue editado m\u00e1s de 20 veces, vuelve al cat\u00e1logo de nuestra editorial, desde donde se dio a conocer en la d\u00e9cada de los vertiginosos setentas. De tono \u00e9pico, pero no ingenuo, es una apertura al di\u00e1logo, que antes como ahora, es imprescindible. \u00bfMaestro pueblo o maestro gendarme?, una de las primeras sistematizaciones de la pedagog\u00eda cr\u00edtica latinoamericana en su versi\u00f3n rosarina, de aire indudablemente freireano, de concepci\u00f3n proclive al reproductivismo marxista, vuelve a ser parte de nuestra historia de la educaci\u00f3n con tres textos complementarios, invitaci\u00f3n realizada a maestras, docentes e investigadoras de la educaci\u00f3n, que han prestado su esfuerzo en reubicar el valor de este libro en el presente. Testimonio, tambi\u00e9n, del deseo de la Biblioteca Popular C.C. Vigil de aportar herramientas para la educaci\u00f3n del pueblo, con el pueblo y por el pueblo. Se relanza as\u00ed la Colecci\u00f3n Praxis de la nueva \u00e9poca de la Editorial Biblioteca.\" \/>\n<meta property=\"og:url\" content=\"https:\/\/bibliotecavigil.org.ar\/socios\/producto\/maestro-pueblo-o-maestro-gendarme\/\" \/>\n<meta property=\"og:site_name\" content=\"Socios\" \/>\n<meta property=\"article:publisher\" content=\"https:\/\/www.facebook.com\/BibliotecaVigil\" \/>\n<meta property=\"article:modified_time\" content=\"2026-03-31T17:44:10+00:00\" \/>\n<meta property=\"og:image\" content=\"https:\/\/bibliotecavigil.org.ar\/socios\/wp-content\/uploads\/2023\/07\/Maestro-pueblo-TESTIGO-01.jpg\" \/>\n\t<meta property=\"og:image:width\" content=\"457\" \/>\n\t<meta property=\"og:image:height\" content=\"631\" \/>\n\t<meta property=\"og:image:type\" content=\"image\/jpeg\" \/>\n<meta name=\"twitter:card\" content=\"summary_large_image\" \/>\n<meta name=\"twitter:label1\" content=\"Tiempo de lectura\" \/>\n\t<meta name=\"twitter:data1\" content=\"1 minuto\" \/>\n<script type=\"application\/ld+json\" class=\"yoast-schema-graph\">{\"@context\":\"https:\\\/\\\/schema.org\",\"@graph\":[{\"@type\":\"WebPage\",\"@id\":\"https:\\\/\\\/bibliotecavigil.org.ar\\\/socios\\\/producto\\\/maestro-pueblo-o-maestro-gendarme\\\/\",\"url\":\"https:\\\/\\\/bibliotecavigil.org.ar\\\/socios\\\/producto\\\/maestro-pueblo-o-maestro-gendarme\\\/\",\"name\":\"\u00bfMaestro pueblo o maestro gendarme? - Socios\",\"isPartOf\":{\"@id\":\"https:\\\/\\\/bibliotecavigil.org.ar\\\/socios\\\/#website\"},\"primaryImageOfPage\":{\"@id\":\"https:\\\/\\\/bibliotecavigil.org.ar\\\/socios\\\/producto\\\/maestro-pueblo-o-maestro-gendarme\\\/#primaryimage\"},\"image\":{\"@id\":\"https:\\\/\\\/bibliotecavigil.org.ar\\\/socios\\\/producto\\\/maestro-pueblo-o-maestro-gendarme\\\/#primaryimage\"},\"thumbnailUrl\":\"https:\\\/\\\/bibliotecavigil.org.ar\\\/socios\\\/wp-content\\\/uploads\\\/2023\\\/07\\\/Maestro-pueblo-TESTIGO-01.jpg\",\"datePublished\":\"2024-11-06T18:58:32+00:00\",\"dateModified\":\"2026-03-31T17:44:10+00:00\",\"breadcrumb\":{\"@id\":\"https:\\\/\\\/bibliotecavigil.org.ar\\\/socios\\\/producto\\\/maestro-pueblo-o-maestro-gendarme\\\/#breadcrumb\"},\"inLanguage\":\"es\",\"potentialAction\":[{\"@type\":\"ReadAction\",\"target\":[\"https:\\\/\\\/bibliotecavigil.org.ar\\\/socios\\\/producto\\\/maestro-pueblo-o-maestro-gendarme\\\/\"]}]},{\"@type\":\"ImageObject\",\"inLanguage\":\"es\",\"@id\":\"https:\\\/\\\/bibliotecavigil.org.ar\\\/socios\\\/producto\\\/maestro-pueblo-o-maestro-gendarme\\\/#primaryimage\",\"url\":\"https:\\\/\\\/bibliotecavigil.org.ar\\\/socios\\\/wp-content\\\/uploads\\\/2023\\\/07\\\/Maestro-pueblo-TESTIGO-01.jpg\",\"contentUrl\":\"https:\\\/\\\/bibliotecavigil.org.ar\\\/socios\\\/wp-content\\\/uploads\\\/2023\\\/07\\\/Maestro-pueblo-TESTIGO-01.jpg\",\"width\":457,\"height\":631},{\"@type\":\"BreadcrumbList\",\"@id\":\"https:\\\/\\\/bibliotecavigil.org.ar\\\/socios\\\/producto\\\/maestro-pueblo-o-maestro-gendarme\\\/#breadcrumb\",\"itemListElement\":[{\"@type\":\"ListItem\",\"position\":1,\"name\":\"Portada\",\"item\":\"https:\\\/\\\/bibliotecavigil.org.ar\\\/socios\\\/\"},{\"@type\":\"ListItem\",\"position\":2,\"name\":\"Catalogo\",\"item\":\"https:\\\/\\\/bibliotecavigil.org.ar\\\/socios\\\/catalogo\\\/\"},{\"@type\":\"ListItem\",\"position\":3,\"name\":\"\u00bfMaestro pueblo o maestro gendarme?\"}]},{\"@type\":\"WebSite\",\"@id\":\"https:\\\/\\\/bibliotecavigil.org.ar\\\/socios\\\/#website\",\"url\":\"https:\\\/\\\/bibliotecavigil.org.ar\\\/socios\\\/\",\"name\":\"Socios\",\"description\":\"Socios Vigil\",\"publisher\":{\"@id\":\"https:\\\/\\\/bibliotecavigil.org.ar\\\/socios\\\/#organization\"},\"potentialAction\":[{\"@type\":\"SearchAction\",\"target\":{\"@type\":\"EntryPoint\",\"urlTemplate\":\"https:\\\/\\\/bibliotecavigil.org.ar\\\/socios\\\/?s={search_term_string}\"},\"query-input\":{\"@type\":\"PropertyValueSpecification\",\"valueRequired\":true,\"valueName\":\"search_term_string\"}}],\"inLanguage\":\"es\"},{\"@type\":\"Organization\",\"@id\":\"https:\\\/\\\/bibliotecavigil.org.ar\\\/socios\\\/#organization\",\"name\":\"Biblioteca CC Vigil\",\"url\":\"https:\\\/\\\/bibliotecavigil.org.ar\\\/socios\\\/\",\"logo\":{\"@type\":\"ImageObject\",\"inLanguage\":\"es\",\"@id\":\"https:\\\/\\\/bibliotecavigil.org.ar\\\/socios\\\/#\\\/schema\\\/logo\\\/image\\\/\",\"url\":\"https:\\\/\\\/bibliotecavigil.org.ar\\\/socios\\\/wp-content\\\/uploads\\\/2022\\\/03\\\/cropped-logo-color-01-copia.gif\",\"contentUrl\":\"https:\\\/\\\/bibliotecavigil.org.ar\\\/socios\\\/wp-content\\\/uploads\\\/2022\\\/03\\\/cropped-logo-color-01-copia.gif\",\"width\":512,\"height\":512,\"caption\":\"Biblioteca CC Vigil\"},\"image\":{\"@id\":\"https:\\\/\\\/bibliotecavigil.org.ar\\\/socios\\\/#\\\/schema\\\/logo\\\/image\\\/\"},\"sameAs\":[\"https:\\\/\\\/www.facebook.com\\\/BibliotecaVigil\",\"https:\\\/\\\/www.instagram.com\\\/la_vigil\\\/\"]}]}<\/script>\n<!-- \/ Yoast SEO plugin. -->","yoast_head_json":{"title":"\u00bfMaestro pueblo o maestro gendarme? - Socios","robots":{"index":"index","follow":"follow","max-snippet":"max-snippet:-1","max-image-preview":"max-image-preview:large","max-video-preview":"max-video-preview:-1"},"canonical":"https:\/\/bibliotecavigil.org.ar\/socios\/producto\/maestro-pueblo-o-maestro-gendarme\/","og_locale":"es_ES","og_type":"article","og_title":"\u00bfMaestro pueblo o maestro gendarme? - Socios","og_description":"1.Mar\u00eda Teresa Nidelcoff  180 p. \/ Educaci\u00f3n \/ Colecci\u00f3n Praxis 21 \/ 3\u00b0 ed. ampliada. Rosario, Editorial BIblioteca, 2019.  Este libro es un testimonio aut\u00e9ntico de la persistencia de una forma de pensar la educaci\u00f3n popular. Renuente a la aceptaci\u00f3n ligera, fuente de inspiraci\u00f3n de dos generaciones de docentes en Argentina \u2013y fundamentalmente en Rosario\u2013 pero tambi\u00e9n obra de enorme reconocimiento en Brasil, donde fue editado m\u00e1s de 20 veces, vuelve al cat\u00e1logo de nuestra editorial, desde donde se dio a conocer en la d\u00e9cada de los vertiginosos setentas. De tono \u00e9pico, pero no ingenuo, es una apertura al di\u00e1logo, que antes como ahora, es imprescindible. \u00bfMaestro pueblo o maestro gendarme?, una de las primeras sistematizaciones de la pedagog\u00eda cr\u00edtica latinoamericana en su versi\u00f3n rosarina, de aire indudablemente freireano, de concepci\u00f3n proclive al reproductivismo marxista, vuelve a ser parte de nuestra historia de la educaci\u00f3n con tres textos complementarios, invitaci\u00f3n realizada a maestras, docentes e investigadoras de la educaci\u00f3n, que han prestado su esfuerzo en reubicar el valor de este libro en el presente. Testimonio, tambi\u00e9n, del deseo de la Biblioteca Popular C.C. Vigil de aportar herramientas para la educaci\u00f3n del pueblo, con el pueblo y por el pueblo. Se relanza as\u00ed la Colecci\u00f3n Praxis de la nueva \u00e9poca de la Editorial Biblioteca.","og_url":"https:\/\/bibliotecavigil.org.ar\/socios\/producto\/maestro-pueblo-o-maestro-gendarme\/","og_site_name":"Socios","article_publisher":"https:\/\/www.facebook.com\/BibliotecaVigil","article_modified_time":"2026-03-31T17:44:10+00:00","og_image":[{"width":457,"height":631,"url":"https:\/\/bibliotecavigil.org.ar\/socios\/wp-content\/uploads\/2023\/07\/Maestro-pueblo-TESTIGO-01.jpg","type":"image\/jpeg"}],"twitter_card":"summary_large_image","twitter_misc":{"Tiempo de lectura":"1 minuto"},"schema":{"@context":"https:\/\/schema.org","@graph":[{"@type":"WebPage","@id":"https:\/\/bibliotecavigil.org.ar\/socios\/producto\/maestro-pueblo-o-maestro-gendarme\/","url":"https:\/\/bibliotecavigil.org.ar\/socios\/producto\/maestro-pueblo-o-maestro-gendarme\/","name":"\u00bfMaestro pueblo o maestro gendarme? - Socios","isPartOf":{"@id":"https:\/\/bibliotecavigil.org.ar\/socios\/#website"},"primaryImageOfPage":{"@id":"https:\/\/bibliotecavigil.org.ar\/socios\/producto\/maestro-pueblo-o-maestro-gendarme\/#primaryimage"},"image":{"@id":"https:\/\/bibliotecavigil.org.ar\/socios\/producto\/maestro-pueblo-o-maestro-gendarme\/#primaryimage"},"thumbnailUrl":"https:\/\/bibliotecavigil.org.ar\/socios\/wp-content\/uploads\/2023\/07\/Maestro-pueblo-TESTIGO-01.jpg","datePublished":"2024-11-06T18:58:32+00:00","dateModified":"2026-03-31T17:44:10+00:00","breadcrumb":{"@id":"https:\/\/bibliotecavigil.org.ar\/socios\/producto\/maestro-pueblo-o-maestro-gendarme\/#breadcrumb"},"inLanguage":"es","potentialAction":[{"@type":"ReadAction","target":["https:\/\/bibliotecavigil.org.ar\/socios\/producto\/maestro-pueblo-o-maestro-gendarme\/"]}]},{"@type":"ImageObject","inLanguage":"es","@id":"https:\/\/bibliotecavigil.org.ar\/socios\/producto\/maestro-pueblo-o-maestro-gendarme\/#primaryimage","url":"https:\/\/bibliotecavigil.org.ar\/socios\/wp-content\/uploads\/2023\/07\/Maestro-pueblo-TESTIGO-01.jpg","contentUrl":"https:\/\/bibliotecavigil.org.ar\/socios\/wp-content\/uploads\/2023\/07\/Maestro-pueblo-TESTIGO-01.jpg","width":457,"height":631},{"@type":"BreadcrumbList","@id":"https:\/\/bibliotecavigil.org.ar\/socios\/producto\/maestro-pueblo-o-maestro-gendarme\/#breadcrumb","itemListElement":[{"@type":"ListItem","position":1,"name":"Portada","item":"https:\/\/bibliotecavigil.org.ar\/socios\/"},{"@type":"ListItem","position":2,"name":"Catalogo","item":"https:\/\/bibliotecavigil.org.ar\/socios\/catalogo\/"},{"@type":"ListItem","position":3,"name":"\u00bfMaestro pueblo o maestro gendarme?"}]},{"@type":"WebSite","@id":"https:\/\/bibliotecavigil.org.ar\/socios\/#website","url":"https:\/\/bibliotecavigil.org.ar\/socios\/","name":"Socios","description":"Socios Vigil","publisher":{"@id":"https:\/\/bibliotecavigil.org.ar\/socios\/#organization"},"potentialAction":[{"@type":"SearchAction","target":{"@type":"EntryPoint","urlTemplate":"https:\/\/bibliotecavigil.org.ar\/socios\/?s={search_term_string}"},"query-input":{"@type":"PropertyValueSpecification","valueRequired":true,"valueName":"search_term_string"}}],"inLanguage":"es"},{"@type":"Organization","@id":"https:\/\/bibliotecavigil.org.ar\/socios\/#organization","name":"Biblioteca CC Vigil","url":"https:\/\/bibliotecavigil.org.ar\/socios\/","logo":{"@type":"ImageObject","inLanguage":"es","@id":"https:\/\/bibliotecavigil.org.ar\/socios\/#\/schema\/logo\/image\/","url":"https:\/\/bibliotecavigil.org.ar\/socios\/wp-content\/uploads\/2022\/03\/cropped-logo-color-01-copia.gif","contentUrl":"https:\/\/bibliotecavigil.org.ar\/socios\/wp-content\/uploads\/2022\/03\/cropped-logo-color-01-copia.gif","width":512,"height":512,"caption":"Biblioteca CC Vigil"},"image":{"@id":"https:\/\/bibliotecavigil.org.ar\/socios\/#\/schema\/logo\/image\/"},"sameAs":["https:\/\/www.facebook.com\/BibliotecaVigil","https:\/\/www.instagram.com\/la_vigil\/"]}]}},"_links":{"self":[{"href":"https:\/\/bibliotecavigil.org.ar\/socios\/wp-json\/wp\/v2\/product\/968","targetHints":{"allow":["GET"]}}],"collection":[{"href":"https:\/\/bibliotecavigil.org.ar\/socios\/wp-json\/wp\/v2\/product"}],"about":[{"href":"https:\/\/bibliotecavigil.org.ar\/socios\/wp-json\/wp\/v2\/types\/product"}],"wp:featuredmedia":[{"embeddable":true,"href":"https:\/\/bibliotecavigil.org.ar\/socios\/wp-json\/wp\/v2\/media\/395"}],"wp:attachment":[{"href":"https:\/\/bibliotecavigil.org.ar\/socios\/wp-json\/wp\/v2\/media?parent=968"}],"wp:term":[{"taxonomy":"product_brand","embeddable":true,"href":"https:\/\/bibliotecavigil.org.ar\/socios\/wp-json\/wp\/v2\/product_brand?post=968"},{"taxonomy":"product_cat","embeddable":true,"href":"https:\/\/bibliotecavigil.org.ar\/socios\/wp-json\/wp\/v2\/product_cat?post=968"},{"taxonomy":"product_tag","embeddable":true,"href":"https:\/\/bibliotecavigil.org.ar\/socios\/wp-json\/wp\/v2\/product_tag?post=968"}],"curies":[{"name":"wp","href":"https:\/\/api.w.org\/{rel}","templated":true}]}}