{"id":969,"date":"2024-11-06T15:58:33","date_gmt":"2024-11-06T18:58:33","guid":{"rendered":"https:\/\/bibliotecavigil.org.ar\/socios\/?post_type=product&#038;p=969"},"modified":"2026-03-31T14:43:55","modified_gmt":"2026-03-31T17:43:55","slug":"la-escuela-y-la-comprension-de-la-realidad","status":"publish","type":"product","link":"https:\/\/bibliotecavigil.org.ar\/socios\/producto\/la-escuela-y-la-comprension-de-la-realidad\/","title":{"rendered":"La escuela y la comprensi\u00f3n de la realidad"},"content":{"rendered":"","protected":false},"excerpt":{"rendered":"<ol>\n<li>Mar\u00eda Teresa Nidelcoff.<\/li>\n<\/ol>\n<p>180 p. \/ Educaci\u00f3n \/ Colecci\u00f3n Praxis 22 \/ 2\u00b0 ed. ampliada. Rosario, Editorial Biblioteca, 2019.<\/p>\n<p>\u00bfC\u00f3mo ense\u00f1ar ciencias sociales en la escuela? \u00bfC\u00f3mo trabajar temas complejos con educandos peque\u00f1os? Este libro precisa metodolog\u00edas de transposici\u00f3n did\u00e1ctica y de tratamiento de problemas complejos, apostando por el desarrollo de una capacidad cr\u00edtica y liberadora, cuestionando estereotipos y respuestas sencillas en el aula. La autora parte de sus experiencias como maestra y elabora algunas claves fundamentales para el trabajo artesanal, oficioso, arduo de ser docentes creativos, dispuestos a las apuestas de largo aliento que, cansados de la repetici\u00f3n y la abulia, se lanzan a crear otras herramientas para otra educaci\u00f3n. Este libro, recuperado del cat\u00e1logo de la Editorial Biblioteca intervenido por el golpe militar en 1977, vuelve con tres textos complementarios de docentes, maestras y maestros que, actualmente, se hacen las mismas preguntas y con este libro ensayan sus propias b\u00fasquedas, que aqu\u00ed comparten.<\/p>\n<p>&nbsp;<\/p>\n","protected":false},"featured_media":396,"template":"","meta":{"_et_pb_use_builder":"","_et_pb_old_content":"","_et_gb_content_width":""},"product_brand":[],"product_cat":[38],"product_tag":[],"class_list":{"0":"post-969","1":"product","2":"type-product","3":"status-publish","4":"has-post-thumbnail","6":"product_cat-praxis","8":"first","9":"instock","10":"sale","11":"shipping-taxable","12":"purchasable","13":"product-type-simple"},"yoast_head":"<!-- This site is optimized with the Yoast SEO plugin v27.3 - https:\/\/yoast.com\/product\/yoast-seo-wordpress\/ -->\n<title>La escuela y la comprensi\u00f3n de la realidad - Socios<\/title>\n<meta name=\"robots\" content=\"index, follow, max-snippet:-1, max-image-preview:large, max-video-preview:-1\" \/>\n<link rel=\"canonical\" href=\"https:\/\/bibliotecavigil.org.ar\/socios\/producto\/la-escuela-y-la-comprension-de-la-realidad\/\" \/>\n<meta property=\"og:locale\" content=\"es_ES\" \/>\n<meta property=\"og:type\" content=\"article\" \/>\n<meta property=\"og:title\" content=\"La escuela y la comprensi\u00f3n de la realidad - Socios\" \/>\n<meta property=\"og:description\" content=\"Mar\u00eda Teresa Nidelcoff.  180 p. \/ Educaci\u00f3n \/ Colecci\u00f3n Praxis 22 \/ 2\u00b0 ed. ampliada. Rosario, Editorial Biblioteca, 2019.  \u00bfC\u00f3mo ense\u00f1ar ciencias sociales en la escuela? \u00bfC\u00f3mo trabajar temas complejos con educandos peque\u00f1os? Este libro precisa metodolog\u00edas de transposici\u00f3n did\u00e1ctica y de tratamiento de problemas complejos, apostando por el desarrollo de una capacidad cr\u00edtica y liberadora, cuestionando estereotipos y respuestas sencillas en el aula. La autora parte de sus experiencias como maestra y elabora algunas claves fundamentales para el trabajo artesanal, oficioso, arduo de ser docentes creativos, dispuestos a las apuestas de largo aliento que, cansados de la repetici\u00f3n y la abulia, se lanzan a crear otras herramientas para otra educaci\u00f3n. Este libro, recuperado del cat\u00e1logo de la Editorial Biblioteca intervenido por el golpe militar en 1977, vuelve con tres textos complementarios de docentes, maestras y maestros que, actualmente, se hacen las mismas preguntas y con este libro ensayan sus propias b\u00fasquedas, que aqu\u00ed comparten.  &nbsp;\" \/>\n<meta property=\"og:url\" content=\"https:\/\/bibliotecavigil.org.ar\/socios\/producto\/la-escuela-y-la-comprension-de-la-realidad\/\" \/>\n<meta property=\"og:site_name\" content=\"Socios\" \/>\n<meta property=\"article:publisher\" content=\"https:\/\/www.facebook.com\/BibliotecaVigil\" \/>\n<meta property=\"article:modified_time\" content=\"2026-03-31T17:43:55+00:00\" \/>\n<meta property=\"og:image\" content=\"https:\/\/bibliotecavigil.org.ar\/socios\/wp-content\/uploads\/2023\/07\/La-escuela-TESTIGO-02.jpg\" \/>\n\t<meta property=\"og:image:width\" content=\"457\" \/>\n\t<meta property=\"og:image:height\" content=\"632\" \/>\n\t<meta property=\"og:image:type\" content=\"image\/jpeg\" \/>\n<meta name=\"twitter:card\" content=\"summary_large_image\" \/>\n<meta name=\"twitter:label1\" content=\"Tiempo de lectura\" \/>\n\t<meta name=\"twitter:data1\" content=\"1 minuto\" \/>\n<script type=\"application\/ld+json\" class=\"yoast-schema-graph\">{\"@context\":\"https:\\\/\\\/schema.org\",\"@graph\":[{\"@type\":\"WebPage\",\"@id\":\"https:\\\/\\\/bibliotecavigil.org.ar\\\/socios\\\/producto\\\/la-escuela-y-la-comprension-de-la-realidad\\\/\",\"url\":\"https:\\\/\\\/bibliotecavigil.org.ar\\\/socios\\\/producto\\\/la-escuela-y-la-comprension-de-la-realidad\\\/\",\"name\":\"La escuela y la comprensi\u00f3n de la realidad - Socios\",\"isPartOf\":{\"@id\":\"https:\\\/\\\/bibliotecavigil.org.ar\\\/socios\\\/#website\"},\"primaryImageOfPage\":{\"@id\":\"https:\\\/\\\/bibliotecavigil.org.ar\\\/socios\\\/producto\\\/la-escuela-y-la-comprension-de-la-realidad\\\/#primaryimage\"},\"image\":{\"@id\":\"https:\\\/\\\/bibliotecavigil.org.ar\\\/socios\\\/producto\\\/la-escuela-y-la-comprension-de-la-realidad\\\/#primaryimage\"},\"thumbnailUrl\":\"https:\\\/\\\/bibliotecavigil.org.ar\\\/socios\\\/wp-content\\\/uploads\\\/2023\\\/07\\\/La-escuela-TESTIGO-02.jpg\",\"datePublished\":\"2024-11-06T18:58:33+00:00\",\"dateModified\":\"2026-03-31T17:43:55+00:00\",\"breadcrumb\":{\"@id\":\"https:\\\/\\\/bibliotecavigil.org.ar\\\/socios\\\/producto\\\/la-escuela-y-la-comprension-de-la-realidad\\\/#breadcrumb\"},\"inLanguage\":\"es\",\"potentialAction\":[{\"@type\":\"ReadAction\",\"target\":[\"https:\\\/\\\/bibliotecavigil.org.ar\\\/socios\\\/producto\\\/la-escuela-y-la-comprension-de-la-realidad\\\/\"]}]},{\"@type\":\"ImageObject\",\"inLanguage\":\"es\",\"@id\":\"https:\\\/\\\/bibliotecavigil.org.ar\\\/socios\\\/producto\\\/la-escuela-y-la-comprension-de-la-realidad\\\/#primaryimage\",\"url\":\"https:\\\/\\\/bibliotecavigil.org.ar\\\/socios\\\/wp-content\\\/uploads\\\/2023\\\/07\\\/La-escuela-TESTIGO-02.jpg\",\"contentUrl\":\"https:\\\/\\\/bibliotecavigil.org.ar\\\/socios\\\/wp-content\\\/uploads\\\/2023\\\/07\\\/La-escuela-TESTIGO-02.jpg\",\"width\":457,\"height\":632},{\"@type\":\"BreadcrumbList\",\"@id\":\"https:\\\/\\\/bibliotecavigil.org.ar\\\/socios\\\/producto\\\/la-escuela-y-la-comprension-de-la-realidad\\\/#breadcrumb\",\"itemListElement\":[{\"@type\":\"ListItem\",\"position\":1,\"name\":\"Portada\",\"item\":\"https:\\\/\\\/bibliotecavigil.org.ar\\\/socios\\\/\"},{\"@type\":\"ListItem\",\"position\":2,\"name\":\"Catalogo\",\"item\":\"https:\\\/\\\/bibliotecavigil.org.ar\\\/socios\\\/catalogo\\\/\"},{\"@type\":\"ListItem\",\"position\":3,\"name\":\"La escuela y la comprensi\u00f3n de la realidad\"}]},{\"@type\":\"WebSite\",\"@id\":\"https:\\\/\\\/bibliotecavigil.org.ar\\\/socios\\\/#website\",\"url\":\"https:\\\/\\\/bibliotecavigil.org.ar\\\/socios\\\/\",\"name\":\"Socios\",\"description\":\"Socios Vigil\",\"publisher\":{\"@id\":\"https:\\\/\\\/bibliotecavigil.org.ar\\\/socios\\\/#organization\"},\"potentialAction\":[{\"@type\":\"SearchAction\",\"target\":{\"@type\":\"EntryPoint\",\"urlTemplate\":\"https:\\\/\\\/bibliotecavigil.org.ar\\\/socios\\\/?s={search_term_string}\"},\"query-input\":{\"@type\":\"PropertyValueSpecification\",\"valueRequired\":true,\"valueName\":\"search_term_string\"}}],\"inLanguage\":\"es\"},{\"@type\":\"Organization\",\"@id\":\"https:\\\/\\\/bibliotecavigil.org.ar\\\/socios\\\/#organization\",\"name\":\"Biblioteca CC Vigil\",\"url\":\"https:\\\/\\\/bibliotecavigil.org.ar\\\/socios\\\/\",\"logo\":{\"@type\":\"ImageObject\",\"inLanguage\":\"es\",\"@id\":\"https:\\\/\\\/bibliotecavigil.org.ar\\\/socios\\\/#\\\/schema\\\/logo\\\/image\\\/\",\"url\":\"https:\\\/\\\/bibliotecavigil.org.ar\\\/socios\\\/wp-content\\\/uploads\\\/2022\\\/03\\\/cropped-logo-color-01-copia.gif\",\"contentUrl\":\"https:\\\/\\\/bibliotecavigil.org.ar\\\/socios\\\/wp-content\\\/uploads\\\/2022\\\/03\\\/cropped-logo-color-01-copia.gif\",\"width\":512,\"height\":512,\"caption\":\"Biblioteca CC Vigil\"},\"image\":{\"@id\":\"https:\\\/\\\/bibliotecavigil.org.ar\\\/socios\\\/#\\\/schema\\\/logo\\\/image\\\/\"},\"sameAs\":[\"https:\\\/\\\/www.facebook.com\\\/BibliotecaVigil\",\"https:\\\/\\\/www.instagram.com\\\/la_vigil\\\/\"]}]}<\/script>\n<!-- \/ Yoast SEO plugin. -->","yoast_head_json":{"title":"La escuela y la comprensi\u00f3n de la realidad - Socios","robots":{"index":"index","follow":"follow","max-snippet":"max-snippet:-1","max-image-preview":"max-image-preview:large","max-video-preview":"max-video-preview:-1"},"canonical":"https:\/\/bibliotecavigil.org.ar\/socios\/producto\/la-escuela-y-la-comprension-de-la-realidad\/","og_locale":"es_ES","og_type":"article","og_title":"La escuela y la comprensi\u00f3n de la realidad - Socios","og_description":"Mar\u00eda Teresa Nidelcoff.  180 p. \/ Educaci\u00f3n \/ Colecci\u00f3n Praxis 22 \/ 2\u00b0 ed. ampliada. Rosario, Editorial Biblioteca, 2019.  \u00bfC\u00f3mo ense\u00f1ar ciencias sociales en la escuela? \u00bfC\u00f3mo trabajar temas complejos con educandos peque\u00f1os? Este libro precisa metodolog\u00edas de transposici\u00f3n did\u00e1ctica y de tratamiento de problemas complejos, apostando por el desarrollo de una capacidad cr\u00edtica y liberadora, cuestionando estereotipos y respuestas sencillas en el aula. La autora parte de sus experiencias como maestra y elabora algunas claves fundamentales para el trabajo artesanal, oficioso, arduo de ser docentes creativos, dispuestos a las apuestas de largo aliento que, cansados de la repetici\u00f3n y la abulia, se lanzan a crear otras herramientas para otra educaci\u00f3n. Este libro, recuperado del cat\u00e1logo de la Editorial Biblioteca intervenido por el golpe militar en 1977, vuelve con tres textos complementarios de docentes, maestras y maestros que, actualmente, se hacen las mismas preguntas y con este libro ensayan sus propias b\u00fasquedas, que aqu\u00ed comparten.  &nbsp;","og_url":"https:\/\/bibliotecavigil.org.ar\/socios\/producto\/la-escuela-y-la-comprension-de-la-realidad\/","og_site_name":"Socios","article_publisher":"https:\/\/www.facebook.com\/BibliotecaVigil","article_modified_time":"2026-03-31T17:43:55+00:00","og_image":[{"width":457,"height":632,"url":"https:\/\/bibliotecavigil.org.ar\/socios\/wp-content\/uploads\/2023\/07\/La-escuela-TESTIGO-02.jpg","type":"image\/jpeg"}],"twitter_card":"summary_large_image","twitter_misc":{"Tiempo de lectura":"1 minuto"},"schema":{"@context":"https:\/\/schema.org","@graph":[{"@type":"WebPage","@id":"https:\/\/bibliotecavigil.org.ar\/socios\/producto\/la-escuela-y-la-comprension-de-la-realidad\/","url":"https:\/\/bibliotecavigil.org.ar\/socios\/producto\/la-escuela-y-la-comprension-de-la-realidad\/","name":"La escuela y la comprensi\u00f3n de la realidad - Socios","isPartOf":{"@id":"https:\/\/bibliotecavigil.org.ar\/socios\/#website"},"primaryImageOfPage":{"@id":"https:\/\/bibliotecavigil.org.ar\/socios\/producto\/la-escuela-y-la-comprension-de-la-realidad\/#primaryimage"},"image":{"@id":"https:\/\/bibliotecavigil.org.ar\/socios\/producto\/la-escuela-y-la-comprension-de-la-realidad\/#primaryimage"},"thumbnailUrl":"https:\/\/bibliotecavigil.org.ar\/socios\/wp-content\/uploads\/2023\/07\/La-escuela-TESTIGO-02.jpg","datePublished":"2024-11-06T18:58:33+00:00","dateModified":"2026-03-31T17:43:55+00:00","breadcrumb":{"@id":"https:\/\/bibliotecavigil.org.ar\/socios\/producto\/la-escuela-y-la-comprension-de-la-realidad\/#breadcrumb"},"inLanguage":"es","potentialAction":[{"@type":"ReadAction","target":["https:\/\/bibliotecavigil.org.ar\/socios\/producto\/la-escuela-y-la-comprension-de-la-realidad\/"]}]},{"@type":"ImageObject","inLanguage":"es","@id":"https:\/\/bibliotecavigil.org.ar\/socios\/producto\/la-escuela-y-la-comprension-de-la-realidad\/#primaryimage","url":"https:\/\/bibliotecavigil.org.ar\/socios\/wp-content\/uploads\/2023\/07\/La-escuela-TESTIGO-02.jpg","contentUrl":"https:\/\/bibliotecavigil.org.ar\/socios\/wp-content\/uploads\/2023\/07\/La-escuela-TESTIGO-02.jpg","width":457,"height":632},{"@type":"BreadcrumbList","@id":"https:\/\/bibliotecavigil.org.ar\/socios\/producto\/la-escuela-y-la-comprension-de-la-realidad\/#breadcrumb","itemListElement":[{"@type":"ListItem","position":1,"name":"Portada","item":"https:\/\/bibliotecavigil.org.ar\/socios\/"},{"@type":"ListItem","position":2,"name":"Catalogo","item":"https:\/\/bibliotecavigil.org.ar\/socios\/catalogo\/"},{"@type":"ListItem","position":3,"name":"La escuela y la comprensi\u00f3n de la realidad"}]},{"@type":"WebSite","@id":"https:\/\/bibliotecavigil.org.ar\/socios\/#website","url":"https:\/\/bibliotecavigil.org.ar\/socios\/","name":"Socios","description":"Socios Vigil","publisher":{"@id":"https:\/\/bibliotecavigil.org.ar\/socios\/#organization"},"potentialAction":[{"@type":"SearchAction","target":{"@type":"EntryPoint","urlTemplate":"https:\/\/bibliotecavigil.org.ar\/socios\/?s={search_term_string}"},"query-input":{"@type":"PropertyValueSpecification","valueRequired":true,"valueName":"search_term_string"}}],"inLanguage":"es"},{"@type":"Organization","@id":"https:\/\/bibliotecavigil.org.ar\/socios\/#organization","name":"Biblioteca CC Vigil","url":"https:\/\/bibliotecavigil.org.ar\/socios\/","logo":{"@type":"ImageObject","inLanguage":"es","@id":"https:\/\/bibliotecavigil.org.ar\/socios\/#\/schema\/logo\/image\/","url":"https:\/\/bibliotecavigil.org.ar\/socios\/wp-content\/uploads\/2022\/03\/cropped-logo-color-01-copia.gif","contentUrl":"https:\/\/bibliotecavigil.org.ar\/socios\/wp-content\/uploads\/2022\/03\/cropped-logo-color-01-copia.gif","width":512,"height":512,"caption":"Biblioteca CC Vigil"},"image":{"@id":"https:\/\/bibliotecavigil.org.ar\/socios\/#\/schema\/logo\/image\/"},"sameAs":["https:\/\/www.facebook.com\/BibliotecaVigil","https:\/\/www.instagram.com\/la_vigil\/"]}]}},"_links":{"self":[{"href":"https:\/\/bibliotecavigil.org.ar\/socios\/wp-json\/wp\/v2\/product\/969","targetHints":{"allow":["GET"]}}],"collection":[{"href":"https:\/\/bibliotecavigil.org.ar\/socios\/wp-json\/wp\/v2\/product"}],"about":[{"href":"https:\/\/bibliotecavigil.org.ar\/socios\/wp-json\/wp\/v2\/types\/product"}],"wp:featuredmedia":[{"embeddable":true,"href":"https:\/\/bibliotecavigil.org.ar\/socios\/wp-json\/wp\/v2\/media\/396"}],"wp:attachment":[{"href":"https:\/\/bibliotecavigil.org.ar\/socios\/wp-json\/wp\/v2\/media?parent=969"}],"wp:term":[{"taxonomy":"product_brand","embeddable":true,"href":"https:\/\/bibliotecavigil.org.ar\/socios\/wp-json\/wp\/v2\/product_brand?post=969"},{"taxonomy":"product_cat","embeddable":true,"href":"https:\/\/bibliotecavigil.org.ar\/socios\/wp-json\/wp\/v2\/product_cat?post=969"},{"taxonomy":"product_tag","embeddable":true,"href":"https:\/\/bibliotecavigil.org.ar\/socios\/wp-json\/wp\/v2\/product_tag?post=969"}],"curies":[{"name":"wp","href":"https:\/\/api.w.org\/{rel}","templated":true}]}}