{"id":972,"date":"2024-11-06T15:58:33","date_gmt":"2024-11-06T18:58:33","guid":{"rendered":"https:\/\/bibliotecavigil.org.ar\/socios\/?post_type=product&#038;p=972"},"modified":"2026-03-31T14:42:35","modified_gmt":"2026-03-31T17:42:35","slug":"heredar-cuba","status":"publish","type":"product","link":"https:\/\/bibliotecavigil.org.ar\/socios\/producto\/heredar-cuba\/","title":{"rendered":"Heredar Cuba"},"content":{"rendered":"","protected":false},"excerpt":{"rendered":"<p><em>Heredar Cuba. Una teor\u00eda literaria en Severo Sarduy,<\/em> de Silvana Santucci.<\/p>\n<p>260 p. \/ Cr\u00edtica literaria \/ Colecci\u00f3n Ensayos N\u00b0 8 \/ 1\u00b0 edici\u00f3n. Rosario, Editorial Biblioteca, 2020.<\/p>\n<p>Pocas veces una tesis devenida ensayo es, en realidad, una novela donde la teor\u00eda literaria latinoamericana es apenas un escenario real-virtual donde transcurre el encuentro quiz\u00e1s azaroso, gozoso sin lugar a dudas, entre Severo Sarduy y el barroco.<\/p>\n<p>Para eso, Silvana Santucci, quiz\u00e1s la mejor testigo del asunto, nos lleva por la carretera de la revoluci\u00f3n cubana, a un momento pret\u00e9rito en el que Sarduy no era todav\u00eda el Sarduy que conocemos, o que la academia y las artes acogieron m\u00e1s f\u00e1cilmente.<\/p>\n<p>Fotopoemas, colecciones, revistas, pinturas, una visita a la casa de un artista. Con joyas sacadas del barro del archivo, Santucci construye peque\u00f1os viajes temporales en los que la imagen m\u00e1s actual de Sarduy se contrasta con la de un joven vanguardista que al tiempo que se obsesiona por las formas, no deja de mirar y participar de la vida pol\u00edtica y revolucionaria.<\/p>\n<p>La escritura y sus archivos exponen la pol\u00edtica en la ficci\u00f3n, la ficci\u00f3n en la teor\u00eda y en la imagen del autor, y las chispas de vida que todav\u00eda quedan de una explosi\u00f3n primera.<\/p>\n","protected":false},"featured_media":399,"template":"","meta":{"_et_pb_use_builder":"","_et_pb_old_content":"","_et_gb_content_width":""},"product_brand":[],"product_cat":[40,36],"product_tag":[],"class_list":{"0":"post-972","1":"product","2":"type-product","3":"status-publish","4":"has-post-thumbnail","6":"product_cat-ensayos","7":"product_cat-novedades","9":"first","10":"instock","11":"sale","12":"shipping-taxable","13":"purchasable","14":"product-type-simple"},"yoast_head":"<!-- This site is optimized with the Yoast SEO plugin v27.3 - https:\/\/yoast.com\/product\/yoast-seo-wordpress\/ -->\n<title>Heredar Cuba - Socios<\/title>\n<meta name=\"robots\" content=\"index, follow, max-snippet:-1, max-image-preview:large, max-video-preview:-1\" \/>\n<link rel=\"canonical\" href=\"https:\/\/bibliotecavigil.org.ar\/socios\/producto\/heredar-cuba\/\" \/>\n<meta property=\"og:locale\" content=\"es_ES\" \/>\n<meta property=\"og:type\" content=\"article\" \/>\n<meta property=\"og:title\" content=\"Heredar Cuba - Socios\" \/>\n<meta property=\"og:description\" content=\"Heredar Cuba. Una teor\u00eda literaria en Severo Sarduy, de Silvana Santucci.  260 p. \/ Cr\u00edtica literaria \/ Colecci\u00f3n Ensayos N\u00b0 8 \/ 1\u00b0 edici\u00f3n. Rosario, Editorial Biblioteca, 2020.  Pocas veces una tesis devenida ensayo es, en realidad, una novela donde la teor\u00eda literaria latinoamericana es apenas un escenario real-virtual donde transcurre el encuentro quiz\u00e1s azaroso, gozoso sin lugar a dudas, entre Severo Sarduy y el barroco.  Para eso, Silvana Santucci, quiz\u00e1s la mejor testigo del asunto, nos lleva por la carretera de la revoluci\u00f3n cubana, a un momento pret\u00e9rito en el que Sarduy no era todav\u00eda el Sarduy que conocemos, o que la academia y las artes acogieron m\u00e1s f\u00e1cilmente.  Fotopoemas, colecciones, revistas, pinturas, una visita a la casa de un artista. Con joyas sacadas del barro del archivo, Santucci construye peque\u00f1os viajes temporales en los que la imagen m\u00e1s actual de Sarduy se contrasta con la de un joven vanguardista que al tiempo que se obsesiona por las formas, no deja de mirar y participar de la vida pol\u00edtica y revolucionaria.  La escritura y sus archivos exponen la pol\u00edtica en la ficci\u00f3n, la ficci\u00f3n en la teor\u00eda y en la imagen del autor, y las chispas de vida que todav\u00eda quedan de una explosi\u00f3n primera.\" \/>\n<meta property=\"og:url\" content=\"https:\/\/bibliotecavigil.org.ar\/socios\/producto\/heredar-cuba\/\" \/>\n<meta property=\"og:site_name\" content=\"Socios\" \/>\n<meta property=\"article:publisher\" content=\"https:\/\/www.facebook.com\/BibliotecaVigil\" \/>\n<meta property=\"article:modified_time\" content=\"2026-03-31T17:42:35+00:00\" \/>\n<meta property=\"og:image\" content=\"https:\/\/bibliotecavigil.org.ar\/socios\/wp-content\/uploads\/2023\/07\/Ensayos-heredar-cuba-final-tapa.jpg\" \/>\n\t<meta property=\"og:image:width\" content=\"826\" \/>\n\t<meta property=\"og:image:height\" content=\"1181\" \/>\n\t<meta property=\"og:image:type\" content=\"image\/jpeg\" \/>\n<meta name=\"twitter:card\" content=\"summary_large_image\" \/>\n<meta name=\"twitter:label1\" content=\"Tiempo de lectura\" \/>\n\t<meta name=\"twitter:data1\" content=\"1 minuto\" \/>\n<script type=\"application\/ld+json\" class=\"yoast-schema-graph\">{\"@context\":\"https:\\\/\\\/schema.org\",\"@graph\":[{\"@type\":\"WebPage\",\"@id\":\"https:\\\/\\\/bibliotecavigil.org.ar\\\/socios\\\/producto\\\/heredar-cuba\\\/\",\"url\":\"https:\\\/\\\/bibliotecavigil.org.ar\\\/socios\\\/producto\\\/heredar-cuba\\\/\",\"name\":\"Heredar Cuba - Socios\",\"isPartOf\":{\"@id\":\"https:\\\/\\\/bibliotecavigil.org.ar\\\/socios\\\/#website\"},\"primaryImageOfPage\":{\"@id\":\"https:\\\/\\\/bibliotecavigil.org.ar\\\/socios\\\/producto\\\/heredar-cuba\\\/#primaryimage\"},\"image\":{\"@id\":\"https:\\\/\\\/bibliotecavigil.org.ar\\\/socios\\\/producto\\\/heredar-cuba\\\/#primaryimage\"},\"thumbnailUrl\":\"https:\\\/\\\/bibliotecavigil.org.ar\\\/socios\\\/wp-content\\\/uploads\\\/2023\\\/07\\\/Ensayos-heredar-cuba-final-tapa.jpg\",\"datePublished\":\"2024-11-06T18:58:33+00:00\",\"dateModified\":\"2026-03-31T17:42:35+00:00\",\"breadcrumb\":{\"@id\":\"https:\\\/\\\/bibliotecavigil.org.ar\\\/socios\\\/producto\\\/heredar-cuba\\\/#breadcrumb\"},\"inLanguage\":\"es\",\"potentialAction\":[{\"@type\":\"ReadAction\",\"target\":[\"https:\\\/\\\/bibliotecavigil.org.ar\\\/socios\\\/producto\\\/heredar-cuba\\\/\"]}]},{\"@type\":\"ImageObject\",\"inLanguage\":\"es\",\"@id\":\"https:\\\/\\\/bibliotecavigil.org.ar\\\/socios\\\/producto\\\/heredar-cuba\\\/#primaryimage\",\"url\":\"https:\\\/\\\/bibliotecavigil.org.ar\\\/socios\\\/wp-content\\\/uploads\\\/2023\\\/07\\\/Ensayos-heredar-cuba-final-tapa.jpg\",\"contentUrl\":\"https:\\\/\\\/bibliotecavigil.org.ar\\\/socios\\\/wp-content\\\/uploads\\\/2023\\\/07\\\/Ensayos-heredar-cuba-final-tapa.jpg\",\"width\":826,\"height\":1181},{\"@type\":\"BreadcrumbList\",\"@id\":\"https:\\\/\\\/bibliotecavigil.org.ar\\\/socios\\\/producto\\\/heredar-cuba\\\/#breadcrumb\",\"itemListElement\":[{\"@type\":\"ListItem\",\"position\":1,\"name\":\"Portada\",\"item\":\"https:\\\/\\\/bibliotecavigil.org.ar\\\/socios\\\/\"},{\"@type\":\"ListItem\",\"position\":2,\"name\":\"Catalogo\",\"item\":\"https:\\\/\\\/bibliotecavigil.org.ar\\\/socios\\\/catalogo\\\/\"},{\"@type\":\"ListItem\",\"position\":3,\"name\":\"Heredar Cuba\"}]},{\"@type\":\"WebSite\",\"@id\":\"https:\\\/\\\/bibliotecavigil.org.ar\\\/socios\\\/#website\",\"url\":\"https:\\\/\\\/bibliotecavigil.org.ar\\\/socios\\\/\",\"name\":\"Socios\",\"description\":\"Socios Vigil\",\"publisher\":{\"@id\":\"https:\\\/\\\/bibliotecavigil.org.ar\\\/socios\\\/#organization\"},\"potentialAction\":[{\"@type\":\"SearchAction\",\"target\":{\"@type\":\"EntryPoint\",\"urlTemplate\":\"https:\\\/\\\/bibliotecavigil.org.ar\\\/socios\\\/?s={search_term_string}\"},\"query-input\":{\"@type\":\"PropertyValueSpecification\",\"valueRequired\":true,\"valueName\":\"search_term_string\"}}],\"inLanguage\":\"es\"},{\"@type\":\"Organization\",\"@id\":\"https:\\\/\\\/bibliotecavigil.org.ar\\\/socios\\\/#organization\",\"name\":\"Biblioteca CC Vigil\",\"url\":\"https:\\\/\\\/bibliotecavigil.org.ar\\\/socios\\\/\",\"logo\":{\"@type\":\"ImageObject\",\"inLanguage\":\"es\",\"@id\":\"https:\\\/\\\/bibliotecavigil.org.ar\\\/socios\\\/#\\\/schema\\\/logo\\\/image\\\/\",\"url\":\"https:\\\/\\\/bibliotecavigil.org.ar\\\/socios\\\/wp-content\\\/uploads\\\/2022\\\/03\\\/cropped-logo-color-01-copia.gif\",\"contentUrl\":\"https:\\\/\\\/bibliotecavigil.org.ar\\\/socios\\\/wp-content\\\/uploads\\\/2022\\\/03\\\/cropped-logo-color-01-copia.gif\",\"width\":512,\"height\":512,\"caption\":\"Biblioteca CC Vigil\"},\"image\":{\"@id\":\"https:\\\/\\\/bibliotecavigil.org.ar\\\/socios\\\/#\\\/schema\\\/logo\\\/image\\\/\"},\"sameAs\":[\"https:\\\/\\\/www.facebook.com\\\/BibliotecaVigil\",\"https:\\\/\\\/www.instagram.com\\\/la_vigil\\\/\"]}]}<\/script>\n<!-- \/ Yoast SEO plugin. -->","yoast_head_json":{"title":"Heredar Cuba - Socios","robots":{"index":"index","follow":"follow","max-snippet":"max-snippet:-1","max-image-preview":"max-image-preview:large","max-video-preview":"max-video-preview:-1"},"canonical":"https:\/\/bibliotecavigil.org.ar\/socios\/producto\/heredar-cuba\/","og_locale":"es_ES","og_type":"article","og_title":"Heredar Cuba - Socios","og_description":"Heredar Cuba. Una teor\u00eda literaria en Severo Sarduy, de Silvana Santucci.  260 p. \/ Cr\u00edtica literaria \/ Colecci\u00f3n Ensayos N\u00b0 8 \/ 1\u00b0 edici\u00f3n. Rosario, Editorial Biblioteca, 2020.  Pocas veces una tesis devenida ensayo es, en realidad, una novela donde la teor\u00eda literaria latinoamericana es apenas un escenario real-virtual donde transcurre el encuentro quiz\u00e1s azaroso, gozoso sin lugar a dudas, entre Severo Sarduy y el barroco.  Para eso, Silvana Santucci, quiz\u00e1s la mejor testigo del asunto, nos lleva por la carretera de la revoluci\u00f3n cubana, a un momento pret\u00e9rito en el que Sarduy no era todav\u00eda el Sarduy que conocemos, o que la academia y las artes acogieron m\u00e1s f\u00e1cilmente.  Fotopoemas, colecciones, revistas, pinturas, una visita a la casa de un artista. Con joyas sacadas del barro del archivo, Santucci construye peque\u00f1os viajes temporales en los que la imagen m\u00e1s actual de Sarduy se contrasta con la de un joven vanguardista que al tiempo que se obsesiona por las formas, no deja de mirar y participar de la vida pol\u00edtica y revolucionaria.  La escritura y sus archivos exponen la pol\u00edtica en la ficci\u00f3n, la ficci\u00f3n en la teor\u00eda y en la imagen del autor, y las chispas de vida que todav\u00eda quedan de una explosi\u00f3n primera.","og_url":"https:\/\/bibliotecavigil.org.ar\/socios\/producto\/heredar-cuba\/","og_site_name":"Socios","article_publisher":"https:\/\/www.facebook.com\/BibliotecaVigil","article_modified_time":"2026-03-31T17:42:35+00:00","og_image":[{"width":826,"height":1181,"url":"https:\/\/bibliotecavigil.org.ar\/socios\/wp-content\/uploads\/2023\/07\/Ensayos-heredar-cuba-final-tapa.jpg","type":"image\/jpeg"}],"twitter_card":"summary_large_image","twitter_misc":{"Tiempo de lectura":"1 minuto"},"schema":{"@context":"https:\/\/schema.org","@graph":[{"@type":"WebPage","@id":"https:\/\/bibliotecavigil.org.ar\/socios\/producto\/heredar-cuba\/","url":"https:\/\/bibliotecavigil.org.ar\/socios\/producto\/heredar-cuba\/","name":"Heredar Cuba - Socios","isPartOf":{"@id":"https:\/\/bibliotecavigil.org.ar\/socios\/#website"},"primaryImageOfPage":{"@id":"https:\/\/bibliotecavigil.org.ar\/socios\/producto\/heredar-cuba\/#primaryimage"},"image":{"@id":"https:\/\/bibliotecavigil.org.ar\/socios\/producto\/heredar-cuba\/#primaryimage"},"thumbnailUrl":"https:\/\/bibliotecavigil.org.ar\/socios\/wp-content\/uploads\/2023\/07\/Ensayos-heredar-cuba-final-tapa.jpg","datePublished":"2024-11-06T18:58:33+00:00","dateModified":"2026-03-31T17:42:35+00:00","breadcrumb":{"@id":"https:\/\/bibliotecavigil.org.ar\/socios\/producto\/heredar-cuba\/#breadcrumb"},"inLanguage":"es","potentialAction":[{"@type":"ReadAction","target":["https:\/\/bibliotecavigil.org.ar\/socios\/producto\/heredar-cuba\/"]}]},{"@type":"ImageObject","inLanguage":"es","@id":"https:\/\/bibliotecavigil.org.ar\/socios\/producto\/heredar-cuba\/#primaryimage","url":"https:\/\/bibliotecavigil.org.ar\/socios\/wp-content\/uploads\/2023\/07\/Ensayos-heredar-cuba-final-tapa.jpg","contentUrl":"https:\/\/bibliotecavigil.org.ar\/socios\/wp-content\/uploads\/2023\/07\/Ensayos-heredar-cuba-final-tapa.jpg","width":826,"height":1181},{"@type":"BreadcrumbList","@id":"https:\/\/bibliotecavigil.org.ar\/socios\/producto\/heredar-cuba\/#breadcrumb","itemListElement":[{"@type":"ListItem","position":1,"name":"Portada","item":"https:\/\/bibliotecavigil.org.ar\/socios\/"},{"@type":"ListItem","position":2,"name":"Catalogo","item":"https:\/\/bibliotecavigil.org.ar\/socios\/catalogo\/"},{"@type":"ListItem","position":3,"name":"Heredar Cuba"}]},{"@type":"WebSite","@id":"https:\/\/bibliotecavigil.org.ar\/socios\/#website","url":"https:\/\/bibliotecavigil.org.ar\/socios\/","name":"Socios","description":"Socios Vigil","publisher":{"@id":"https:\/\/bibliotecavigil.org.ar\/socios\/#organization"},"potentialAction":[{"@type":"SearchAction","target":{"@type":"EntryPoint","urlTemplate":"https:\/\/bibliotecavigil.org.ar\/socios\/?s={search_term_string}"},"query-input":{"@type":"PropertyValueSpecification","valueRequired":true,"valueName":"search_term_string"}}],"inLanguage":"es"},{"@type":"Organization","@id":"https:\/\/bibliotecavigil.org.ar\/socios\/#organization","name":"Biblioteca CC Vigil","url":"https:\/\/bibliotecavigil.org.ar\/socios\/","logo":{"@type":"ImageObject","inLanguage":"es","@id":"https:\/\/bibliotecavigil.org.ar\/socios\/#\/schema\/logo\/image\/","url":"https:\/\/bibliotecavigil.org.ar\/socios\/wp-content\/uploads\/2022\/03\/cropped-logo-color-01-copia.gif","contentUrl":"https:\/\/bibliotecavigil.org.ar\/socios\/wp-content\/uploads\/2022\/03\/cropped-logo-color-01-copia.gif","width":512,"height":512,"caption":"Biblioteca CC Vigil"},"image":{"@id":"https:\/\/bibliotecavigil.org.ar\/socios\/#\/schema\/logo\/image\/"},"sameAs":["https:\/\/www.facebook.com\/BibliotecaVigil","https:\/\/www.instagram.com\/la_vigil\/"]}]}},"_links":{"self":[{"href":"https:\/\/bibliotecavigil.org.ar\/socios\/wp-json\/wp\/v2\/product\/972","targetHints":{"allow":["GET"]}}],"collection":[{"href":"https:\/\/bibliotecavigil.org.ar\/socios\/wp-json\/wp\/v2\/product"}],"about":[{"href":"https:\/\/bibliotecavigil.org.ar\/socios\/wp-json\/wp\/v2\/types\/product"}],"wp:featuredmedia":[{"embeddable":true,"href":"https:\/\/bibliotecavigil.org.ar\/socios\/wp-json\/wp\/v2\/media\/399"}],"wp:attachment":[{"href":"https:\/\/bibliotecavigil.org.ar\/socios\/wp-json\/wp\/v2\/media?parent=972"}],"wp:term":[{"taxonomy":"product_brand","embeddable":true,"href":"https:\/\/bibliotecavigil.org.ar\/socios\/wp-json\/wp\/v2\/product_brand?post=972"},{"taxonomy":"product_cat","embeddable":true,"href":"https:\/\/bibliotecavigil.org.ar\/socios\/wp-json\/wp\/v2\/product_cat?post=972"},{"taxonomy":"product_tag","embeddable":true,"href":"https:\/\/bibliotecavigil.org.ar\/socios\/wp-json\/wp\/v2\/product_tag?post=972"}],"curies":[{"name":"wp","href":"https:\/\/api.w.org\/{rel}","templated":true}]}}