{"id":979,"date":"2024-11-06T15:58:34","date_gmt":"2024-11-06T18:58:34","guid":{"rendered":"https:\/\/bibliotecavigil.org.ar\/socios\/?post_type=product&#038;p=979"},"modified":"2026-03-31T14:40:06","modified_gmt":"2026-03-31T17:40:06","slug":"muriel-y-los-peces","status":"publish","type":"product","link":"https:\/\/bibliotecavigil.org.ar\/socios\/producto\/muriel-y-los-peces\/","title":{"rendered":"Muriel y los peces"},"content":{"rendered":"","protected":false},"excerpt":{"rendered":"<p>Virginia Beccar\u00eda Canelo. ISBN: 978-987-8373-03-4<\/p>\n<p>118 p. \/ Novela \/ Colecci\u00f3n Prosistas argentinos -6 \/ 1\u00b0 edici\u00f3n. Rosario, Editorial Biblioteca, 2020<\/p>\n<p><em>Ganadora del 3\u00ba Premio Bienal Federal 2019 de novela corta, organizado por el Programa de Cultura del Consejo Federal de Inversiones. <\/em><\/p>\n<p>En su brevedad y delicadeza, Muriel y los peces se abre a muchos asuntos, pero narra sobre todo la relaci\u00f3n entre dos ni\u00f1as en el umbral de ingreso a la adolescencia y su reencuentro en la juventud bajo un erotismo que, anclado en la brutalidad y la belleza del campo, lo embebe todo. La melancol\u00eda que Virginia Beccar\u00eda Canelo imprime a las palabras deposita a su escritura en el borde de lo po\u00e9tico, sin que el relato pierda ni por un momento la fluidez narrativa. Aunque no podr\u00eda precisar muy bien en qu\u00e9 consiste esa melancol\u00eda, me inclino a pensar que, m\u00e1s que a los asuntos, se debe al uso de la lengua, marcada por la llanura y la in- migraci\u00f3n de las que la autora proviene y en las que sin dudas abrev\u00f3 su experiencia. Es el suyo un mundo muy femenino no tanto porque hable de las mujeres, sino sobre todo porque se ocupa de lo m\u00ednimo con una sutileza infrecuente. Aqu\u00ed lo \u00edntimo est\u00e1 lleno de misterio: las formas del abandono, la decepci\u00f3n que pone fin a la infancia, la profunda soledad de los seres humanos y la innombrable necesidad de amor para que el dolor de vivir pueda eclipsarse.<\/p>\n","protected":false},"featured_media":406,"template":"","meta":{"_et_pb_use_builder":"","_et_pb_old_content":"","_et_gb_content_width":""},"product_brand":[],"product_cat":[36,35],"product_tag":[],"class_list":{"0":"post-979","1":"product","2":"type-product","3":"status-publish","4":"has-post-thumbnail","6":"product_cat-novedades","7":"product_cat-prosistas","9":"first","10":"instock","11":"sale","12":"shipping-taxable","13":"purchasable","14":"product-type-simple"},"yoast_head":"<!-- This site is optimized with the Yoast SEO plugin v27.3 - https:\/\/yoast.com\/product\/yoast-seo-wordpress\/ -->\n<title>Muriel y los peces - Socios<\/title>\n<meta name=\"robots\" content=\"index, follow, max-snippet:-1, max-image-preview:large, max-video-preview:-1\" \/>\n<link rel=\"canonical\" href=\"https:\/\/bibliotecavigil.org.ar\/socios\/producto\/muriel-y-los-peces\/\" \/>\n<meta property=\"og:locale\" content=\"es_ES\" \/>\n<meta property=\"og:type\" content=\"article\" \/>\n<meta property=\"og:title\" content=\"Muriel y los peces - Socios\" \/>\n<meta property=\"og:description\" content=\"Virginia Beccar\u00eda Canelo. ISBN: 978-987-8373-03-4  118 p. \/ Novela \/ Colecci\u00f3n Prosistas argentinos -6 \/ 1\u00b0 edici\u00f3n. Rosario, Editorial Biblioteca, 2020  Ganadora del 3\u00ba Premio Bienal Federal 2019 de novela corta, organizado por el Programa de Cultura del Consejo Federal de Inversiones.   En su brevedad y delicadeza, Muriel y los peces se abre a muchos asuntos, pero narra sobre todo la relaci\u00f3n entre dos ni\u00f1as en el umbral de ingreso a la adolescencia y su reencuentro en la juventud bajo un erotismo que, anclado en la brutalidad y la belleza del campo, lo embebe todo. La melancol\u00eda que Virginia Beccar\u00eda Canelo imprime a las palabras deposita a su escritura en el borde de lo po\u00e9tico, sin que el relato pierda ni por un momento la fluidez narrativa. Aunque no podr\u00eda precisar muy bien en qu\u00e9 consiste esa melancol\u00eda, me inclino a pensar que, m\u00e1s que a los asuntos, se debe al uso de la lengua, marcada por la llanura y la in- migraci\u00f3n de las que la autora proviene y en las que sin dudas abrev\u00f3 su experiencia. Es el suyo un mundo muy femenino no tanto porque hable de las mujeres, sino sobre todo porque se ocupa de lo m\u00ednimo con una sutileza infrecuente. Aqu\u00ed lo \u00edntimo est\u00e1 lleno de misterio: las formas del abandono, la decepci\u00f3n que pone fin a la infancia, la profunda soledad de los seres humanos y la innombrable necesidad de amor para que el dolor de vivir pueda eclipsarse.\" \/>\n<meta property=\"og:url\" content=\"https:\/\/bibliotecavigil.org.ar\/socios\/producto\/muriel-y-los-peces\/\" \/>\n<meta property=\"og:site_name\" content=\"Socios\" \/>\n<meta property=\"article:publisher\" content=\"https:\/\/www.facebook.com\/BibliotecaVigil\" \/>\n<meta property=\"article:modified_time\" content=\"2026-03-31T17:40:06+00:00\" \/>\n<meta property=\"og:image\" content=\"https:\/\/bibliotecavigil.org.ar\/socios\/wp-content\/uploads\/2023\/07\/Muriel-y-los-peces.jpg\" \/>\n\t<meta property=\"og:image:width\" content=\"819\" \/>\n\t<meta property=\"og:image:height\" content=\"1181\" \/>\n\t<meta property=\"og:image:type\" content=\"image\/jpeg\" \/>\n<meta name=\"twitter:card\" content=\"summary_large_image\" \/>\n<meta name=\"twitter:label1\" content=\"Tiempo de lectura\" \/>\n\t<meta name=\"twitter:data1\" content=\"1 minuto\" \/>\n<script type=\"application\/ld+json\" class=\"yoast-schema-graph\">{\"@context\":\"https:\\\/\\\/schema.org\",\"@graph\":[{\"@type\":\"WebPage\",\"@id\":\"https:\\\/\\\/bibliotecavigil.org.ar\\\/socios\\\/producto\\\/muriel-y-los-peces\\\/\",\"url\":\"https:\\\/\\\/bibliotecavigil.org.ar\\\/socios\\\/producto\\\/muriel-y-los-peces\\\/\",\"name\":\"Muriel y los peces - Socios\",\"isPartOf\":{\"@id\":\"https:\\\/\\\/bibliotecavigil.org.ar\\\/socios\\\/#website\"},\"primaryImageOfPage\":{\"@id\":\"https:\\\/\\\/bibliotecavigil.org.ar\\\/socios\\\/producto\\\/muriel-y-los-peces\\\/#primaryimage\"},\"image\":{\"@id\":\"https:\\\/\\\/bibliotecavigil.org.ar\\\/socios\\\/producto\\\/muriel-y-los-peces\\\/#primaryimage\"},\"thumbnailUrl\":\"https:\\\/\\\/bibliotecavigil.org.ar\\\/socios\\\/wp-content\\\/uploads\\\/2023\\\/07\\\/Muriel-y-los-peces.jpg\",\"datePublished\":\"2024-11-06T18:58:34+00:00\",\"dateModified\":\"2026-03-31T17:40:06+00:00\",\"breadcrumb\":{\"@id\":\"https:\\\/\\\/bibliotecavigil.org.ar\\\/socios\\\/producto\\\/muriel-y-los-peces\\\/#breadcrumb\"},\"inLanguage\":\"es\",\"potentialAction\":[{\"@type\":\"ReadAction\",\"target\":[\"https:\\\/\\\/bibliotecavigil.org.ar\\\/socios\\\/producto\\\/muriel-y-los-peces\\\/\"]}]},{\"@type\":\"ImageObject\",\"inLanguage\":\"es\",\"@id\":\"https:\\\/\\\/bibliotecavigil.org.ar\\\/socios\\\/producto\\\/muriel-y-los-peces\\\/#primaryimage\",\"url\":\"https:\\\/\\\/bibliotecavigil.org.ar\\\/socios\\\/wp-content\\\/uploads\\\/2023\\\/07\\\/Muriel-y-los-peces.jpg\",\"contentUrl\":\"https:\\\/\\\/bibliotecavigil.org.ar\\\/socios\\\/wp-content\\\/uploads\\\/2023\\\/07\\\/Muriel-y-los-peces.jpg\",\"width\":819,\"height\":1181},{\"@type\":\"BreadcrumbList\",\"@id\":\"https:\\\/\\\/bibliotecavigil.org.ar\\\/socios\\\/producto\\\/muriel-y-los-peces\\\/#breadcrumb\",\"itemListElement\":[{\"@type\":\"ListItem\",\"position\":1,\"name\":\"Portada\",\"item\":\"https:\\\/\\\/bibliotecavigil.org.ar\\\/socios\\\/\"},{\"@type\":\"ListItem\",\"position\":2,\"name\":\"Catalogo\",\"item\":\"https:\\\/\\\/bibliotecavigil.org.ar\\\/socios\\\/catalogo\\\/\"},{\"@type\":\"ListItem\",\"position\":3,\"name\":\"Muriel y los peces\"}]},{\"@type\":\"WebSite\",\"@id\":\"https:\\\/\\\/bibliotecavigil.org.ar\\\/socios\\\/#website\",\"url\":\"https:\\\/\\\/bibliotecavigil.org.ar\\\/socios\\\/\",\"name\":\"Socios\",\"description\":\"Socios Vigil\",\"publisher\":{\"@id\":\"https:\\\/\\\/bibliotecavigil.org.ar\\\/socios\\\/#organization\"},\"potentialAction\":[{\"@type\":\"SearchAction\",\"target\":{\"@type\":\"EntryPoint\",\"urlTemplate\":\"https:\\\/\\\/bibliotecavigil.org.ar\\\/socios\\\/?s={search_term_string}\"},\"query-input\":{\"@type\":\"PropertyValueSpecification\",\"valueRequired\":true,\"valueName\":\"search_term_string\"}}],\"inLanguage\":\"es\"},{\"@type\":\"Organization\",\"@id\":\"https:\\\/\\\/bibliotecavigil.org.ar\\\/socios\\\/#organization\",\"name\":\"Biblioteca CC Vigil\",\"url\":\"https:\\\/\\\/bibliotecavigil.org.ar\\\/socios\\\/\",\"logo\":{\"@type\":\"ImageObject\",\"inLanguage\":\"es\",\"@id\":\"https:\\\/\\\/bibliotecavigil.org.ar\\\/socios\\\/#\\\/schema\\\/logo\\\/image\\\/\",\"url\":\"https:\\\/\\\/bibliotecavigil.org.ar\\\/socios\\\/wp-content\\\/uploads\\\/2022\\\/03\\\/cropped-logo-color-01-copia.gif\",\"contentUrl\":\"https:\\\/\\\/bibliotecavigil.org.ar\\\/socios\\\/wp-content\\\/uploads\\\/2022\\\/03\\\/cropped-logo-color-01-copia.gif\",\"width\":512,\"height\":512,\"caption\":\"Biblioteca CC Vigil\"},\"image\":{\"@id\":\"https:\\\/\\\/bibliotecavigil.org.ar\\\/socios\\\/#\\\/schema\\\/logo\\\/image\\\/\"},\"sameAs\":[\"https:\\\/\\\/www.facebook.com\\\/BibliotecaVigil\",\"https:\\\/\\\/www.instagram.com\\\/la_vigil\\\/\"]}]}<\/script>\n<!-- \/ Yoast SEO plugin. -->","yoast_head_json":{"title":"Muriel y los peces - Socios","robots":{"index":"index","follow":"follow","max-snippet":"max-snippet:-1","max-image-preview":"max-image-preview:large","max-video-preview":"max-video-preview:-1"},"canonical":"https:\/\/bibliotecavigil.org.ar\/socios\/producto\/muriel-y-los-peces\/","og_locale":"es_ES","og_type":"article","og_title":"Muriel y los peces - Socios","og_description":"Virginia Beccar\u00eda Canelo. ISBN: 978-987-8373-03-4  118 p. \/ Novela \/ Colecci\u00f3n Prosistas argentinos -6 \/ 1\u00b0 edici\u00f3n. Rosario, Editorial Biblioteca, 2020  Ganadora del 3\u00ba Premio Bienal Federal 2019 de novela corta, organizado por el Programa de Cultura del Consejo Federal de Inversiones.   En su brevedad y delicadeza, Muriel y los peces se abre a muchos asuntos, pero narra sobre todo la relaci\u00f3n entre dos ni\u00f1as en el umbral de ingreso a la adolescencia y su reencuentro en la juventud bajo un erotismo que, anclado en la brutalidad y la belleza del campo, lo embebe todo. La melancol\u00eda que Virginia Beccar\u00eda Canelo imprime a las palabras deposita a su escritura en el borde de lo po\u00e9tico, sin que el relato pierda ni por un momento la fluidez narrativa. Aunque no podr\u00eda precisar muy bien en qu\u00e9 consiste esa melancol\u00eda, me inclino a pensar que, m\u00e1s que a los asuntos, se debe al uso de la lengua, marcada por la llanura y la in- migraci\u00f3n de las que la autora proviene y en las que sin dudas abrev\u00f3 su experiencia. Es el suyo un mundo muy femenino no tanto porque hable de las mujeres, sino sobre todo porque se ocupa de lo m\u00ednimo con una sutileza infrecuente. Aqu\u00ed lo \u00edntimo est\u00e1 lleno de misterio: las formas del abandono, la decepci\u00f3n que pone fin a la infancia, la profunda soledad de los seres humanos y la innombrable necesidad de amor para que el dolor de vivir pueda eclipsarse.","og_url":"https:\/\/bibliotecavigil.org.ar\/socios\/producto\/muriel-y-los-peces\/","og_site_name":"Socios","article_publisher":"https:\/\/www.facebook.com\/BibliotecaVigil","article_modified_time":"2026-03-31T17:40:06+00:00","og_image":[{"width":819,"height":1181,"url":"https:\/\/bibliotecavigil.org.ar\/socios\/wp-content\/uploads\/2023\/07\/Muriel-y-los-peces.jpg","type":"image\/jpeg"}],"twitter_card":"summary_large_image","twitter_misc":{"Tiempo de lectura":"1 minuto"},"schema":{"@context":"https:\/\/schema.org","@graph":[{"@type":"WebPage","@id":"https:\/\/bibliotecavigil.org.ar\/socios\/producto\/muriel-y-los-peces\/","url":"https:\/\/bibliotecavigil.org.ar\/socios\/producto\/muriel-y-los-peces\/","name":"Muriel y los peces - Socios","isPartOf":{"@id":"https:\/\/bibliotecavigil.org.ar\/socios\/#website"},"primaryImageOfPage":{"@id":"https:\/\/bibliotecavigil.org.ar\/socios\/producto\/muriel-y-los-peces\/#primaryimage"},"image":{"@id":"https:\/\/bibliotecavigil.org.ar\/socios\/producto\/muriel-y-los-peces\/#primaryimage"},"thumbnailUrl":"https:\/\/bibliotecavigil.org.ar\/socios\/wp-content\/uploads\/2023\/07\/Muriel-y-los-peces.jpg","datePublished":"2024-11-06T18:58:34+00:00","dateModified":"2026-03-31T17:40:06+00:00","breadcrumb":{"@id":"https:\/\/bibliotecavigil.org.ar\/socios\/producto\/muriel-y-los-peces\/#breadcrumb"},"inLanguage":"es","potentialAction":[{"@type":"ReadAction","target":["https:\/\/bibliotecavigil.org.ar\/socios\/producto\/muriel-y-los-peces\/"]}]},{"@type":"ImageObject","inLanguage":"es","@id":"https:\/\/bibliotecavigil.org.ar\/socios\/producto\/muriel-y-los-peces\/#primaryimage","url":"https:\/\/bibliotecavigil.org.ar\/socios\/wp-content\/uploads\/2023\/07\/Muriel-y-los-peces.jpg","contentUrl":"https:\/\/bibliotecavigil.org.ar\/socios\/wp-content\/uploads\/2023\/07\/Muriel-y-los-peces.jpg","width":819,"height":1181},{"@type":"BreadcrumbList","@id":"https:\/\/bibliotecavigil.org.ar\/socios\/producto\/muriel-y-los-peces\/#breadcrumb","itemListElement":[{"@type":"ListItem","position":1,"name":"Portada","item":"https:\/\/bibliotecavigil.org.ar\/socios\/"},{"@type":"ListItem","position":2,"name":"Catalogo","item":"https:\/\/bibliotecavigil.org.ar\/socios\/catalogo\/"},{"@type":"ListItem","position":3,"name":"Muriel y los peces"}]},{"@type":"WebSite","@id":"https:\/\/bibliotecavigil.org.ar\/socios\/#website","url":"https:\/\/bibliotecavigil.org.ar\/socios\/","name":"Socios","description":"Socios Vigil","publisher":{"@id":"https:\/\/bibliotecavigil.org.ar\/socios\/#organization"},"potentialAction":[{"@type":"SearchAction","target":{"@type":"EntryPoint","urlTemplate":"https:\/\/bibliotecavigil.org.ar\/socios\/?s={search_term_string}"},"query-input":{"@type":"PropertyValueSpecification","valueRequired":true,"valueName":"search_term_string"}}],"inLanguage":"es"},{"@type":"Organization","@id":"https:\/\/bibliotecavigil.org.ar\/socios\/#organization","name":"Biblioteca CC Vigil","url":"https:\/\/bibliotecavigil.org.ar\/socios\/","logo":{"@type":"ImageObject","inLanguage":"es","@id":"https:\/\/bibliotecavigil.org.ar\/socios\/#\/schema\/logo\/image\/","url":"https:\/\/bibliotecavigil.org.ar\/socios\/wp-content\/uploads\/2022\/03\/cropped-logo-color-01-copia.gif","contentUrl":"https:\/\/bibliotecavigil.org.ar\/socios\/wp-content\/uploads\/2022\/03\/cropped-logo-color-01-copia.gif","width":512,"height":512,"caption":"Biblioteca CC Vigil"},"image":{"@id":"https:\/\/bibliotecavigil.org.ar\/socios\/#\/schema\/logo\/image\/"},"sameAs":["https:\/\/www.facebook.com\/BibliotecaVigil","https:\/\/www.instagram.com\/la_vigil\/"]}]}},"_links":{"self":[{"href":"https:\/\/bibliotecavigil.org.ar\/socios\/wp-json\/wp\/v2\/product\/979","targetHints":{"allow":["GET"]}}],"collection":[{"href":"https:\/\/bibliotecavigil.org.ar\/socios\/wp-json\/wp\/v2\/product"}],"about":[{"href":"https:\/\/bibliotecavigil.org.ar\/socios\/wp-json\/wp\/v2\/types\/product"}],"wp:featuredmedia":[{"embeddable":true,"href":"https:\/\/bibliotecavigil.org.ar\/socios\/wp-json\/wp\/v2\/media\/406"}],"wp:attachment":[{"href":"https:\/\/bibliotecavigil.org.ar\/socios\/wp-json\/wp\/v2\/media?parent=979"}],"wp:term":[{"taxonomy":"product_brand","embeddable":true,"href":"https:\/\/bibliotecavigil.org.ar\/socios\/wp-json\/wp\/v2\/product_brand?post=979"},{"taxonomy":"product_cat","embeddable":true,"href":"https:\/\/bibliotecavigil.org.ar\/socios\/wp-json\/wp\/v2\/product_cat?post=979"},{"taxonomy":"product_tag","embeddable":true,"href":"https:\/\/bibliotecavigil.org.ar\/socios\/wp-json\/wp\/v2\/product_tag?post=979"}],"curies":[{"name":"wp","href":"https:\/\/api.w.org\/{rel}","templated":true}]}}