{"id":983,"date":"2024-11-06T15:58:35","date_gmt":"2024-11-06T18:58:35","guid":{"rendered":"https:\/\/bibliotecavigil.org.ar\/socios\/?post_type=product&#038;p=983"},"modified":"2026-03-31T14:39:00","modified_gmt":"2026-03-31T17:39:00","slug":"efemerides-con-perspectiva-de-genero","status":"publish","type":"product","link":"https:\/\/bibliotecavigil.org.ar\/socios\/producto\/efemerides-con-perspectiva-de-genero\/","title":{"rendered":"Efem\u00e9rides con perspectiva de g\u00e9nero"},"content":{"rendered":"","protected":false},"excerpt":{"rendered":"<p><!-- wp:paragraph --><\/p>\n<p><em>\u00bfPor qu\u00e9 Efem\u00e9rides?<\/em><\/p>\n<p><!-- \/wp:paragraph --> <!-- wp:paragraph --><\/p>\n<p>El siglo XXI puede definirse como el siglo de los plurales: infancias, feminismos, disidencias\u2026 La historia ya no puede transmitirse como relato \u00fanico y objetivo respecto de lo que ocurri\u00f3: la historia se construye, es siempre un producto territorialmente situado, conjetural e interesado. Las efem\u00e9rides son el intersticio que las autoras usan para introducir en los curr\u00edculos personajes y voces generalmente marginadas para resignificar su relevancia.<\/p>\n<p><!-- \/wp:paragraph --> <!-- wp:paragraph --><\/p>\n<p>El campo educativo tiene un lugar estrat\u00e9gico en la consolidaci\u00f3n de esta perspectiva, por eso este material est\u00e1 orientado a lxs trabajadorxs de la educaci\u00f3n de todos los niveles educativos, a lxs estudiantes de nivel superior universitario y no universitario de la formaci\u00f3n docente, a lxs estudiantes del nivel secundario, a las organizaciones sindicales de trabajadorxs de la educaci\u00f3n y a todxs aquellxs comprometidxs con este desaf\u00edo.<\/p>\n<p><!-- \/wp:paragraph --><\/p>\n","protected":false},"featured_media":410,"template":"","meta":{"_et_pb_use_builder":"","_et_pb_old_content":"","_et_gb_content_width":""},"product_brand":[],"product_cat":[36],"product_tag":[],"class_list":{"0":"post-983","1":"product","2":"type-product","3":"status-publish","4":"has-post-thumbnail","6":"product_cat-novedades","8":"first","9":"instock","10":"sale","11":"shipping-taxable","12":"purchasable","13":"product-type-simple"},"yoast_head":"<!-- This site is optimized with the Yoast SEO plugin v27.3 - https:\/\/yoast.com\/product\/yoast-seo-wordpress\/ -->\n<title>Efem\u00e9rides con perspectiva de g\u00e9nero - Socios<\/title>\n<meta name=\"robots\" content=\"index, follow, max-snippet:-1, max-image-preview:large, max-video-preview:-1\" \/>\n<link rel=\"canonical\" href=\"https:\/\/bibliotecavigil.org.ar\/socios\/producto\/efemerides-con-perspectiva-de-genero\/\" \/>\n<meta property=\"og:locale\" content=\"es_ES\" \/>\n<meta property=\"og:type\" content=\"article\" \/>\n<meta property=\"og:title\" content=\"Efem\u00e9rides con perspectiva de g\u00e9nero - Socios\" \/>\n<meta property=\"og:description\" content=\"\u00bfPor qu\u00e9 Efem\u00e9rides?     El siglo XXI puede definirse como el siglo de los plurales: infancias, feminismos, disidencias\u2026 La historia ya no puede transmitirse como relato \u00fanico y objetivo respecto de lo que ocurri\u00f3: la historia se construye, es siempre un producto territorialmente situado, conjetural e interesado. Las efem\u00e9rides son el intersticio que las autoras usan para introducir en los curr\u00edculos personajes y voces generalmente marginadas para resignificar su relevancia.     El campo educativo tiene un lugar estrat\u00e9gico en la consolidaci\u00f3n de esta perspectiva, por eso este material est\u00e1 orientado a lxs trabajadorxs de la educaci\u00f3n de todos los niveles educativos, a lxs estudiantes de nivel superior universitario y no universitario de la formaci\u00f3n docente, a lxs estudiantes del nivel secundario, a las organizaciones sindicales de trabajadorxs de la educaci\u00f3n y a todxs aquellxs comprometidxs con este desaf\u00edo.\" \/>\n<meta property=\"og:url\" content=\"https:\/\/bibliotecavigil.org.ar\/socios\/producto\/efemerides-con-perspectiva-de-genero\/\" \/>\n<meta property=\"og:site_name\" content=\"Socios\" \/>\n<meta property=\"article:publisher\" content=\"https:\/\/www.facebook.com\/BibliotecaVigil\" \/>\n<meta property=\"article:modified_time\" content=\"2026-03-31T17:39:00+00:00\" \/>\n<meta property=\"og:image\" content=\"https:\/\/bibliotecavigil.org.ar\/socios\/wp-content\/uploads\/2023\/07\/TAPA-scaled-1.jpg\" \/>\n\t<meta property=\"og:image:width\" content=\"2094\" \/>\n\t<meta property=\"og:image:height\" content=\"2560\" \/>\n\t<meta property=\"og:image:type\" content=\"image\/jpeg\" \/>\n<meta name=\"twitter:card\" content=\"summary_large_image\" \/>\n<meta name=\"twitter:label1\" content=\"Tiempo de lectura\" \/>\n\t<meta name=\"twitter:data1\" content=\"1 minuto\" \/>\n<script type=\"application\/ld+json\" class=\"yoast-schema-graph\">{\"@context\":\"https:\\\/\\\/schema.org\",\"@graph\":[{\"@type\":\"WebPage\",\"@id\":\"https:\\\/\\\/bibliotecavigil.org.ar\\\/socios\\\/producto\\\/efemerides-con-perspectiva-de-genero\\\/\",\"url\":\"https:\\\/\\\/bibliotecavigil.org.ar\\\/socios\\\/producto\\\/efemerides-con-perspectiva-de-genero\\\/\",\"name\":\"Efem\u00e9rides con perspectiva de g\u00e9nero - Socios\",\"isPartOf\":{\"@id\":\"https:\\\/\\\/bibliotecavigil.org.ar\\\/socios\\\/#website\"},\"primaryImageOfPage\":{\"@id\":\"https:\\\/\\\/bibliotecavigil.org.ar\\\/socios\\\/producto\\\/efemerides-con-perspectiva-de-genero\\\/#primaryimage\"},\"image\":{\"@id\":\"https:\\\/\\\/bibliotecavigil.org.ar\\\/socios\\\/producto\\\/efemerides-con-perspectiva-de-genero\\\/#primaryimage\"},\"thumbnailUrl\":\"https:\\\/\\\/bibliotecavigil.org.ar\\\/socios\\\/wp-content\\\/uploads\\\/2023\\\/07\\\/TAPA-scaled-1.jpg\",\"datePublished\":\"2024-11-06T18:58:35+00:00\",\"dateModified\":\"2026-03-31T17:39:00+00:00\",\"breadcrumb\":{\"@id\":\"https:\\\/\\\/bibliotecavigil.org.ar\\\/socios\\\/producto\\\/efemerides-con-perspectiva-de-genero\\\/#breadcrumb\"},\"inLanguage\":\"es\",\"potentialAction\":[{\"@type\":\"ReadAction\",\"target\":[\"https:\\\/\\\/bibliotecavigil.org.ar\\\/socios\\\/producto\\\/efemerides-con-perspectiva-de-genero\\\/\"]}]},{\"@type\":\"ImageObject\",\"inLanguage\":\"es\",\"@id\":\"https:\\\/\\\/bibliotecavigil.org.ar\\\/socios\\\/producto\\\/efemerides-con-perspectiva-de-genero\\\/#primaryimage\",\"url\":\"https:\\\/\\\/bibliotecavigil.org.ar\\\/socios\\\/wp-content\\\/uploads\\\/2023\\\/07\\\/TAPA-scaled-1.jpg\",\"contentUrl\":\"https:\\\/\\\/bibliotecavigil.org.ar\\\/socios\\\/wp-content\\\/uploads\\\/2023\\\/07\\\/TAPA-scaled-1.jpg\",\"width\":2094,\"height\":2560},{\"@type\":\"BreadcrumbList\",\"@id\":\"https:\\\/\\\/bibliotecavigil.org.ar\\\/socios\\\/producto\\\/efemerides-con-perspectiva-de-genero\\\/#breadcrumb\",\"itemListElement\":[{\"@type\":\"ListItem\",\"position\":1,\"name\":\"Portada\",\"item\":\"https:\\\/\\\/bibliotecavigil.org.ar\\\/socios\\\/\"},{\"@type\":\"ListItem\",\"position\":2,\"name\":\"Catalogo\",\"item\":\"https:\\\/\\\/bibliotecavigil.org.ar\\\/socios\\\/catalogo\\\/\"},{\"@type\":\"ListItem\",\"position\":3,\"name\":\"Efem\u00e9rides con perspectiva de g\u00e9nero\"}]},{\"@type\":\"WebSite\",\"@id\":\"https:\\\/\\\/bibliotecavigil.org.ar\\\/socios\\\/#website\",\"url\":\"https:\\\/\\\/bibliotecavigil.org.ar\\\/socios\\\/\",\"name\":\"Socios\",\"description\":\"Socios Vigil\",\"publisher\":{\"@id\":\"https:\\\/\\\/bibliotecavigil.org.ar\\\/socios\\\/#organization\"},\"potentialAction\":[{\"@type\":\"SearchAction\",\"target\":{\"@type\":\"EntryPoint\",\"urlTemplate\":\"https:\\\/\\\/bibliotecavigil.org.ar\\\/socios\\\/?s={search_term_string}\"},\"query-input\":{\"@type\":\"PropertyValueSpecification\",\"valueRequired\":true,\"valueName\":\"search_term_string\"}}],\"inLanguage\":\"es\"},{\"@type\":\"Organization\",\"@id\":\"https:\\\/\\\/bibliotecavigil.org.ar\\\/socios\\\/#organization\",\"name\":\"Biblioteca CC Vigil\",\"url\":\"https:\\\/\\\/bibliotecavigil.org.ar\\\/socios\\\/\",\"logo\":{\"@type\":\"ImageObject\",\"inLanguage\":\"es\",\"@id\":\"https:\\\/\\\/bibliotecavigil.org.ar\\\/socios\\\/#\\\/schema\\\/logo\\\/image\\\/\",\"url\":\"https:\\\/\\\/bibliotecavigil.org.ar\\\/socios\\\/wp-content\\\/uploads\\\/2022\\\/03\\\/cropped-logo-color-01-copia.gif\",\"contentUrl\":\"https:\\\/\\\/bibliotecavigil.org.ar\\\/socios\\\/wp-content\\\/uploads\\\/2022\\\/03\\\/cropped-logo-color-01-copia.gif\",\"width\":512,\"height\":512,\"caption\":\"Biblioteca CC Vigil\"},\"image\":{\"@id\":\"https:\\\/\\\/bibliotecavigil.org.ar\\\/socios\\\/#\\\/schema\\\/logo\\\/image\\\/\"},\"sameAs\":[\"https:\\\/\\\/www.facebook.com\\\/BibliotecaVigil\",\"https:\\\/\\\/www.instagram.com\\\/la_vigil\\\/\"]}]}<\/script>\n<!-- \/ Yoast SEO plugin. -->","yoast_head_json":{"title":"Efem\u00e9rides con perspectiva de g\u00e9nero - Socios","robots":{"index":"index","follow":"follow","max-snippet":"max-snippet:-1","max-image-preview":"max-image-preview:large","max-video-preview":"max-video-preview:-1"},"canonical":"https:\/\/bibliotecavigil.org.ar\/socios\/producto\/efemerides-con-perspectiva-de-genero\/","og_locale":"es_ES","og_type":"article","og_title":"Efem\u00e9rides con perspectiva de g\u00e9nero - Socios","og_description":"\u00bfPor qu\u00e9 Efem\u00e9rides?     El siglo XXI puede definirse como el siglo de los plurales: infancias, feminismos, disidencias\u2026 La historia ya no puede transmitirse como relato \u00fanico y objetivo respecto de lo que ocurri\u00f3: la historia se construye, es siempre un producto territorialmente situado, conjetural e interesado. Las efem\u00e9rides son el intersticio que las autoras usan para introducir en los curr\u00edculos personajes y voces generalmente marginadas para resignificar su relevancia.     El campo educativo tiene un lugar estrat\u00e9gico en la consolidaci\u00f3n de esta perspectiva, por eso este material est\u00e1 orientado a lxs trabajadorxs de la educaci\u00f3n de todos los niveles educativos, a lxs estudiantes de nivel superior universitario y no universitario de la formaci\u00f3n docente, a lxs estudiantes del nivel secundario, a las organizaciones sindicales de trabajadorxs de la educaci\u00f3n y a todxs aquellxs comprometidxs con este desaf\u00edo.","og_url":"https:\/\/bibliotecavigil.org.ar\/socios\/producto\/efemerides-con-perspectiva-de-genero\/","og_site_name":"Socios","article_publisher":"https:\/\/www.facebook.com\/BibliotecaVigil","article_modified_time":"2026-03-31T17:39:00+00:00","og_image":[{"width":2094,"height":2560,"url":"https:\/\/bibliotecavigil.org.ar\/socios\/wp-content\/uploads\/2023\/07\/TAPA-scaled-1.jpg","type":"image\/jpeg"}],"twitter_card":"summary_large_image","twitter_misc":{"Tiempo de lectura":"1 minuto"},"schema":{"@context":"https:\/\/schema.org","@graph":[{"@type":"WebPage","@id":"https:\/\/bibliotecavigil.org.ar\/socios\/producto\/efemerides-con-perspectiva-de-genero\/","url":"https:\/\/bibliotecavigil.org.ar\/socios\/producto\/efemerides-con-perspectiva-de-genero\/","name":"Efem\u00e9rides con perspectiva de g\u00e9nero - Socios","isPartOf":{"@id":"https:\/\/bibliotecavigil.org.ar\/socios\/#website"},"primaryImageOfPage":{"@id":"https:\/\/bibliotecavigil.org.ar\/socios\/producto\/efemerides-con-perspectiva-de-genero\/#primaryimage"},"image":{"@id":"https:\/\/bibliotecavigil.org.ar\/socios\/producto\/efemerides-con-perspectiva-de-genero\/#primaryimage"},"thumbnailUrl":"https:\/\/bibliotecavigil.org.ar\/socios\/wp-content\/uploads\/2023\/07\/TAPA-scaled-1.jpg","datePublished":"2024-11-06T18:58:35+00:00","dateModified":"2026-03-31T17:39:00+00:00","breadcrumb":{"@id":"https:\/\/bibliotecavigil.org.ar\/socios\/producto\/efemerides-con-perspectiva-de-genero\/#breadcrumb"},"inLanguage":"es","potentialAction":[{"@type":"ReadAction","target":["https:\/\/bibliotecavigil.org.ar\/socios\/producto\/efemerides-con-perspectiva-de-genero\/"]}]},{"@type":"ImageObject","inLanguage":"es","@id":"https:\/\/bibliotecavigil.org.ar\/socios\/producto\/efemerides-con-perspectiva-de-genero\/#primaryimage","url":"https:\/\/bibliotecavigil.org.ar\/socios\/wp-content\/uploads\/2023\/07\/TAPA-scaled-1.jpg","contentUrl":"https:\/\/bibliotecavigil.org.ar\/socios\/wp-content\/uploads\/2023\/07\/TAPA-scaled-1.jpg","width":2094,"height":2560},{"@type":"BreadcrumbList","@id":"https:\/\/bibliotecavigil.org.ar\/socios\/producto\/efemerides-con-perspectiva-de-genero\/#breadcrumb","itemListElement":[{"@type":"ListItem","position":1,"name":"Portada","item":"https:\/\/bibliotecavigil.org.ar\/socios\/"},{"@type":"ListItem","position":2,"name":"Catalogo","item":"https:\/\/bibliotecavigil.org.ar\/socios\/catalogo\/"},{"@type":"ListItem","position":3,"name":"Efem\u00e9rides con perspectiva de g\u00e9nero"}]},{"@type":"WebSite","@id":"https:\/\/bibliotecavigil.org.ar\/socios\/#website","url":"https:\/\/bibliotecavigil.org.ar\/socios\/","name":"Socios","description":"Socios Vigil","publisher":{"@id":"https:\/\/bibliotecavigil.org.ar\/socios\/#organization"},"potentialAction":[{"@type":"SearchAction","target":{"@type":"EntryPoint","urlTemplate":"https:\/\/bibliotecavigil.org.ar\/socios\/?s={search_term_string}"},"query-input":{"@type":"PropertyValueSpecification","valueRequired":true,"valueName":"search_term_string"}}],"inLanguage":"es"},{"@type":"Organization","@id":"https:\/\/bibliotecavigil.org.ar\/socios\/#organization","name":"Biblioteca CC Vigil","url":"https:\/\/bibliotecavigil.org.ar\/socios\/","logo":{"@type":"ImageObject","inLanguage":"es","@id":"https:\/\/bibliotecavigil.org.ar\/socios\/#\/schema\/logo\/image\/","url":"https:\/\/bibliotecavigil.org.ar\/socios\/wp-content\/uploads\/2022\/03\/cropped-logo-color-01-copia.gif","contentUrl":"https:\/\/bibliotecavigil.org.ar\/socios\/wp-content\/uploads\/2022\/03\/cropped-logo-color-01-copia.gif","width":512,"height":512,"caption":"Biblioteca CC Vigil"},"image":{"@id":"https:\/\/bibliotecavigil.org.ar\/socios\/#\/schema\/logo\/image\/"},"sameAs":["https:\/\/www.facebook.com\/BibliotecaVigil","https:\/\/www.instagram.com\/la_vigil\/"]}]}},"_links":{"self":[{"href":"https:\/\/bibliotecavigil.org.ar\/socios\/wp-json\/wp\/v2\/product\/983","targetHints":{"allow":["GET"]}}],"collection":[{"href":"https:\/\/bibliotecavigil.org.ar\/socios\/wp-json\/wp\/v2\/product"}],"about":[{"href":"https:\/\/bibliotecavigil.org.ar\/socios\/wp-json\/wp\/v2\/types\/product"}],"wp:featuredmedia":[{"embeddable":true,"href":"https:\/\/bibliotecavigil.org.ar\/socios\/wp-json\/wp\/v2\/media\/410"}],"wp:attachment":[{"href":"https:\/\/bibliotecavigil.org.ar\/socios\/wp-json\/wp\/v2\/media?parent=983"}],"wp:term":[{"taxonomy":"product_brand","embeddable":true,"href":"https:\/\/bibliotecavigil.org.ar\/socios\/wp-json\/wp\/v2\/product_brand?post=983"},{"taxonomy":"product_cat","embeddable":true,"href":"https:\/\/bibliotecavigil.org.ar\/socios\/wp-json\/wp\/v2\/product_cat?post=983"},{"taxonomy":"product_tag","embeddable":true,"href":"https:\/\/bibliotecavigil.org.ar\/socios\/wp-json\/wp\/v2\/product_tag?post=983"}],"curies":[{"name":"wp","href":"https:\/\/api.w.org\/{rel}","templated":true}]}}